{"id":3209,"date":"2023-10-12T03:58:12","date_gmt":"2023-10-12T02:58:12","guid":{"rendered":"https:\/\/angloed.com\/por-que-ponerse-en-contacto-con-aes-para-encontrar-escuelas-adecuadas\/"},"modified":"2025-10-09T14:34:58","modified_gmt":"2025-10-09T13:34:58","slug":"por-que-ponerse-en-contacto-con-aes-para-encontrar-escuelas-adecuadas","status":"publish","type":"page","link":"https:\/\/angloed.com\/es\/por-que-ponerse-en-contacto-con-aes-para-encontrar-escuelas-adecuadas\/","title":{"rendered":"\u00bfPor qu\u00e9 ponerse en contacto con AES para encontrar escuelas adecuadas?"},"content":{"rendered":"<div class=\"fusion-fullwidth fullwidth-box fusion-builder-row-1 fusion-flex-container nonhundred-percent-fullwidth non-hundred-percent-height-scrolling\" style=\"--awb-border-radius-top-left:0px;--awb-border-radius-top-right:0px;--awb-border-radius-bottom-right:0px;--awb-border-radius-bottom-left:0px;--awb-flex-wrap:wrap;\" ><div class=\"fusion-builder-row fusion-row fusion-flex-align-items-flex-start fusion-flex-content-wrap\" style=\"max-width:1331.2px;margin-left: calc(-4% \/ 2 );margin-right: calc(-4% \/ 2 );\"><div class=\"fusion-layout-column fusion_builder_column fusion-builder-column-0 fusion_builder_column_1_3 1_3 fusion-flex-column\" style=\"--awb-bg-size:cover;--awb-width-large:33.333333333333%;--awb-margin-top-large:10px;--awb-spacing-right-large:5.76%;--awb-margin-bottom-large:10px;--awb-spacing-left-large:5.76%;--awb-width-medium:100%;--awb-order-medium:0;--awb-spacing-right-medium:1.92%;--awb-spacing-left-medium:1.92%;--awb-width-small:100%;--awb-order-small:0;--awb-spacing-right-small:1.92%;--awb-spacing-left-small:1.92%;\"><div class=\"fusion-column-wrapper fusion-column-has-shadow fusion-flex-justify-content-flex-start fusion-content-layout-column\"><div class=\"fusion-text fusion-text-1\"><h2 data-pm-slice=\"1 1 &#091;&#093;\">Un servicio educativo con una orientaci\u00f3n experta inigualable<\/h2>\n<p>Como la principal agencia educativa del Reino Unido, estamos aqu\u00ed para ayudarle a elegir la <a href=\"https:\/\/en.wikipedia.org\/wiki\/Private_schools_in_the_United_Kingdom\" target=\"_blank\" rel=\"noopener\">escuela adecuada<\/a> para su hijo. Elegir la escuela adecuada para usted o su hijo es una decisi\u00f3n importante que puede tener un impacto significativo en la trayectoria educativa y las perspectivas de futuro. El proceso de b\u00fasqueda puede ser abrumador, especialmente al considerar factores como la ubicaci\u00f3n, el plan de estudios, las actividades extracurriculares y los requisitos de admisi\u00f3n.<\/p>\n<p>Con m\u00e1s de 20 a\u00f1os de experiencia, Anglo Education Services (AES) se ha convertido en un valioso aliado en este empe\u00f1o. En este art\u00edculo, exploraremos las razones por las que utilizar nuestra agencia para encontrar escuelas adecuadas es una sabia elecci\u00f3n como visi\u00f3n de la educaci\u00f3n para los estudiantes y sus familias.<\/p>\n<\/div><\/div><\/div><div class=\"fusion-layout-column fusion_builder_column fusion-builder-column-1 fusion_builder_column_2_3 2_3 fusion-flex-column\" style=\"--awb-bg-size:cover;--awb-width-large:66.666666666667%;--awb-margin-top-large:10px;--awb-spacing-right-large:2.88%;--awb-margin-bottom-large:10px;--awb-spacing-left-large:2.88%;--awb-width-medium:100%;--awb-order-medium:0;--awb-spacing-right-medium:1.92%;--awb-spacing-left-medium:1.92%;--awb-width-small:100%;--awb-order-small:0;--awb-spacing-right-small:1.92%;--awb-spacing-left-small:1.92%;\"><div class=\"fusion-column-wrapper fusion-column-has-shadow fusion-flex-justify-content-flex-start fusion-content-layout-column\"><div class=\"fusion-image-element \" style=\"--awb-caption-title-font-family:var(--h2_typography-font-family);--awb-caption-title-font-weight:var(--h2_typography-font-weight);--awb-caption-title-font-style:var(--h2_typography-font-style);--awb-caption-title-size:var(--h2_typography-font-size);--awb-caption-title-transform:var(--h2_typography-text-transform);--awb-caption-title-line-height:var(--h2_typography-line-height);--awb-caption-title-letter-spacing:var(--h2_typography-letter-spacing);\"><span class=\" fusion-imageframe imageframe-none imageframe-1 hover-type-none\"><img fetchpriority=\"high\" fetchpriority=\"high\" decoding=\"async\" width=\"1944\" height=\"1296\" title=\"servicio educativo orientacion experta\" src=\"https:\/\/angloed.com\/wp-content\/uploads\/2025\/10\/servicio-educativo-orientacion-experta.jpg\" data-orig-src=\"https:\/\/angloed.com\/wp-content\/uploads\/2025\/10\/servicio-educativo-orientacion-experta.jpg\" alt class=\"lazyload img-responsive wp-image-3718\" srcset=\"data:image\/svg+xml,%3Csvg%20xmlns%3D%27http%3A%2F%2Fwww.w3.org%2F2000%2Fsvg%27%20width%3D%271944%27%20height%3D%271296%27%20viewBox%3D%270%200%201944%201296%27%3E%3Crect%20width%3D%271944%27%20height%3D%271296%27%20fill-opacity%3D%220%22%2F%3E%3C%2Fsvg%3E\" data-srcset=\"https:\/\/angloed.com\/wp-content\/uploads\/2025\/10\/servicio-educativo-orientacion-experta-200x133.jpg 200w, https:\/\/angloed.com\/wp-content\/uploads\/2025\/10\/servicio-educativo-orientacion-experta-400x267.jpg 400w, https:\/\/angloed.com\/wp-content\/uploads\/2025\/10\/servicio-educativo-orientacion-experta-600x400.jpg 600w, https:\/\/angloed.com\/wp-content\/uploads\/2025\/10\/servicio-educativo-orientacion-experta-800x533.jpg 800w, https:\/\/angloed.com\/wp-content\/uploads\/2025\/10\/servicio-educativo-orientacion-experta-1200x800.jpg 1200w, https:\/\/angloed.com\/wp-content\/uploads\/2025\/10\/servicio-educativo-orientacion-experta.jpg 1944w\" data-sizes=\"auto\" data-orig-sizes=\"(max-width: 1024px) 100vw, (max-width: 640px) 100vw, 1200px\" \/><\/span><\/div><\/div><\/div><div class=\"fusion-layout-column fusion_builder_column fusion-builder-column-2 fusion_builder_column_1_1 1_1 fusion-flex-column\" style=\"--awb-bg-size:cover;--awb-width-large:100%;--awb-margin-top-large:0px;--awb-spacing-right-large:1.92%;--awb-margin-bottom-large:0px;--awb-spacing-left-large:1.92%;--awb-width-medium:100%;--awb-spacing-right-medium:1.92%;--awb-spacing-left-medium:1.92%;--awb-width-small:100%;--awb-spacing-right-small:1.92%;--awb-spacing-left-small:1.92%;\"><div class=\"fusion-column-wrapper fusion-flex-justify-content-flex-start fusion-content-layout-column\"><div class=\"fusion-text fusion-text-2\"><h3>Habilidades y orientaci\u00f3n<\/h3>\n<p>Una de las principales ventajas de trabajar con nosotros es la experiencia y la orientaci\u00f3n docente que proporcionamos. AES cuenta con profesionales experimentados que conocen bien las complejidades de la ense\u00f1anza y el sistema educativo.<\/p>\n<p>Tenemos un conocimiento profundo de varias escuelas, colegios y universidades. Incluidos sus procesos de admisi\u00f3n, planes de estudio, profesorado e instalaciones. La experiencia de nuestra agencia de ense\u00f1anza nos permite ofrecer recomendaciones personalizadas basadas en los objetivos acad\u00e9micos, los intereses y el presupuesto de cada estudiante.<\/p>\n<h3>Amplia red de escuelas<\/h3>\n<p>Tenemos una amplia red de b\u00fasqueda y colaboraciones con instituciones educativas en el Reino Unido. Esto significa que podemos proporcionar acceso a una gama m\u00e1s amplia de opciones de ense\u00f1anza de lo que un individuo podr\u00eda descubrir por s\u00ed solo.<\/p>\n<p>Tanto si busca escuelas locales como internacionales, podemos conectarle con escuelas que se ajusten a sus preferencias y aspiraciones.<\/p>\n<h3>Recomendaciones de ense\u00f1anza<\/h3>\n<p>Cada estudiante es \u00fanico, con fortalezas, debilidades y aspiraciones individuales. En AES, reconocemos esto y adaptamos nuestras recomendaciones en consecuencia. Mediante la realizaci\u00f3n de evaluaciones y la comprensi\u00f3n de los objetivos acad\u00e9micos y personales de un estudiante, proporcionaremos una lista de escuelas que mejor se adapten a sus necesidades.<\/p>\n<p>Este enfoque personalizado garantiza que los estudiantes no solo sean colocados en cualquier entorno educativo, sino en uno que se adapte a sus necesidades y ambiciones.<\/p>\n<h3>Proceso de solicitud simplificado<\/h3>\n<p>Navegar por el proceso de solicitud puede ser una tarea desalentadora, especialmente cuando se solicita plaza en varias escuelas o universidades. En AES, agilizamos este proceso guiando a los estudiantes en cada paso, desde la cumplimentaci\u00f3n de los formularios de solicitud hasta la preparaci\u00f3n de las entrevistas y los ex\u00e1menes. Ayudamos a los estudiantes a recopilar todos los documentos necesarios, garantizando que las solicitudes se presenten de forma precisa y a tiempo.<\/p>\n<h3>Acceso a becas y ayuda financiera<\/h3>\n<p>La financiaci\u00f3n de la educaci\u00f3n puede ser una preocupaci\u00f3n importante para muchas familias. En AES, conocemos bien las oportunidades de becas y ayuda financiera disponibles en el Departamento de Educaci\u00f3n y en diferentes instituciones.<\/p>\n<p>Ayudaremos a los estudiantes a identificar las becas para las que son elegibles y les ayudaremos a preparar solicitudes s\u00f3lidas para aumentar sus posibilidades de obtener apoyo financiero.<\/p>\n<h3>Apoyo y defensa continuos<\/h3>\n<p>En AES, no nos limitamos a ayudar a los estudiantes a obtener la admisi\u00f3n. Proporcionamos apoyo continuo a lo largo de la trayectoria acad\u00e9mica. Este apoyo puede incluir asistencia con la selecci\u00f3n de cursos y la educaci\u00f3n superior.<\/p>\n<p>Podemos ayudar a resolver cualquier problema o preocupaci\u00f3n que surja durante la estancia de un estudiante en la instituci\u00f3n elegida. Somos defensores de los estudiantes, garantizando que su experiencia educativa sea fluida y exitosa.<\/p>\n<h3>Educaci\u00f3n cultural y apoyo ling\u00fc\u00edstico<\/h3>\n<p>Cuando los estudiantes estudian en un pa\u00eds extranjero, pueden enfrentarse a barreras ling\u00fc\u00edsticas y culturales. Proporcionaremos orientaci\u00f3n sobre los requisitos de dominio del idioma y ofreceremos programas de orientaci\u00f3n cultural. De este modo, facilitaremos la transici\u00f3n a un nuevo entorno educativo y de ense\u00f1anza. Nuestro apoyo ayuda a los estudiantes a adaptarse m\u00e1s r\u00e1pidamente y a sentirse c\u00f3modos en su nuevo entorno.<\/p>\n<h3>Agencia educativa que ofrece tranquilidad<\/h3>\n<p>Quiz\u00e1s uno de los beneficios m\u00e1s significativos de utilizar AES es la tranquilidad que aporta a los estudiantes y a sus familias. Saber que profesionales experimentados se encargan de los aspectos complejos del proceso de selecci\u00f3n y solicitud de la escuela permite a los estudiantes y a los padres centrarse en sus objetivos educativos sin el estr\u00e9s y la ansiedad que suelen acompa\u00f1ar a tales decisiones.<\/p>\n<h3>Para resumir<\/h3>\n<p>Elegir la escuela adecuada es una decisi\u00f3n fundamental que puede determinar el futuro de un estudiante. En AES, actuamos como socios inestimables en este viaje, proporcionando experiencia y orientaci\u00f3n personalizada. Tenemos acceso a una amplia gama de oportunidades educativas en el sistema educativo del Reino Unido. Desde la simplificaci\u00f3n del proceso de solicitud hasta la oferta de apoyo a lo largo de la trayectoria acad\u00e9mica de un estudiante.<\/p>\n<p>Ofrecemos numerosas ventajas que hacen que el proceso de b\u00fasqueda de establecimientos educativos adecuados sea m\u00e1s eficiente y menos estresante. En un mundo donde la educaci\u00f3n es cada vez m\u00e1s competitiva y compleja. Utilizar nuestro servicio profesional es la oportunidad de desbloquear un futuro m\u00e1s brillante a trav\u00e9s de las puertas de las escuelas del Reino Unido y los establecimientos educativos adecuados.<\/p>\n<h4>Proporcionamos asesoramiento GRATUITO e imparcial a estudiantes y familias de todo el mundo, p\u00f3ngase en contacto con nosotros hoy mismo.<\/h4>\n<p style=\"text-align: center;\"><a href=\"https:\/\/angloed.com\/admissions-to-boarding-schools-in-the-uk\/\"><button class=\"button button1\">Cont\u00e1ctenos<\/button><\/a><\/p>\n<\/div><\/div><\/div><\/div><\/div>\n","protected":false},"excerpt":{"rendered":"","protected":false},"author":4,"featured_media":0,"parent":0,"menu_order":0,"comment_status":"closed","ping_status":"closed","template":"","meta":{"_monsterinsights_skip_tracking":false,"_monsterinsights_sitenote_active":false,"_monsterinsights_sitenote_note":"","_monsterinsights_sitenote_category":0,"iawp_total_views":11,"footnotes":""},"class_list":["post-3209","page","type-page","status-publish","hentry"],"yoast_head":"<!-- This site is optimized with the Yoast SEO plugin v27.3 - https:\/\/yoast.com\/product\/yoast-seo-wordpress\/ -->\n<title>\u00bfPor qu\u00e9 ponerse en contacto con AES para encontrar escuelas adecuadas? - Anglo Education<\/title>\n<meta name=\"description\" content=\"Agencia educativa l\u00edder: le ayudamos a elegir la escuela ideal.\" \/>\n<meta name=\"robots\" content=\"index, follow, max-snippet:-1, max-image-preview:large, max-video-preview:-1\" \/>\n<link rel=\"canonical\" href=\"https:\/\/angloed.com\/es\/por-que-ponerse-en-contacto-con-aes-para-encontrar-escuelas-adecuadas\/\" \/>\n<meta property=\"og:locale\" content=\"es_ES\" \/>\n<meta property=\"og:type\" content=\"article\" \/>\n<meta property=\"og:title\" content=\"\u00bfPor qu\u00e9 ponerse en contacto con AES para encontrar escuelas adecuadas? - Anglo Education\" \/>\n<meta property=\"og:description\" content=\"Agencia educativa l\u00edder: le ayudamos a elegir la escuela ideal.\" \/>\n<meta property=\"og:url\" content=\"https:\/\/angloed.com\/es\/por-que-ponerse-en-contacto-con-aes-para-encontrar-escuelas-adecuadas\/\" \/>\n<meta property=\"og:site_name\" content=\"Anglo Education\" \/>\n<meta property=\"article:publisher\" content=\"https:\/\/www.facebook.com\/AngloEducation\/\" \/>\n<meta property=\"article:modified_time\" content=\"2025-10-09T13:34:58+00:00\" \/>\n<meta name=\"twitter:card\" content=\"summary_large_image\" \/>\n<meta name=\"twitter:label1\" content=\"Tiempo de lectura\" \/>\n\t<meta name=\"twitter:data1\" content=\"5 minutos\" \/>\n<script type=\"application\/ld+json\" class=\"yoast-schema-graph\">{\"@context\":\"https:\\\/\\\/schema.org\",\"@graph\":[{\"@type\":\"WebPage\",\"@id\":\"https:\\\/\\\/angloed.com\\\/es\\\/por-que-ponerse-en-contacto-con-aes-para-encontrar-escuelas-adecuadas\\\/\",\"url\":\"https:\\\/\\\/angloed.com\\\/es\\\/por-que-ponerse-en-contacto-con-aes-para-encontrar-escuelas-adecuadas\\\/\",\"name\":\"\u00bfPor qu\u00e9 ponerse en contacto con AES para encontrar escuelas adecuadas? - Anglo Education\",\"isPartOf\":{\"@id\":\"https:\\\/\\\/angloed.com\\\/es\\\/#website\"},\"datePublished\":\"2023-10-12T02:58:12+00:00\",\"dateModified\":\"2025-10-09T13:34:58+00:00\",\"description\":\"Agencia educativa l\u00edder: le ayudamos a elegir la escuela ideal.\",\"breadcrumb\":{\"@id\":\"https:\\\/\\\/angloed.com\\\/es\\\/por-que-ponerse-en-contacto-con-aes-para-encontrar-escuelas-adecuadas\\\/#breadcrumb\"},\"inLanguage\":\"es\",\"potentialAction\":[{\"@type\":\"ReadAction\",\"target\":[\"https:\\\/\\\/angloed.com\\\/es\\\/por-que-ponerse-en-contacto-con-aes-para-encontrar-escuelas-adecuadas\\\/\"]}]},{\"@type\":\"BreadcrumbList\",\"@id\":\"https:\\\/\\\/angloed.com\\\/es\\\/por-que-ponerse-en-contacto-con-aes-para-encontrar-escuelas-adecuadas\\\/#breadcrumb\",\"itemListElement\":[{\"@type\":\"ListItem\",\"position\":1,\"name\":\"Inicio\",\"item\":\"https:\\\/\\\/angloed.com\\\/es\\\/\"},{\"@type\":\"ListItem\",\"position\":2,\"name\":\"\u00bfPor qu\u00e9 ponerse en contacto con AES para encontrar escuelas adecuadas?\"}]},{\"@type\":\"WebSite\",\"@id\":\"https:\\\/\\\/angloed.com\\\/es\\\/#website\",\"url\":\"https:\\\/\\\/angloed.com\\\/es\\\/\",\"name\":\"Anglo Education Services\",\"description\":\"A Path to English Education\",\"publisher\":{\"@id\":\"https:\\\/\\\/angloed.com\\\/es\\\/#organization\"},\"potentialAction\":[{\"@type\":\"SearchAction\",\"target\":{\"@type\":\"EntryPoint\",\"urlTemplate\":\"https:\\\/\\\/angloed.com\\\/es\\\/?s={search_term_string}\"},\"query-input\":{\"@type\":\"PropertyValueSpecification\",\"valueRequired\":true,\"valueName\":\"search_term_string\"}}],\"inLanguage\":\"es\"},{\"@type\":\"Organization\",\"@id\":\"https:\\\/\\\/angloed.com\\\/es\\\/#organization\",\"name\":\"Anglo Education\",\"url\":\"https:\\\/\\\/angloed.com\\\/es\\\/\",\"logo\":{\"@type\":\"ImageObject\",\"inLanguage\":\"es\",\"@id\":\"https:\\\/\\\/angloed.com\\\/es\\\/#\\\/schema\\\/logo\\\/image\\\/\",\"url\":\"https:\\\/\\\/angloed.com\\\/wp-content\\\/uploads\\\/2022\\\/01\\\/Anglo-Education-Logo-2021-2-2.png\",\"contentUrl\":\"https:\\\/\\\/angloed.com\\\/wp-content\\\/uploads\\\/2022\\\/01\\\/Anglo-Education-Logo-2021-2-2.png\",\"width\":1063,\"height\":1063,\"caption\":\"Anglo Education\"},\"image\":{\"@id\":\"https:\\\/\\\/angloed.com\\\/es\\\/#\\\/schema\\\/logo\\\/image\\\/\"},\"sameAs\":[\"https:\\\/\\\/www.facebook.com\\\/AngloEducation\\\/\"]}]}<\/script>\n<!-- \/ Yoast SEO plugin. -->","yoast_head_json":{"title":"\u00bfPor qu\u00e9 ponerse en contacto con AES para encontrar escuelas adecuadas? - Anglo Education","description":"Agencia educativa l\u00edder: le ayudamos a elegir la escuela ideal.","robots":{"index":"index","follow":"follow","max-snippet":"max-snippet:-1","max-image-preview":"max-image-preview:large","max-video-preview":"max-video-preview:-1"},"canonical":"https:\/\/angloed.com\/es\/por-que-ponerse-en-contacto-con-aes-para-encontrar-escuelas-adecuadas\/","og_locale":"es_ES","og_type":"article","og_title":"\u00bfPor qu\u00e9 ponerse en contacto con AES para encontrar escuelas adecuadas? - Anglo Education","og_description":"Agencia educativa l\u00edder: le ayudamos a elegir la escuela ideal.","og_url":"https:\/\/angloed.com\/es\/por-que-ponerse-en-contacto-con-aes-para-encontrar-escuelas-adecuadas\/","og_site_name":"Anglo Education","article_publisher":"https:\/\/www.facebook.com\/AngloEducation\/","article_modified_time":"2025-10-09T13:34:58+00:00","twitter_card":"summary_large_image","twitter_misc":{"Tiempo de lectura":"5 minutos"},"schema":{"@context":"https:\/\/schema.org","@graph":[{"@type":"WebPage","@id":"https:\/\/angloed.com\/es\/por-que-ponerse-en-contacto-con-aes-para-encontrar-escuelas-adecuadas\/","url":"https:\/\/angloed.com\/es\/por-que-ponerse-en-contacto-con-aes-para-encontrar-escuelas-adecuadas\/","name":"\u00bfPor qu\u00e9 ponerse en contacto con AES para encontrar escuelas adecuadas? - Anglo Education","isPartOf":{"@id":"https:\/\/angloed.com\/es\/#website"},"datePublished":"2023-10-12T02:58:12+00:00","dateModified":"2025-10-09T13:34:58+00:00","description":"Agencia educativa l\u00edder: le ayudamos a elegir la escuela ideal.","breadcrumb":{"@id":"https:\/\/angloed.com\/es\/por-que-ponerse-en-contacto-con-aes-para-encontrar-escuelas-adecuadas\/#breadcrumb"},"inLanguage":"es","potentialAction":[{"@type":"ReadAction","target":["https:\/\/angloed.com\/es\/por-que-ponerse-en-contacto-con-aes-para-encontrar-escuelas-adecuadas\/"]}]},{"@type":"BreadcrumbList","@id":"https:\/\/angloed.com\/es\/por-que-ponerse-en-contacto-con-aes-para-encontrar-escuelas-adecuadas\/#breadcrumb","itemListElement":[{"@type":"ListItem","position":1,"name":"Inicio","item":"https:\/\/angloed.com\/es\/"},{"@type":"ListItem","position":2,"name":"\u00bfPor qu\u00e9 ponerse en contacto con AES para encontrar escuelas adecuadas?"}]},{"@type":"WebSite","@id":"https:\/\/angloed.com\/es\/#website","url":"https:\/\/angloed.com\/es\/","name":"Anglo Education Services","description":"A Path to English Education","publisher":{"@id":"https:\/\/angloed.com\/es\/#organization"},"potentialAction":[{"@type":"SearchAction","target":{"@type":"EntryPoint","urlTemplate":"https:\/\/angloed.com\/es\/?s={search_term_string}"},"query-input":{"@type":"PropertyValueSpecification","valueRequired":true,"valueName":"search_term_string"}}],"inLanguage":"es"},{"@type":"Organization","@id":"https:\/\/angloed.com\/es\/#organization","name":"Anglo Education","url":"https:\/\/angloed.com\/es\/","logo":{"@type":"ImageObject","inLanguage":"es","@id":"https:\/\/angloed.com\/es\/#\/schema\/logo\/image\/","url":"https:\/\/angloed.com\/wp-content\/uploads\/2022\/01\/Anglo-Education-Logo-2021-2-2.png","contentUrl":"https:\/\/angloed.com\/wp-content\/uploads\/2022\/01\/Anglo-Education-Logo-2021-2-2.png","width":1063,"height":1063,"caption":"Anglo Education"},"image":{"@id":"https:\/\/angloed.com\/es\/#\/schema\/logo\/image\/"},"sameAs":["https:\/\/www.facebook.com\/AngloEducation\/"]}]}},"_links":{"self":[{"href":"https:\/\/angloed.com\/es\/wp-json\/wp\/v2\/pages\/3209","targetHints":{"allow":["GET"]}}],"collection":[{"href":"https:\/\/angloed.com\/es\/wp-json\/wp\/v2\/pages"}],"about":[{"href":"https:\/\/angloed.com\/es\/wp-json\/wp\/v2\/types\/page"}],"author":[{"embeddable":true,"href":"https:\/\/angloed.com\/es\/wp-json\/wp\/v2\/users\/4"}],"replies":[{"embeddable":true,"href":"https:\/\/angloed.com\/es\/wp-json\/wp\/v2\/comments?post=3209"}],"version-history":[{"count":5,"href":"https:\/\/angloed.com\/es\/wp-json\/wp\/v2\/pages\/3209\/revisions"}],"predecessor-version":[{"id":3720,"href":"https:\/\/angloed.com\/es\/wp-json\/wp\/v2\/pages\/3209\/revisions\/3720"}],"wp:attachment":[{"href":"https:\/\/angloed.com\/es\/wp-json\/wp\/v2\/media?parent=3209"}],"curies":[{"name":"wp","href":"https:\/\/api.w.org\/{rel}","templated":true}]}}