{"id":3231,"date":"2023-09-05T05:45:51","date_gmt":"2023-09-05T04:45:51","guid":{"rendered":"https:\/\/angloed.com\/guia-para-elegir-internados-ingleses-para-su-hijo\/"},"modified":"2025-10-13T11:01:00","modified_gmt":"2025-10-13T10:01:00","slug":"guia-para-elegir-internados-ingleses-para-su-hijo","status":"publish","type":"page","link":"https:\/\/angloed.com\/es\/guia-para-elegir-internados-ingleses-para-su-hijo\/","title":{"rendered":"Elegir un internado ingl\u00e9s para su hijo"},"content":{"rendered":"<p><img fetchpriority=\"high\" decoding=\"async\" class=\"lazyload size-full wp-image-2795 aligncenter\" src=\"https:\/\/angloed.com\/wp-content\/uploads\/2022\/01\/summer-tasis-4.jpg\" data-orig-src=\"https:\/\/angloed.com\/wp-content\/uploads\/2022\/01\/summer-tasis-4.jpg\" alt=\"internados ingleses \" width=\"1440\" height=\"440\" srcset=\"data:image\/svg+xml,%3Csvg%20xmlns%3D%27http%3A%2F%2Fwww.w3.org%2F2000%2Fsvg%27%20width%3D%271440%27%20height%3D%27440%27%20viewBox%3D%270%200%201440%20440%27%3E%3Crect%20width%3D%271440%27%20height%3D%27440%27%20fill-opacity%3D%220%22%2F%3E%3C%2Fsvg%3E\" data-srcset=\"https:\/\/angloed.com\/wp-content\/uploads\/2022\/01\/summer-tasis-4-200x61.jpg 200w, https:\/\/angloed.com\/wp-content\/uploads\/2022\/01\/summer-tasis-4-300x92.jpg 300w, https:\/\/angloed.com\/wp-content\/uploads\/2022\/01\/summer-tasis-4-400x122.jpg 400w, https:\/\/angloed.com\/wp-content\/uploads\/2022\/01\/summer-tasis-4-600x183.jpg 600w, https:\/\/angloed.com\/wp-content\/uploads\/2022\/01\/summer-tasis-4-768x235.jpg 768w, https:\/\/angloed.com\/wp-content\/uploads\/2022\/01\/summer-tasis-4-800x244.jpg 800w, https:\/\/angloed.com\/wp-content\/uploads\/2022\/01\/summer-tasis-4-1024x313.jpg 1024w, https:\/\/angloed.com\/wp-content\/uploads\/2022\/01\/summer-tasis-4-1200x367.jpg 1200w, https:\/\/angloed.com\/wp-content\/uploads\/2022\/01\/summer-tasis-4.jpg 1440w\" data-sizes=\"auto\" data-orig-sizes=\"(max-width: 1440px) 100vw, 1440px\" \/><\/p>\n<p>&nbsp;<\/p>\n<h2 data-pm-slice=\"1 1 []\">Factores a tener en cuenta al elegir un internado ingl\u00e9s<\/h2>\n<p>Los <a href=\"https:\/\/en.wikipedia.org\/wiki\/Boarding_school\" target=\"_blank\" rel=\"noopener\">internados<\/a> ingleses son famosos desde hace mucho tiempo por su excelencia. Los internados brit\u00e1nicos ofrecen una educaci\u00f3n integral y fomentan el crecimiento personal. Encontrar los mejores internados del Reino Unido que se adapten a sus necesidades puede ser una tarea desalentadora con tantos factores a tener en cuenta. Con tantos colegios excelentes en el Reino Unido, Anglo Education Services tiene la experiencia necesaria para ayudarle a seleccionar el colegio perfecto.   <\/p>\n<p>En este art\u00edculo, exploraremos los factores a tener en cuenta durante el proceso de selecci\u00f3n de colegios en el Reino Unido. Estos son todos los pasos esenciales para garantizar una experiencia exitosa y enriquecedora para su hijo en el colegio. <\/p>\n<h3>Presentaci\u00f3n.<\/h3>\n<p>En Anglo Education Services, contamos con un equipo de asesores educativos experimentados que comprenden la importancia de la educaci\u00f3n. Visitan internados independientes, analizando y evaluando las ofertas acad\u00e9micas de cada colegio. Incluyendo actividades de internado como instalaciones deportivas, bibliotecas e instalaciones art\u00edsticas.  <\/p>\n<p>Tanto si necesita informaci\u00f3n sobre un internado de d\u00eda, residencias de estudiantes, universidades o una lista de internados de \u00e9lite, los miembros de nuestro equipo experimentado le ayudar\u00e1n.<\/p>\n<p>Tenemos un amplio conocimiento del sistema educativo brit\u00e1nico y experiencia en este campo. Esto nos permite guiar con \u00e9xito a nuestros clientes a trav\u00e9s del proceso y producir resultados para estudiantes locales e internacionales de todo el mundo. <\/p>\n<h2>Las ventajas de los internados del Reino Unido<\/h2>\n<p>Una de las principales razones por las que los padres eligen internados en el Reino Unido para sus hijos es el \u00e9nfasis en la excelencia acad\u00e9mica. Se centran en clases peque\u00f1as y en la atenci\u00f3n individualizada de profesores experimentados. Esto permite a los estudiantes prosperar y alcanzar su m\u00e1ximo potencial acad\u00e9mico en el colegio.  <\/p>\n<p>La vida en un internado inculca independencia y autosuficiencia en los estudiantes. Vivir fuera de casa le ense\u00f1a a su hijo a gestionar su tiempo, sus responsabilidades y su bienestar personal, lo que se traduce en una mayor confianza y adaptabilidad. <\/p>\n<h2>Selecci\u00f3n del mejor internado para su hijo<\/h2>\n<p>Elegir los mejores internados para su hijo es una decisi\u00f3n importante. Esto puede tener un profundo impacto en su desarrollo acad\u00e9mico, personal y social. Realizamos una investigaci\u00f3n exhaustiva de cada colegio, todos los cuales resuenan con los intereses de su hijo y cumplen los criterios para que coincidan con el perfil de su hijo.  <\/p>\n<p>Identificar las cualidades \u00fanicas de su hijo garantiza que, a trav\u00e9s de nuestra experiencia y orientaci\u00f3n, seleccione un colegio que se ajuste a sus necesidades individuales. Confiar en sus instintos es esencial para encontrar el ajuste perfecto para su trayectoria educativa, ya que nadie conoce a su hijo mejor que usted. <\/p>\n<h2>Factores a tener en cuenta al elegir un internado en el Reino Unido<\/h2>\n<p>Elegir un colegio implica tener en cuenta factores como la excelencia acad\u00e9mica, el tama\u00f1o, la ubicaci\u00f3n y las opciones de internado. Tambi\u00e9n es importante tener en cuenta aspectos como las actividades extraescolares, la atenci\u00f3n pastoral, la comunicaci\u00f3n entre padres y profesores y las consideraciones financieras.  <\/p>\n<p><strong>Excelencia acad\u00e9mica y plan de estudios<\/strong><\/p>\n<p>Busque internados ingleses con un s\u00f3lido historial acad\u00e9mico, excelentes resultados en los ex\u00e1menes y un plan de estudios exigente. Un colegio con un fuerte \u00e9nfasis en el pensamiento cr\u00edtico y una amplia gama de asignaturas se adaptar\u00e1 mejor a sus necesidades. <\/p>\n<p><strong>Instalaciones y recursos<\/strong><\/p>\n<p>Un buen colegio incluir\u00e1 recursos acad\u00e9micos, instalaciones deportivas, bibliotecas e instalaciones art\u00edsticas. Unas instalaciones de alta calidad mejoran la experiencia de aprendizaje general. <\/p>\n<p><strong>Filosof\u00eda y valores educativos<\/strong><\/p>\n<p>Compruebe si el colegio tiene una filosof\u00eda y unos valores educativos que se ajusten a las creencias y objetivos de su familia para la educaci\u00f3n de su hijo.<\/p>\n<p><strong>Atenci\u00f3n pastoral y bienestar del estudiante<\/strong><\/p>\n<p>La atenci\u00f3n pastoral y el bienestar del estudiante en un entorno de apoyo y enriquecedor son cruciales para el desarrollo emocional y social de su hijo.<\/p>\n<p><strong>Consideraciones financieras <\/strong><\/p>\n<p>Comprenda las tasas del internado y cualquier coste adicional. Esto es importante para saber si el coste del colegio se ajusta a su presupuesto. <\/p>\n<p><strong>Involucre a su hijo en la decisi\u00f3n<\/strong><\/p>\n<p>Incluya a su hijo en el proceso de toma de decisiones del colegio. Comente sus preferencias, preocupaciones y aspiraciones sobre la asistencia a un colegio en particular. <\/p>\n<h2>Preparar a su hijo para una transici\u00f3n exitosa a un colegio<\/h2>\n<p>Preparar a su hijo para una transici\u00f3n exitosa a un internado brit\u00e1nico implica crear una mentalidad positiva sobre el colegio. Recomendamos establecer una rutina, fomentar la independencia y las habilidades de autoayuda, como socializar con los compa\u00f1eros, practicar la separaci\u00f3n, etiquetar las pertenencias y hablar de las emociones. Estos pasos contribuyen en gran medida a preparar a su hijo para una transici\u00f3n completa al internado en el Reino Unido.  <\/p>\n<p><em>Anglo Education Services le ayudar\u00e1 a tomar una decisi\u00f3n informada. Todo ello proporcionar\u00e1 a su hijo una experiencia educativa transformadora que fomente el crecimiento acad\u00e9mico y personal.  <\/em><\/p>\n<p><strong><em>Para obtener m\u00e1s informaci\u00f3n sobre nuestros servicios y c\u00f3mo le ayudaremos a seleccionar el colegio perfecto, p\u00f3ngase en contacto con nosotros hoy mismo. <\/em><\/strong><\/p>\n<p>&nbsp;<\/p>\n<p style=\"text-align: center;\"><a href=\"https:\/\/angloed.com\/es\/contacte-con-nosotros-y-presente-su-solicitud\/\"><button class=\"button button1\">Cont\u00e1ctenos<\/button><\/a><\/p>\n<p>&nbsp;<\/p>\n","protected":false},"excerpt":{"rendered":"<p>&nbsp; Factores a tener en cuenta al elegir un internado ingl\u00e9s Los internados ingleses son famosos desde hace mucho tiempo por su excelencia. Los internados brit\u00e1nicos <a href=\"https:\/\/angloed.com\/es\/guia-para-elegir-internados-ingleses-para-su-hijo\/\"> [&#8230;]<\/a><\/p>\n","protected":false},"author":4,"featured_media":0,"parent":0,"menu_order":0,"comment_status":"closed","ping_status":"closed","template":"","meta":{"_monsterinsights_skip_tracking":false,"_monsterinsights_sitenote_active":false,"_monsterinsights_sitenote_note":"","_monsterinsights_sitenote_category":0,"iawp_total_views":6,"footnotes":""},"class_list":["post-3231","page","type-page","status-publish","hentry"],"yoast_head":"<!-- This site is optimized with the Yoast SEO plugin v27.3 - https:\/\/yoast.com\/product\/yoast-seo-wordpress\/ -->\n<title>Elegir un internado ingl\u00e9s para su hijo - Anglo Education<\/title>\n<meta name=\"description\" content=\"Los internados ingleses son famosos desde hace mucho tiempo por su excelencia. Los internados brit\u00e1nicos ofrecen una educaci\u00f3n integral\" \/>\n<meta name=\"robots\" content=\"index, follow, max-snippet:-1, max-image-preview:large, max-video-preview:-1\" \/>\n<link rel=\"canonical\" href=\"https:\/\/angloed.com\/es\/guia-para-elegir-internados-ingleses-para-su-hijo\/\" \/>\n<meta property=\"og:locale\" content=\"es_ES\" \/>\n<meta property=\"og:type\" content=\"article\" \/>\n<meta property=\"og:title\" content=\"Elegir un internado ingl\u00e9s para su hijo - Anglo Education\" \/>\n<meta property=\"og:description\" content=\"Los internados ingleses son famosos desde hace mucho tiempo por su excelencia. Los internados brit\u00e1nicos ofrecen una educaci\u00f3n integral\" \/>\n<meta property=\"og:url\" content=\"https:\/\/angloed.com\/es\/guia-para-elegir-internados-ingleses-para-su-hijo\/\" \/>\n<meta property=\"og:site_name\" content=\"Anglo Education\" \/>\n<meta property=\"article:publisher\" content=\"https:\/\/www.facebook.com\/AngloEducation\/\" \/>\n<meta property=\"article:modified_time\" content=\"2025-10-13T10:01:00+00:00\" \/>\n<meta property=\"og:image\" content=\"https:\/\/angloed.com\/wp-content\/uploads\/2022\/01\/summer-tasis-4.jpg\" \/>\n\t<meta property=\"og:image:width\" content=\"1440\" \/>\n\t<meta property=\"og:image:height\" content=\"440\" \/>\n\t<meta property=\"og:image:type\" content=\"image\/jpeg\" \/>\n<meta name=\"twitter:card\" content=\"summary_large_image\" \/>\n<meta name=\"twitter:label1\" content=\"Tiempo de lectura\" \/>\n\t<meta name=\"twitter:data1\" content=\"4 minutos\" \/>\n<script type=\"application\/ld+json\" class=\"yoast-schema-graph\">{\"@context\":\"https:\\\/\\\/schema.org\",\"@graph\":[{\"@type\":\"WebPage\",\"@id\":\"https:\\\/\\\/angloed.com\\\/es\\\/guia-para-elegir-internados-ingleses-para-su-hijo\\\/\",\"url\":\"https:\\\/\\\/angloed.com\\\/es\\\/guia-para-elegir-internados-ingleses-para-su-hijo\\\/\",\"name\":\"Elegir un internado ingl\u00e9s para su hijo - Anglo Education\",\"isPartOf\":{\"@id\":\"https:\\\/\\\/angloed.com\\\/es\\\/#website\"},\"primaryImageOfPage\":{\"@id\":\"https:\\\/\\\/angloed.com\\\/es\\\/guia-para-elegir-internados-ingleses-para-su-hijo\\\/#primaryimage\"},\"image\":{\"@id\":\"https:\\\/\\\/angloed.com\\\/es\\\/guia-para-elegir-internados-ingleses-para-su-hijo\\\/#primaryimage\"},\"thumbnailUrl\":\"https:\\\/\\\/angloed.com\\\/wp-content\\\/uploads\\\/2022\\\/01\\\/summer-tasis-4.jpg\",\"datePublished\":\"2023-09-05T04:45:51+00:00\",\"dateModified\":\"2025-10-13T10:01:00+00:00\",\"description\":\"Los internados ingleses son famosos desde hace mucho tiempo por su excelencia. Los internados brit\u00e1nicos ofrecen una educaci\u00f3n integral\",\"breadcrumb\":{\"@id\":\"https:\\\/\\\/angloed.com\\\/es\\\/guia-para-elegir-internados-ingleses-para-su-hijo\\\/#breadcrumb\"},\"inLanguage\":\"es\",\"potentialAction\":[{\"@type\":\"ReadAction\",\"target\":[\"https:\\\/\\\/angloed.com\\\/es\\\/guia-para-elegir-internados-ingleses-para-su-hijo\\\/\"]}]},{\"@type\":\"ImageObject\",\"inLanguage\":\"es\",\"@id\":\"https:\\\/\\\/angloed.com\\\/es\\\/guia-para-elegir-internados-ingleses-para-su-hijo\\\/#primaryimage\",\"url\":\"https:\\\/\\\/angloed.com\\\/wp-content\\\/uploads\\\/2022\\\/01\\\/summer-tasis-4.jpg\",\"contentUrl\":\"https:\\\/\\\/angloed.com\\\/wp-content\\\/uploads\\\/2022\\\/01\\\/summer-tasis-4.jpg\"},{\"@type\":\"BreadcrumbList\",\"@id\":\"https:\\\/\\\/angloed.com\\\/es\\\/guia-para-elegir-internados-ingleses-para-su-hijo\\\/#breadcrumb\",\"itemListElement\":[{\"@type\":\"ListItem\",\"position\":1,\"name\":\"Inicio\",\"item\":\"https:\\\/\\\/angloed.com\\\/es\\\/\"},{\"@type\":\"ListItem\",\"position\":2,\"name\":\"Elegir un internado ingl\u00e9s para su hijo\"}]},{\"@type\":\"WebSite\",\"@id\":\"https:\\\/\\\/angloed.com\\\/es\\\/#website\",\"url\":\"https:\\\/\\\/angloed.com\\\/es\\\/\",\"name\":\"Anglo Education Services\",\"description\":\"A Path to English Education\",\"publisher\":{\"@id\":\"https:\\\/\\\/angloed.com\\\/es\\\/#organization\"},\"potentialAction\":[{\"@type\":\"SearchAction\",\"target\":{\"@type\":\"EntryPoint\",\"urlTemplate\":\"https:\\\/\\\/angloed.com\\\/es\\\/?s={search_term_string}\"},\"query-input\":{\"@type\":\"PropertyValueSpecification\",\"valueRequired\":true,\"valueName\":\"search_term_string\"}}],\"inLanguage\":\"es\"},{\"@type\":\"Organization\",\"@id\":\"https:\\\/\\\/angloed.com\\\/es\\\/#organization\",\"name\":\"Anglo Education\",\"url\":\"https:\\\/\\\/angloed.com\\\/es\\\/\",\"logo\":{\"@type\":\"ImageObject\",\"inLanguage\":\"es\",\"@id\":\"https:\\\/\\\/angloed.com\\\/es\\\/#\\\/schema\\\/logo\\\/image\\\/\",\"url\":\"https:\\\/\\\/angloed.com\\\/wp-content\\\/uploads\\\/2022\\\/01\\\/Anglo-Education-Logo-2021-2-2.png\",\"contentUrl\":\"https:\\\/\\\/angloed.com\\\/wp-content\\\/uploads\\\/2022\\\/01\\\/Anglo-Education-Logo-2021-2-2.png\",\"width\":1063,\"height\":1063,\"caption\":\"Anglo Education\"},\"image\":{\"@id\":\"https:\\\/\\\/angloed.com\\\/es\\\/#\\\/schema\\\/logo\\\/image\\\/\"},\"sameAs\":[\"https:\\\/\\\/www.facebook.com\\\/AngloEducation\\\/\"]}]}<\/script>\n<!-- \/ Yoast SEO plugin. -->","yoast_head_json":{"title":"Elegir un internado ingl\u00e9s para su hijo - Anglo Education","description":"Los internados ingleses son famosos desde hace mucho tiempo por su excelencia. Los internados brit\u00e1nicos ofrecen una educaci\u00f3n integral","robots":{"index":"index","follow":"follow","max-snippet":"max-snippet:-1","max-image-preview":"max-image-preview:large","max-video-preview":"max-video-preview:-1"},"canonical":"https:\/\/angloed.com\/es\/guia-para-elegir-internados-ingleses-para-su-hijo\/","og_locale":"es_ES","og_type":"article","og_title":"Elegir un internado ingl\u00e9s para su hijo - Anglo Education","og_description":"Los internados ingleses son famosos desde hace mucho tiempo por su excelencia. Los internados brit\u00e1nicos ofrecen una educaci\u00f3n integral","og_url":"https:\/\/angloed.com\/es\/guia-para-elegir-internados-ingleses-para-su-hijo\/","og_site_name":"Anglo Education","article_publisher":"https:\/\/www.facebook.com\/AngloEducation\/","article_modified_time":"2025-10-13T10:01:00+00:00","og_image":[{"width":1440,"height":440,"url":"https:\/\/angloed.com\/wp-content\/uploads\/2022\/01\/summer-tasis-4.jpg","type":"image\/jpeg"}],"twitter_card":"summary_large_image","twitter_misc":{"Tiempo de lectura":"4 minutos"},"schema":{"@context":"https:\/\/schema.org","@graph":[{"@type":"WebPage","@id":"https:\/\/angloed.com\/es\/guia-para-elegir-internados-ingleses-para-su-hijo\/","url":"https:\/\/angloed.com\/es\/guia-para-elegir-internados-ingleses-para-su-hijo\/","name":"Elegir un internado ingl\u00e9s para su hijo - Anglo Education","isPartOf":{"@id":"https:\/\/angloed.com\/es\/#website"},"primaryImageOfPage":{"@id":"https:\/\/angloed.com\/es\/guia-para-elegir-internados-ingleses-para-su-hijo\/#primaryimage"},"image":{"@id":"https:\/\/angloed.com\/es\/guia-para-elegir-internados-ingleses-para-su-hijo\/#primaryimage"},"thumbnailUrl":"https:\/\/angloed.com\/wp-content\/uploads\/2022\/01\/summer-tasis-4.jpg","datePublished":"2023-09-05T04:45:51+00:00","dateModified":"2025-10-13T10:01:00+00:00","description":"Los internados ingleses son famosos desde hace mucho tiempo por su excelencia. Los internados brit\u00e1nicos ofrecen una educaci\u00f3n integral","breadcrumb":{"@id":"https:\/\/angloed.com\/es\/guia-para-elegir-internados-ingleses-para-su-hijo\/#breadcrumb"},"inLanguage":"es","potentialAction":[{"@type":"ReadAction","target":["https:\/\/angloed.com\/es\/guia-para-elegir-internados-ingleses-para-su-hijo\/"]}]},{"@type":"ImageObject","inLanguage":"es","@id":"https:\/\/angloed.com\/es\/guia-para-elegir-internados-ingleses-para-su-hijo\/#primaryimage","url":"https:\/\/angloed.com\/wp-content\/uploads\/2022\/01\/summer-tasis-4.jpg","contentUrl":"https:\/\/angloed.com\/wp-content\/uploads\/2022\/01\/summer-tasis-4.jpg"},{"@type":"BreadcrumbList","@id":"https:\/\/angloed.com\/es\/guia-para-elegir-internados-ingleses-para-su-hijo\/#breadcrumb","itemListElement":[{"@type":"ListItem","position":1,"name":"Inicio","item":"https:\/\/angloed.com\/es\/"},{"@type":"ListItem","position":2,"name":"Elegir un internado ingl\u00e9s para su hijo"}]},{"@type":"WebSite","@id":"https:\/\/angloed.com\/es\/#website","url":"https:\/\/angloed.com\/es\/","name":"Anglo Education Services","description":"A Path to English Education","publisher":{"@id":"https:\/\/angloed.com\/es\/#organization"},"potentialAction":[{"@type":"SearchAction","target":{"@type":"EntryPoint","urlTemplate":"https:\/\/angloed.com\/es\/?s={search_term_string}"},"query-input":{"@type":"PropertyValueSpecification","valueRequired":true,"valueName":"search_term_string"}}],"inLanguage":"es"},{"@type":"Organization","@id":"https:\/\/angloed.com\/es\/#organization","name":"Anglo Education","url":"https:\/\/angloed.com\/es\/","logo":{"@type":"ImageObject","inLanguage":"es","@id":"https:\/\/angloed.com\/es\/#\/schema\/logo\/image\/","url":"https:\/\/angloed.com\/wp-content\/uploads\/2022\/01\/Anglo-Education-Logo-2021-2-2.png","contentUrl":"https:\/\/angloed.com\/wp-content\/uploads\/2022\/01\/Anglo-Education-Logo-2021-2-2.png","width":1063,"height":1063,"caption":"Anglo Education"},"image":{"@id":"https:\/\/angloed.com\/es\/#\/schema\/logo\/image\/"},"sameAs":["https:\/\/www.facebook.com\/AngloEducation\/"]}]}},"_links":{"self":[{"href":"https:\/\/angloed.com\/es\/wp-json\/wp\/v2\/pages\/3231","targetHints":{"allow":["GET"]}}],"collection":[{"href":"https:\/\/angloed.com\/es\/wp-json\/wp\/v2\/pages"}],"about":[{"href":"https:\/\/angloed.com\/es\/wp-json\/wp\/v2\/types\/page"}],"author":[{"embeddable":true,"href":"https:\/\/angloed.com\/es\/wp-json\/wp\/v2\/users\/4"}],"replies":[{"embeddable":true,"href":"https:\/\/angloed.com\/es\/wp-json\/wp\/v2\/comments?post=3231"}],"version-history":[{"count":1,"href":"https:\/\/angloed.com\/es\/wp-json\/wp\/v2\/pages\/3231\/revisions"}],"predecessor-version":[{"id":3802,"href":"https:\/\/angloed.com\/es\/wp-json\/wp\/v2\/pages\/3231\/revisions\/3802"}],"wp:attachment":[{"href":"https:\/\/angloed.com\/es\/wp-json\/wp\/v2\/media?parent=3231"}],"curies":[{"name":"wp","href":"https:\/\/api.w.org\/{rel}","templated":true}]}}