{"id":3244,"date":"2023-09-04T07:59:13","date_gmt":"2023-09-04T06:59:13","guid":{"rendered":"https:\/\/angloed.com\/una-guia-completa-de-los-internados-en-el-reino-unido\/"},"modified":"2025-12-13T10:51:02","modified_gmt":"2025-12-13T10:51:02","slug":"una-guia-completa-de-los-internados-en-el-reino-unido","status":"publish","type":"page","link":"https:\/\/angloed.com\/es\/una-guia-completa-de-los-internados-en-el-reino-unido\/","title":{"rendered":"Una gu\u00eda completa de los internados en el Reino Unido"},"content":{"rendered":"<div class=\"fusion-fullwidth fullwidth-box fusion-builder-row-1 fusion-flex-container nonhundred-percent-fullwidth non-hundred-percent-height-scrolling\" style=\"--awb-border-radius-top-left:0px;--awb-border-radius-top-right:0px;--awb-border-radius-bottom-right:0px;--awb-border-radius-bottom-left:0px;--awb-flex-wrap:wrap;\" ><div class=\"fusion-builder-row fusion-row fusion-flex-align-items-flex-start fusion-flex-content-wrap\" style=\"max-width:1331.2px;margin-left: calc(-4% \/ 2 );margin-right: calc(-4% \/ 2 );\"><div class=\"fusion-layout-column fusion_builder_column fusion-builder-column-0 fusion_builder_column_1_3 1_3 fusion-flex-column\" style=\"--awb-bg-size:cover;--awb-width-large:33.333333333333%;--awb-margin-top-large:10px;--awb-spacing-right-large:5.76%;--awb-margin-bottom-large:10px;--awb-spacing-left-large:5.76%;--awb-width-medium:100%;--awb-order-medium:0;--awb-spacing-right-medium:1.92%;--awb-spacing-left-medium:1.92%;--awb-width-small:100%;--awb-order-small:0;--awb-spacing-right-small:1.92%;--awb-spacing-left-small:1.92%;\"><div class=\"fusion-column-wrapper fusion-column-has-shadow fusion-flex-justify-content-flex-start fusion-content-layout-column\"><div class=\"fusion-text fusion-text-1\"><h1 data-pm-slice=\"1 1 &#091;&#093;\">\u00bfEst\u00e1 buscando internados en el Reino Unido? \u00bfCu\u00e1l elegir?<\/h1>\n<p>Si busca en Google <a href=\"https:\/\/en.wikipedia.org\/wiki\/Boarding_school\" target=\"_blank\" rel=\"noopener\">internados<\/a> en el Reino Unido, aparecer\u00e1 una larga lista de escuelas en el Reino Unido. Con numerosos internados brit\u00e1nicos de renombre entre los que elegir, todos los cuales afirmar\u00e1n ser el mejor <a href=\"https:\/\/angloed.com\/es\/category\/internados-britanicos-en-el-reino-unido\/\">internado del Reino Unido<\/a>. Es fundamental tener en cuenta los diferentes factores que ofrecen estos centros educativos. Aqu\u00ed es donde Anglo Educational Services desempe\u00f1a un papel fundamental a la hora de ayudar a los clientes a encontrar<a href=\"https:\/\/angloed.com\/es\/contacte-con-nosotros-y-presente-su-solicitud\/\"> la escuela m\u00e1s adecuada<\/a> y los mejores colegios del Reino Unido para estudiantes internacionales.<\/p>\n<\/div><\/div><\/div><div class=\"fusion-layout-column fusion_builder_column fusion-builder-column-1 fusion_builder_column_2_3 2_3 fusion-flex-column\" style=\"--awb-bg-size:cover;--awb-width-large:66.666666666667%;--awb-margin-top-large:10px;--awb-spacing-right-large:2.88%;--awb-margin-bottom-large:10px;--awb-spacing-left-large:2.88%;--awb-width-medium:100%;--awb-order-medium:0;--awb-spacing-right-medium:1.92%;--awb-spacing-left-medium:1.92%;--awb-width-small:100%;--awb-order-small:0;--awb-spacing-right-small:1.92%;--awb-spacing-left-small:1.92%;\"><div class=\"fusion-column-wrapper fusion-column-has-shadow fusion-flex-justify-content-flex-start fusion-content-layout-column\"><div class=\"fusion-image-element \" style=\"--awb-caption-title-font-family:var(--h2_typography-font-family);--awb-caption-title-font-weight:var(--h2_typography-font-weight);--awb-caption-title-font-style:var(--h2_typography-font-style);--awb-caption-title-size:var(--h2_typography-font-size);--awb-caption-title-transform:var(--h2_typography-text-transform);--awb-caption-title-line-height:var(--h2_typography-line-height);--awb-caption-title-letter-spacing:var(--h2_typography-letter-spacing);\"><span class=\" fusion-imageframe imageframe-none imageframe-1 hover-type-none\"><img fetchpriority=\"high\" fetchpriority=\"high\" decoding=\"async\" width=\"2560\" height=\"1440\" alt=\"internados en Reino Unido\" title=\"internados en Reino Unido\" src=\"https:\/\/angloed.com\/wp-content\/uploads\/2023\/02\/Anglo-Education-front-page-scaled-e1675350021964.jpg\" data-orig-src=\"https:\/\/angloed.com\/wp-content\/uploads\/2023\/02\/Anglo-Education-front-page-scaled-e1675350021964.jpg\" class=\"lazyload img-responsive wp-image-3272\" srcset=\"data:image\/svg+xml,%3Csvg%20xmlns%3D%27http%3A%2F%2Fwww.w3.org%2F2000%2Fsvg%27%20width%3D%272560%27%20height%3D%271440%27%20viewBox%3D%270%200%202560%201440%27%3E%3Crect%20width%3D%272560%27%20height%3D%271440%27%20fill-opacity%3D%220%22%2F%3E%3C%2Fsvg%3E\" data-srcset=\"https:\/\/angloed.com\/wp-content\/uploads\/2023\/02\/Anglo-Education-front-page-scaled-e1675350021964-200x113.jpg 200w, https:\/\/angloed.com\/wp-content\/uploads\/2023\/02\/Anglo-Education-front-page-scaled-e1675350021964-400x225.jpg 400w, https:\/\/angloed.com\/wp-content\/uploads\/2023\/02\/Anglo-Education-front-page-scaled-e1675350021964-600x338.jpg 600w, https:\/\/angloed.com\/wp-content\/uploads\/2023\/02\/Anglo-Education-front-page-scaled-e1675350021964-800x450.jpg 800w, https:\/\/angloed.com\/wp-content\/uploads\/2023\/02\/Anglo-Education-front-page-scaled-e1675350021964-1200x675.jpg 1200w, https:\/\/angloed.com\/wp-content\/uploads\/2023\/02\/Anglo-Education-front-page-scaled-e1675350021964.jpg 2560w\" data-sizes=\"auto\" data-orig-sizes=\"(max-width: 1024px) 100vw, (max-width: 640px) 100vw, 1200px\" \/><\/span><\/div><\/div><\/div><div class=\"fusion-layout-column fusion_builder_column fusion-builder-column-2 fusion_builder_column_1_1 1_1 fusion-flex-column\" style=\"--awb-bg-size:cover;--awb-width-large:100%;--awb-margin-top-large:0px;--awb-spacing-right-large:1.92%;--awb-margin-bottom-large:0px;--awb-spacing-left-large:1.92%;--awb-width-medium:100%;--awb-spacing-right-medium:1.92%;--awb-spacing-left-medium:1.92%;--awb-width-small:100%;--awb-spacing-right-small:1.92%;--awb-spacing-left-small:1.92%;\"><div class=\"fusion-column-wrapper fusion-flex-justify-content-flex-start fusion-content-layout-column\"><div class=\"fusion-text fusion-text-2\"><h2>Asesores educativos experimentados<\/h2>\n<p>Somos un equipo de consultores educativos experimentados con m\u00e1s de 20 a\u00f1os de experiencia trabajando con internados brit\u00e1nicos y el sector escolar en general. Somos conscientes de la importancia de la educaci\u00f3n escolar y de los estrictos requisitos de admisi\u00f3n para los colegios privados e internados. <\/p>\n<p>Nuestra comprensi\u00f3n de la educaci\u00f3n brit\u00e1nica y nuestra experiencia en el campo nos permiten guiar con \u00e9xito a nuestros clientes a trav\u00e9s del proceso de selecci\u00f3n de la escuela y obtener resultados.<\/p>\n<p>Nuestra extensa investigaci\u00f3n considera todos los aspectos de un internado brit\u00e1nico. Esto conducir\u00e1 a un asesoramiento bien informado que sit\u00faa al estudiante en el camino del \u00e9xito y el crecimiento personal en la <a href=\"https:\/\/angloed.com\/es\/orientacion-para-alumnos\/\">experiencia del internado<\/a>. <\/p>\n<h2>Internados del Reino Unido para ni\u00f1as y ni\u00f1os<\/h2>\n<p><a href=\"https:\/\/angloed.com\/es\/category\/internados-britanicos-en-el-reino-unido\/\">Los internados en el Reino Unido<\/a> ofrecen una educaci\u00f3n completa con un enfoque en la excelencia acad\u00e9mica y la diversidad cultural. Cada escuela ofrece programas acad\u00e9micos rigurosos, una amplia gama de actividades extracurriculares y un s\u00f3lido apoyo pastoral. La vida en el internado fomenta la independencia y valiosas habilidades para la vida en preparaci\u00f3n despu\u00e9s de la escuela para la universidad.  <\/p>\n<p>Estos colegios son conocidos por sus programas deportivos y tienen campus hist\u00f3ricos y modernos. Los internados en el Reino Unido son reconocidos a nivel mundial, atrayendo a ni\u00f1as y ni\u00f1os para asistir a la escuela desde varios pa\u00edses. Estos colegios son famosos por preparar muy bien a las ni\u00f1as y los ni\u00f1os para la educaci\u00f3n superior.  <\/p>\n<h2>Colegios en el Reino Unido<\/h2>\n<p>Elegir el colegio adecuado en el Reino Unido, ya sea un internado o un colegio de d\u00eda, estamos aqu\u00ed para ayudarle. En Anglo Educational Services, ofrecemos asesoramiento imparcial a todos nuestros clientes. Entendemos la importancia de que los padres tomen una excelente decisi\u00f3n para sus hijos.  <\/p>\n<h2>Colegios para ni\u00f1as<\/h2>\n<p>Si busca \u00fanicamente colegios para ni\u00f1as, a continuaci\u00f3n, hemos enumerado algunos ejemplos de colegios solo para ni\u00f1as. A continuaci\u00f3n, no se muestran todos los colegios solo para ni\u00f1as, sino solo una peque\u00f1a selecci\u00f3n de los mejores centros para ni\u00f1as de nuestra base de datos. <\/p>\n<p><strong>Adcote School for Girls<\/strong>: es un colegio independiente de d\u00eda e internado solo para ni\u00f1as. Adcote School est\u00e1 situado en el pueblo de Little Ness, en Shropshire, a 8 km al noroeste de Shrewsbury. <\/p>\n<p><strong>Abbots &amp; Bromley School for Girls<\/strong>: situado en un entorno id\u00edlico semirrural, en este colegio para ni\u00f1as, las ni\u00f1as pueden seguir programas pr\u00e1cticos que incluyen certificaciones de la British Horse Society y pruebas profesionales de la Royal Academy of Dance en el School of Ballet and Equestrian Centre sin descuidar sus compromisos acad\u00e9micos.<\/p>\n<h2>Internado solo para ni\u00f1os<\/h2>\n<p><strong>Bedford School<\/strong>: en Bedford School, se motiva a los ni\u00f1os a ser curiosos, a pensar de forma cr\u00edtica y, en \u00faltima instancia, a perfeccionar las habilidades necesarias para tener \u00e9xito en la universidad y m\u00e1s all\u00e1. Aunque es un colegio de un solo sexo, se anima a los ni\u00f1os a participar en una variedad de actividades extracurriculares con las ni\u00f1as de Bedford School for Girls. <\/p>\n<h2>Colegios para ni\u00f1os y ni\u00f1as<\/h2>\n<p><strong>Barnard Castle School<\/strong>: se anima a los ni\u00f1os y ni\u00f1as a desarrollar todo su potencial en un entorno alegre y significativo en este colegio, que ofrece una educaci\u00f3n de d\u00eda y de internado segura y de alta calidad.<\/p>\n<p><strong>Ardingly College<\/strong>: los terrenos de Ardingly College suman 230 acres. Las majestuosas estructuras, en su mayor\u00eda victorianas, sirven como un oasis de calma en el terreno ondulado del paisaje ingl\u00e9s por excelencia. La filosof\u00eda del internado beneficia a los padres, sabiendo que sus hijos o hijas est\u00e1n inmersos en las actividades nocturnas.  <\/p>\n<h2>\u00bfPor qu\u00e9 elegir Anglo Educational Services para encontrar internados en el Reino Unido?<\/h2>\n<p>Anglo Educational Services ha sido un actor clave en la facilitaci\u00f3n de la educaci\u00f3n internacional en el Reino Unido, capacitando a estudiantes de todo el mundo para embarcarse en viajes educativos transformadores. Nuestro principal objetivo es ayudar a las ni\u00f1as y los ni\u00f1os a alcanzar sus metas y ambiciones educativas en el Reino Unido <\/p>\n<ul>\n<li>Contamos con un equipo de profesionales experimentados que se dedican a proporcionarle el mejor servicio posible. Trabajamos en estrecha colaboraci\u00f3n con nuestros clientes para encontrar lo mejor <\/li>\n<li>Cada a\u00f1o, visitamos varias escuelas de idiomas inglesas independientes e internados para poder evaluar de primera mano los programas acad\u00e9micos, las instalaciones, los profesores, la administraci\u00f3n y la felicidad de los estudiantes de cada campus.<\/li>\n<li>Podemos guiar con \u00e9xito a nuestros clientes a trav\u00e9s del proceso de admisi\u00f3n gracias a nuestro conocimiento y experiencia en las instalaciones de los internados brit\u00e1nicos.<\/li>\n<li>Desde la b\u00fasqueda de internados hasta la fase posterior a la decisi\u00f3n, proporcionamos orientaci\u00f3n informada, imparcial e independiente a las familias internacionales en todos los niveles del proceso de admisi\u00f3n a internados privados.<\/li>\n<li>Ofrecemos el mejor servicio en relaci\u00f3n calidad-precio. Nuestras tarifas tienen precios competitivos, y puede estar seguro de que est\u00e1 obteniendo un colegio de alta calidad en la ubicaci\u00f3n que desea. Junto con una experiencia educativa y cultural que se adapta mejor a las necesidades de sus hijos.  <\/li>\n<\/ul>\n<p>Al considerar los diversos aspectos de un internado o colegio de d\u00eda que hemos destacado en esta gu\u00eda. Los ni\u00f1os, las ni\u00f1as y los padres pueden tomar decisiones informadas al elegir el mejor internado o colegio para sus aspiraciones educativas. <\/p>\n<h2>Expertos en internados, dedicados a ayudarle.<\/h2>\n<p>Somos expertos en encontrar un internado en un \u00e1rea que se adapte a todos sus requisitos. Estamos aqu\u00ed para ayudarle a usted y a su hijo a encontrar el internado perfecto. <\/p>\n<p>Si deseas un asesoramiento personalizado sobre colegios de internado en el Reino Unido, ponte en <a href=\"https:\/\/angloed.com\/es\/contacte-con-nosotros-y-presente-su-solicitud\/\">contacto con nosotros rellenando el formulario de consulta o llam\u00e1ndonos por tel\u00e9fono<\/a>.<\/p>\n<p style=\"text-align: center;\"><a href=\"https:\/\/angloed.com\/es\/contacte-con-nosotros-y-presente-su-solicitud\/\"><button class=\"button button1\">Cont\u00e1ctenos<\/button><\/a><\/p>\n<\/div><\/div><\/div><\/div><\/div>\n","protected":false},"excerpt":{"rendered":"","protected":false},"author":4,"featured_media":0,"parent":0,"menu_order":0,"comment_status":"closed","ping_status":"closed","template":"","meta":{"_monsterinsights_skip_tracking":false,"_monsterinsights_sitenote_active":false,"_monsterinsights_sitenote_note":"","_monsterinsights_sitenote_category":0,"iawp_total_views":10,"footnotes":""},"class_list":["post-3244","page","type-page","status-publish","hentry"],"yoast_head":"<!-- This site is optimized with the Yoast SEO plugin v27.3 - https:\/\/yoast.com\/product\/yoast-seo-wordpress\/ -->\n<title>Colegios de internado en el Reino Unido: Gu\u00eda para estudiantes internacionale - Anglo Education<\/title>\n<meta name=\"description\" content=\"Gu\u00eda de colegios de internado en el Reino Unido para estudiantes internacionales. Descubre c\u00f3mo funcionan los internados y c\u00f3mo elegir el centro adecuado.\" \/>\n<meta name=\"robots\" content=\"index, follow, max-snippet:-1, max-image-preview:large, max-video-preview:-1\" \/>\n<link rel=\"canonical\" href=\"https:\/\/angloed.com\/es\/una-guia-completa-de-los-internados-en-el-reino-unido\/\" \/>\n<meta property=\"og:locale\" content=\"es_ES\" \/>\n<meta property=\"og:type\" content=\"article\" \/>\n<meta property=\"og:title\" content=\"Colegios de internado en el Reino Unido: Gu\u00eda para estudiantes internacionale - Anglo Education\" \/>\n<meta property=\"og:description\" content=\"Gu\u00eda de colegios de internado en el Reino Unido para estudiantes internacionales. Descubre c\u00f3mo funcionan los internados y c\u00f3mo elegir el centro adecuado.\" \/>\n<meta property=\"og:url\" content=\"https:\/\/angloed.com\/es\/una-guia-completa-de-los-internados-en-el-reino-unido\/\" \/>\n<meta property=\"og:site_name\" content=\"Anglo Education\" \/>\n<meta property=\"article:publisher\" content=\"https:\/\/www.facebook.com\/AngloEducation\/\" \/>\n<meta property=\"article:modified_time\" content=\"2025-12-13T10:51:02+00:00\" \/>\n<meta name=\"twitter:card\" content=\"summary_large_image\" \/>\n<meta name=\"twitter:label1\" content=\"Tiempo de lectura\" \/>\n\t<meta name=\"twitter:data1\" content=\"13 minutos\" \/>\n<script type=\"application\/ld+json\" class=\"yoast-schema-graph\">{\"@context\":\"https:\\\/\\\/schema.org\",\"@graph\":[{\"@type\":\"WebPage\",\"@id\":\"https:\\\/\\\/angloed.com\\\/es\\\/una-guia-completa-de-los-internados-en-el-reino-unido\\\/\",\"url\":\"https:\\\/\\\/angloed.com\\\/es\\\/una-guia-completa-de-los-internados-en-el-reino-unido\\\/\",\"name\":\"Colegios de internado en el Reino Unido: Gu\u00eda para estudiantes internacionale - Anglo Education\",\"isPartOf\":{\"@id\":\"https:\\\/\\\/angloed.com\\\/es\\\/#website\"},\"datePublished\":\"2023-09-04T06:59:13+00:00\",\"dateModified\":\"2025-12-13T10:51:02+00:00\",\"description\":\"Gu\u00eda de colegios de internado en el Reino Unido para estudiantes internacionales. Descubre c\u00f3mo funcionan los internados y c\u00f3mo elegir el centro adecuado.\",\"breadcrumb\":{\"@id\":\"https:\\\/\\\/angloed.com\\\/es\\\/una-guia-completa-de-los-internados-en-el-reino-unido\\\/#breadcrumb\"},\"inLanguage\":\"es\",\"potentialAction\":[{\"@type\":\"ReadAction\",\"target\":[\"https:\\\/\\\/angloed.com\\\/es\\\/una-guia-completa-de-los-internados-en-el-reino-unido\\\/\"]}]},{\"@type\":\"BreadcrumbList\",\"@id\":\"https:\\\/\\\/angloed.com\\\/es\\\/una-guia-completa-de-los-internados-en-el-reino-unido\\\/#breadcrumb\",\"itemListElement\":[{\"@type\":\"ListItem\",\"position\":1,\"name\":\"Inicio\",\"item\":\"https:\\\/\\\/angloed.com\\\/es\\\/\"},{\"@type\":\"ListItem\",\"position\":2,\"name\":\"Una gu\u00eda completa de los internados en el Reino Unido\"}]},{\"@type\":\"WebSite\",\"@id\":\"https:\\\/\\\/angloed.com\\\/es\\\/#website\",\"url\":\"https:\\\/\\\/angloed.com\\\/es\\\/\",\"name\":\"Anglo Education Services\",\"description\":\"A Path to English Education\",\"publisher\":{\"@id\":\"https:\\\/\\\/angloed.com\\\/es\\\/#organization\"},\"potentialAction\":[{\"@type\":\"SearchAction\",\"target\":{\"@type\":\"EntryPoint\",\"urlTemplate\":\"https:\\\/\\\/angloed.com\\\/es\\\/?s={search_term_string}\"},\"query-input\":{\"@type\":\"PropertyValueSpecification\",\"valueRequired\":true,\"valueName\":\"search_term_string\"}}],\"inLanguage\":\"es\"},{\"@type\":\"Organization\",\"@id\":\"https:\\\/\\\/angloed.com\\\/es\\\/#organization\",\"name\":\"Anglo Education\",\"url\":\"https:\\\/\\\/angloed.com\\\/es\\\/\",\"logo\":{\"@type\":\"ImageObject\",\"inLanguage\":\"es\",\"@id\":\"https:\\\/\\\/angloed.com\\\/es\\\/#\\\/schema\\\/logo\\\/image\\\/\",\"url\":\"https:\\\/\\\/angloed.com\\\/wp-content\\\/uploads\\\/2022\\\/01\\\/Anglo-Education-Logo-2021-2-2.png\",\"contentUrl\":\"https:\\\/\\\/angloed.com\\\/wp-content\\\/uploads\\\/2022\\\/01\\\/Anglo-Education-Logo-2021-2-2.png\",\"width\":1063,\"height\":1063,\"caption\":\"Anglo Education\"},\"image\":{\"@id\":\"https:\\\/\\\/angloed.com\\\/es\\\/#\\\/schema\\\/logo\\\/image\\\/\"},\"sameAs\":[\"https:\\\/\\\/www.facebook.com\\\/AngloEducation\\\/\"]}]}<\/script>\n<!-- \/ Yoast SEO plugin. -->","yoast_head_json":{"title":"Colegios de internado en el Reino Unido: Gu\u00eda para estudiantes internacionale - Anglo Education","description":"Gu\u00eda de colegios de internado en el Reino Unido para estudiantes internacionales. Descubre c\u00f3mo funcionan los internados y c\u00f3mo elegir el centro adecuado.","robots":{"index":"index","follow":"follow","max-snippet":"max-snippet:-1","max-image-preview":"max-image-preview:large","max-video-preview":"max-video-preview:-1"},"canonical":"https:\/\/angloed.com\/es\/una-guia-completa-de-los-internados-en-el-reino-unido\/","og_locale":"es_ES","og_type":"article","og_title":"Colegios de internado en el Reino Unido: Gu\u00eda para estudiantes internacionale - Anglo Education","og_description":"Gu\u00eda de colegios de internado en el Reino Unido para estudiantes internacionales. Descubre c\u00f3mo funcionan los internados y c\u00f3mo elegir el centro adecuado.","og_url":"https:\/\/angloed.com\/es\/una-guia-completa-de-los-internados-en-el-reino-unido\/","og_site_name":"Anglo Education","article_publisher":"https:\/\/www.facebook.com\/AngloEducation\/","article_modified_time":"2025-12-13T10:51:02+00:00","twitter_card":"summary_large_image","twitter_misc":{"Tiempo de lectura":"13 minutos"},"schema":{"@context":"https:\/\/schema.org","@graph":[{"@type":"WebPage","@id":"https:\/\/angloed.com\/es\/una-guia-completa-de-los-internados-en-el-reino-unido\/","url":"https:\/\/angloed.com\/es\/una-guia-completa-de-los-internados-en-el-reino-unido\/","name":"Colegios de internado en el Reino Unido: Gu\u00eda para estudiantes internacionale - Anglo Education","isPartOf":{"@id":"https:\/\/angloed.com\/es\/#website"},"datePublished":"2023-09-04T06:59:13+00:00","dateModified":"2025-12-13T10:51:02+00:00","description":"Gu\u00eda de colegios de internado en el Reino Unido para estudiantes internacionales. Descubre c\u00f3mo funcionan los internados y c\u00f3mo elegir el centro adecuado.","breadcrumb":{"@id":"https:\/\/angloed.com\/es\/una-guia-completa-de-los-internados-en-el-reino-unido\/#breadcrumb"},"inLanguage":"es","potentialAction":[{"@type":"ReadAction","target":["https:\/\/angloed.com\/es\/una-guia-completa-de-los-internados-en-el-reino-unido\/"]}]},{"@type":"BreadcrumbList","@id":"https:\/\/angloed.com\/es\/una-guia-completa-de-los-internados-en-el-reino-unido\/#breadcrumb","itemListElement":[{"@type":"ListItem","position":1,"name":"Inicio","item":"https:\/\/angloed.com\/es\/"},{"@type":"ListItem","position":2,"name":"Una gu\u00eda completa de los internados en el Reino Unido"}]},{"@type":"WebSite","@id":"https:\/\/angloed.com\/es\/#website","url":"https:\/\/angloed.com\/es\/","name":"Anglo Education Services","description":"A Path to English Education","publisher":{"@id":"https:\/\/angloed.com\/es\/#organization"},"potentialAction":[{"@type":"SearchAction","target":{"@type":"EntryPoint","urlTemplate":"https:\/\/angloed.com\/es\/?s={search_term_string}"},"query-input":{"@type":"PropertyValueSpecification","valueRequired":true,"valueName":"search_term_string"}}],"inLanguage":"es"},{"@type":"Organization","@id":"https:\/\/angloed.com\/es\/#organization","name":"Anglo Education","url":"https:\/\/angloed.com\/es\/","logo":{"@type":"ImageObject","inLanguage":"es","@id":"https:\/\/angloed.com\/es\/#\/schema\/logo\/image\/","url":"https:\/\/angloed.com\/wp-content\/uploads\/2022\/01\/Anglo-Education-Logo-2021-2-2.png","contentUrl":"https:\/\/angloed.com\/wp-content\/uploads\/2022\/01\/Anglo-Education-Logo-2021-2-2.png","width":1063,"height":1063,"caption":"Anglo Education"},"image":{"@id":"https:\/\/angloed.com\/es\/#\/schema\/logo\/image\/"},"sameAs":["https:\/\/www.facebook.com\/AngloEducation\/"]}]}},"_links":{"self":[{"href":"https:\/\/angloed.com\/es\/wp-json\/wp\/v2\/pages\/3244","targetHints":{"allow":["GET"]}}],"collection":[{"href":"https:\/\/angloed.com\/es\/wp-json\/wp\/v2\/pages"}],"about":[{"href":"https:\/\/angloed.com\/es\/wp-json\/wp\/v2\/types\/page"}],"author":[{"embeddable":true,"href":"https:\/\/angloed.com\/es\/wp-json\/wp\/v2\/users\/4"}],"replies":[{"embeddable":true,"href":"https:\/\/angloed.com\/es\/wp-json\/wp\/v2\/comments?post=3244"}],"version-history":[{"count":10,"href":"https:\/\/angloed.com\/es\/wp-json\/wp\/v2\/pages\/3244\/revisions"}],"predecessor-version":[{"id":4095,"href":"https:\/\/angloed.com\/es\/wp-json\/wp\/v2\/pages\/3244\/revisions\/4095"}],"wp:attachment":[{"href":"https:\/\/angloed.com\/es\/wp-json\/wp\/v2\/media?parent=3244"}],"curies":[{"name":"wp","href":"https:\/\/api.w.org\/{rel}","templated":true}]}}