{"id":3247,"date":"2023-09-04T08:10:50","date_gmt":"2023-09-04T07:10:50","guid":{"rendered":"https:\/\/angloed.com\/guia-para-encontrar-y-explorar-colegios-privados-ingleses\/"},"modified":"2025-10-13T13:12:15","modified_gmt":"2025-10-13T12:12:15","slug":"guia-para-encontrar-y-explorar-colegios-privados-ingleses","status":"publish","type":"page","link":"https:\/\/angloed.com\/es\/guia-para-encontrar-y-explorar-colegios-privados-ingleses\/","title":{"rendered":"B\u00fasqueda de los mejores colegios privados"},"content":{"rendered":"<div class=\"fusion-fullwidth fullwidth-box fusion-builder-row-1 fusion-flex-container nonhundred-percent-fullwidth non-hundred-percent-height-scrolling\" style=\"--awb-border-radius-top-left:0px;--awb-border-radius-top-right:0px;--awb-border-radius-bottom-right:0px;--awb-border-radius-bottom-left:0px;--awb-flex-wrap:wrap;\" ><div class=\"fusion-builder-row fusion-row fusion-flex-align-items-flex-start fusion-flex-content-wrap\" style=\"max-width:1331.2px;margin-left: calc(-4% \/ 2 );margin-right: calc(-4% \/ 2 );\"><div class=\"fusion-layout-column fusion_builder_column fusion-builder-column-0 fusion_builder_column_1_3 1_3 fusion-flex-column\" style=\"--awb-bg-size:cover;--awb-width-large:33.333333333333%;--awb-margin-top-large:10px;--awb-spacing-right-large:5.76%;--awb-margin-bottom-large:10px;--awb-spacing-left-large:5.76%;--awb-width-medium:100%;--awb-order-medium:0;--awb-spacing-right-medium:1.92%;--awb-spacing-left-medium:1.92%;--awb-width-small:100%;--awb-order-small:0;--awb-spacing-right-small:1.92%;--awb-spacing-left-small:1.92%;\"><div class=\"fusion-column-wrapper fusion-column-has-shadow fusion-flex-justify-content-flex-start fusion-content-layout-column\"><div class=\"fusion-text fusion-text-1\"><h2 data-pm-slice=\"1 1 &#091;&#093;\">B\u00fasqueda de los mejores colegios privados y colegios privados ingleses<\/h2>\n<p>Los <a href=\"https:\/\/en.wikipedia.org\/wiki\/Private_schools_in_the_United_Kingdom\" target=\"_blank\" rel=\"noopener\">colegios privados<\/a> ingleses son establecimientos educativos que operan independientemente de la financiaci\u00f3n y el control gubernamentales, a diferencia de los colegios p\u00fablicos de Inglaterra.<\/p>\n<p>Sin duda, la educaci\u00f3n privada y la escolarizaci\u00f3n privada que ofrece un internado son mucho mejores para la formaci\u00f3n de su hijo que lo que puede ofrecer a los alumnos un centro de educaci\u00f3n secundaria financiado por el gobierno.<\/p>\n<\/div><\/div><\/div><div class=\"fusion-layout-column fusion_builder_column fusion-builder-column-1 fusion_builder_column_2_3 2_3 fusion-flex-column\" style=\"--awb-bg-size:cover;--awb-width-large:66.666666666667%;--awb-margin-top-large:10px;--awb-spacing-right-large:2.88%;--awb-margin-bottom-large:10px;--awb-spacing-left-large:2.88%;--awb-width-medium:100%;--awb-order-medium:0;--awb-spacing-right-medium:1.92%;--awb-spacing-left-medium:1.92%;--awb-width-small:100%;--awb-order-small:0;--awb-spacing-right-small:1.92%;--awb-spacing-left-small:1.92%;\"><div class=\"fusion-column-wrapper fusion-column-has-shadow fusion-flex-justify-content-flex-start fusion-content-layout-column\"><div class=\"fusion-image-element \" style=\"--awb-caption-title-font-family:var(--h2_typography-font-family);--awb-caption-title-font-weight:var(--h2_typography-font-weight);--awb-caption-title-font-style:var(--h2_typography-font-style);--awb-caption-title-size:var(--h2_typography-font-size);--awb-caption-title-transform:var(--h2_typography-text-transform);--awb-caption-title-line-height:var(--h2_typography-line-height);--awb-caption-title-letter-spacing:var(--h2_typography-letter-spacing);\"><span class=\" fusion-imageframe imageframe-none imageframe-1 hover-type-none\"><img fetchpriority=\"high\" fetchpriority=\"high\" decoding=\"async\" width=\"2560\" height=\"1426\" alt=\"colegios independientes ingleses\" title=\"colegios independientes ingleses\" src=\"https:\/\/angloed.com\/wp-content\/uploads\/2022\/03\/MH_7486-scaled-1-e1646830266239.jpg\" data-orig-src=\"https:\/\/angloed.com\/wp-content\/uploads\/2022\/03\/MH_7486-scaled-1-e1646830266239.jpg\" class=\"lazyload img-responsive wp-image-3248\" srcset=\"data:image\/svg+xml,%3Csvg%20xmlns%3D%27http%3A%2F%2Fwww.w3.org%2F2000%2Fsvg%27%20width%3D%272560%27%20height%3D%271426%27%20viewBox%3D%270%200%202560%201426%27%3E%3Crect%20width%3D%272560%27%20height%3D%271426%27%20fill-opacity%3D%220%22%2F%3E%3C%2Fsvg%3E\" data-srcset=\"https:\/\/angloed.com\/wp-content\/uploads\/2022\/03\/MH_7486-scaled-1-e1646830266239-200x111.jpg 200w, https:\/\/angloed.com\/wp-content\/uploads\/2022\/03\/MH_7486-scaled-1-e1646830266239-400x223.jpg 400w, https:\/\/angloed.com\/wp-content\/uploads\/2022\/03\/MH_7486-scaled-1-e1646830266239-600x334.jpg 600w, https:\/\/angloed.com\/wp-content\/uploads\/2022\/03\/MH_7486-scaled-1-e1646830266239-800x446.jpg 800w, https:\/\/angloed.com\/wp-content\/uploads\/2022\/03\/MH_7486-scaled-1-e1646830266239-1200x668.jpg 1200w, https:\/\/angloed.com\/wp-content\/uploads\/2022\/03\/MH_7486-scaled-1-e1646830266239.jpg 2560w\" data-sizes=\"auto\" data-orig-sizes=\"(max-width: 1024px) 100vw, (max-width: 640px) 100vw, 1200px\" \/><\/span><\/div><\/div><\/div><div class=\"fusion-layout-column fusion_builder_column fusion-builder-column-2 fusion_builder_column_1_1 1_1 fusion-flex-column\" style=\"--awb-bg-size:cover;--awb-width-large:100%;--awb-margin-top-large:0px;--awb-spacing-right-large:1.92%;--awb-margin-bottom-large:0px;--awb-spacing-left-large:1.92%;--awb-width-medium:100%;--awb-order-medium:0;--awb-spacing-right-medium:1.92%;--awb-spacing-left-medium:1.92%;--awb-width-small:100%;--awb-order-small:0;--awb-spacing-right-small:1.92%;--awb-spacing-left-small:1.92%;\" data-scroll-devices=\"small-visibility,medium-visibility,large-visibility\"><div class=\"fusion-column-wrapper fusion-column-has-shadow fusion-flex-justify-content-flex-start fusion-content-layout-column\"><div class=\"fusion-text fusion-text-2\"><h3>Consideraciones sobre los alumnos y el colegio<\/h3>\n<p>La educaci\u00f3n ha cruzado las fronteras nacionales y ha abrazado nuevos horizontes en el mundo en que vivimos. En la actualidad, las familias disponen de una amplia gama de opciones educativas. <\/p>\n<p>Como resultado del crecimiento de un colegio p\u00fablico tradicional o de un colegio internacional, los padres y tutores deben comprender los detalles del sector p\u00fablico y privado que distinguen a cada colegio. <\/p>\n<h3>Las ventajas de los servicios de Anglo Education<\/h3>\n<p>Con la ayuda de nuestros servicios, los estudiantes y sus familias pueden solicitar plaza en colegios privados de lengua inglesa e internados en el Reino Unido.<\/p>\n<p>Cada a\u00f1o, visitamos los campus de un gran n\u00famero de colegios privados de lengua inglesa e internados ingleses. Analizamos y evaluamos los programas acad\u00e9micos, la infraestructura, el personal, la administraci\u00f3n y los alumnos de cada colegio. <\/p>\n<h3>Orientaci\u00f3n personalizada para elegir colegios privados ingleses<\/h3>\n<p>Las familias internacionales reciben una orientaci\u00f3n informada, imparcial y objetiva en cada etapa del proceso de admisi\u00f3n en colegios privados, desde la fase de b\u00fasqueda del colegio hasta la fase posterior a la decisi\u00f3n.<\/p>\n<p>La orientaci\u00f3n individualizada que proporcionan nuestros servicios es una de las principales ventajas de utilizarlos. Nuestros servicios reconocen el valor de encontrar un entorno educativo que complemente los puntos fuertes, los intereses y los objetivos de cada alumno, porque cada ni\u00f1o es \u00fanico. <\/p>\n<p>Nuestros asesores educativos colaboran estrechamente con las familias para comprender sus objetivos y, a continuaci\u00f3n, encontrar un colegio que cumpla esos requisitos.<\/p>\n<h3>Amplia red de escuelas<\/h3>\n<p>La utilizaci\u00f3n de nuestros servicios le da acceso a una gran cantidad de informaci\u00f3n, como contactos y recursos que pueden agilizar enormemente la b\u00fasqueda y la admisi\u00f3n en los mejores colegios privados. Nuestra experiencia har\u00e1 que su experiencia educativa sea exitosa y gratificante.  <\/p>\n<p>Puede estar seguro de que nuestros valiosos conocimientos y experiencia en los colegios brit\u00e1nicos y el sistema escolar brit\u00e1nico le ser\u00e1n de gran ayuda.<\/p>\n<h3>Colegio privado<\/h3>\n<p>Un colegio internacional concede una gran prioridad a proporcionar a los alumnos una escolarizaci\u00f3n completa, ofreciendo una variedad de actividades extraescolares, como deportes, artes, m\u00fasica y trabajo voluntario. Estas actividades ayudan a los alumnos a desarrollarse de forma integral y les brindan la oportunidad de encontrar sus pasiones fuera de las aulas. <\/p>\n<h3>Conceptos err\u00f3neos sobre los colegios privados<\/h3>\n<p>Los colegios privados se suelen entender err\u00f3neamente como reservados \u00fanicamente a la \u00e9lite adinerada. Aunque la matr\u00edcula en los colegios privados es, de hecho, m\u00e1s cara. <\/p>\n<p>Muchas organizaciones ofrecen ayuda financiera, becas y subvenciones para aumentar el acceso a una ense\u00f1anza de alta calidad. Estas oportunidades se determinan con frecuencia por el m\u00e9rito, el talento o las normas particulares establecidas por el colegio. <\/p>\n<h3>Conocimiento interno del colegio<\/h3>\n<p>Puede ser dif\u00edcil navegar por el complicado panorama escolar, especialmente para las familias que no est\u00e1n familiarizadas con el procedimiento.<\/p>\n<p>Ofrecemos a las familias informaci\u00f3n privilegiada sobre un colegio, su reputaci\u00f3n, sus filosof\u00edas de ense\u00f1anza y sus requisitos de admisi\u00f3n. Con este conocimiento, las familias est\u00e1n mejor equipadas para decidir d\u00f3nde deben estudiar sus hijos. <\/p>\n<h3>Estamos aqu\u00ed para ayudarle a encontrar un colegio.<\/h3>\n<p>Desempe\u00f1amos un papel fundamental en este proceso de encontrarle la escuela adecuada. Con nuestra orientaci\u00f3n personalizada, le ayudamos a encontrar una escuela que ofrezca lo mejor para alumnos y padres. Contamos con una diversa red de escuelas y valiosos conocimientos sobre las mejores escuelas del Reino Unido.  <\/p>\n<p>Una ense\u00f1anza escolar de calidad es un paso en la direcci\u00f3n de un futuro prometedor, independientemente del camino que se tome. Si necesita m\u00e1s informaci\u00f3n sobre los internados y los colegios internacionales, no dude en ponerse en contacto con nosotros. <\/p>\n<h3>P\u00f3ngase en contacto<\/h3>\n<p>Toda la informaci\u00f3n de contacto est\u00e1 disponible en nuestro sitio web, junto con un formulario de consulta.<\/p>\n<p style=\"text-align: center;\"><a href=\"https:\/\/angloed.com\/es\/contacte-con-nosotros-y-presente-su-solicitud\/\"><button class=\"button button1\">Cont\u00e1ctenos<\/button><\/a><\/p>\n<\/div><\/div><\/div><\/div><\/div>\n","protected":false},"excerpt":{"rendered":"","protected":false},"author":4,"featured_media":0,"parent":0,"menu_order":0,"comment_status":"closed","ping_status":"closed","template":"","meta":{"_monsterinsights_skip_tracking":false,"_monsterinsights_sitenote_active":false,"_monsterinsights_sitenote_note":"","_monsterinsights_sitenote_category":0,"iawp_total_views":4,"footnotes":""},"class_list":["post-3247","page","type-page","status-publish","hentry"],"yoast_head":"<!-- This site is optimized with the Yoast SEO plugin v27.3 - https:\/\/yoast.com\/product\/yoast-seo-wordpress\/ -->\n<title>B\u00fasqueda de los mejores colegios privados - Anglo Education<\/title>\n<meta name=\"description\" content=\"Colegios privados ingleses: independientes del gobierno.\" \/>\n<meta name=\"robots\" content=\"index, follow, max-snippet:-1, max-image-preview:large, max-video-preview:-1\" \/>\n<link rel=\"canonical\" href=\"https:\/\/angloed.com\/es\/guia-para-encontrar-y-explorar-colegios-privados-ingleses\/\" \/>\n<meta property=\"og:locale\" content=\"es_ES\" \/>\n<meta property=\"og:type\" content=\"article\" \/>\n<meta property=\"og:title\" content=\"B\u00fasqueda de los mejores colegios privados - Anglo Education\" \/>\n<meta property=\"og:description\" content=\"Colegios privados ingleses: independientes del gobierno.\" \/>\n<meta property=\"og:url\" content=\"https:\/\/angloed.com\/es\/guia-para-encontrar-y-explorar-colegios-privados-ingleses\/\" \/>\n<meta property=\"og:site_name\" content=\"Anglo Education\" \/>\n<meta property=\"article:publisher\" content=\"https:\/\/www.facebook.com\/AngloEducation\/\" \/>\n<meta property=\"article:modified_time\" content=\"2025-10-13T12:12:15+00:00\" \/>\n<meta name=\"twitter:card\" content=\"summary_large_image\" \/>\n<meta name=\"twitter:label1\" content=\"Tiempo de lectura\" \/>\n\t<meta name=\"twitter:data1\" content=\"13 minutos\" \/>\n<script type=\"application\/ld+json\" class=\"yoast-schema-graph\">{\"@context\":\"https:\\\/\\\/schema.org\",\"@graph\":[{\"@type\":\"WebPage\",\"@id\":\"https:\\\/\\\/angloed.com\\\/es\\\/guia-para-encontrar-y-explorar-colegios-privados-ingleses\\\/\",\"url\":\"https:\\\/\\\/angloed.com\\\/es\\\/guia-para-encontrar-y-explorar-colegios-privados-ingleses\\\/\",\"name\":\"B\u00fasqueda de los mejores colegios privados - Anglo Education\",\"isPartOf\":{\"@id\":\"https:\\\/\\\/angloed.com\\\/es\\\/#website\"},\"datePublished\":\"2023-09-04T07:10:50+00:00\",\"dateModified\":\"2025-10-13T12:12:15+00:00\",\"description\":\"Colegios privados ingleses: independientes del gobierno.\",\"breadcrumb\":{\"@id\":\"https:\\\/\\\/angloed.com\\\/es\\\/guia-para-encontrar-y-explorar-colegios-privados-ingleses\\\/#breadcrumb\"},\"inLanguage\":\"es\",\"potentialAction\":[{\"@type\":\"ReadAction\",\"target\":[\"https:\\\/\\\/angloed.com\\\/es\\\/guia-para-encontrar-y-explorar-colegios-privados-ingleses\\\/\"]}]},{\"@type\":\"BreadcrumbList\",\"@id\":\"https:\\\/\\\/angloed.com\\\/es\\\/guia-para-encontrar-y-explorar-colegios-privados-ingleses\\\/#breadcrumb\",\"itemListElement\":[{\"@type\":\"ListItem\",\"position\":1,\"name\":\"Inicio\",\"item\":\"https:\\\/\\\/angloed.com\\\/es\\\/\"},{\"@type\":\"ListItem\",\"position\":2,\"name\":\"B\u00fasqueda de los mejores colegios privados\"}]},{\"@type\":\"WebSite\",\"@id\":\"https:\\\/\\\/angloed.com\\\/es\\\/#website\",\"url\":\"https:\\\/\\\/angloed.com\\\/es\\\/\",\"name\":\"Anglo Education Services\",\"description\":\"A Path to English Education\",\"publisher\":{\"@id\":\"https:\\\/\\\/angloed.com\\\/es\\\/#organization\"},\"potentialAction\":[{\"@type\":\"SearchAction\",\"target\":{\"@type\":\"EntryPoint\",\"urlTemplate\":\"https:\\\/\\\/angloed.com\\\/es\\\/?s={search_term_string}\"},\"query-input\":{\"@type\":\"PropertyValueSpecification\",\"valueRequired\":true,\"valueName\":\"search_term_string\"}}],\"inLanguage\":\"es\"},{\"@type\":\"Organization\",\"@id\":\"https:\\\/\\\/angloed.com\\\/es\\\/#organization\",\"name\":\"Anglo Education\",\"url\":\"https:\\\/\\\/angloed.com\\\/es\\\/\",\"logo\":{\"@type\":\"ImageObject\",\"inLanguage\":\"es\",\"@id\":\"https:\\\/\\\/angloed.com\\\/es\\\/#\\\/schema\\\/logo\\\/image\\\/\",\"url\":\"https:\\\/\\\/angloed.com\\\/wp-content\\\/uploads\\\/2022\\\/01\\\/Anglo-Education-Logo-2021-2-2.png\",\"contentUrl\":\"https:\\\/\\\/angloed.com\\\/wp-content\\\/uploads\\\/2022\\\/01\\\/Anglo-Education-Logo-2021-2-2.png\",\"width\":1063,\"height\":1063,\"caption\":\"Anglo Education\"},\"image\":{\"@id\":\"https:\\\/\\\/angloed.com\\\/es\\\/#\\\/schema\\\/logo\\\/image\\\/\"},\"sameAs\":[\"https:\\\/\\\/www.facebook.com\\\/AngloEducation\\\/\"]}]}<\/script>\n<!-- \/ Yoast SEO plugin. -->","yoast_head_json":{"title":"B\u00fasqueda de los mejores colegios privados - Anglo Education","description":"Colegios privados ingleses: independientes del gobierno.","robots":{"index":"index","follow":"follow","max-snippet":"max-snippet:-1","max-image-preview":"max-image-preview:large","max-video-preview":"max-video-preview:-1"},"canonical":"https:\/\/angloed.com\/es\/guia-para-encontrar-y-explorar-colegios-privados-ingleses\/","og_locale":"es_ES","og_type":"article","og_title":"B\u00fasqueda de los mejores colegios privados - Anglo Education","og_description":"Colegios privados ingleses: independientes del gobierno.","og_url":"https:\/\/angloed.com\/es\/guia-para-encontrar-y-explorar-colegios-privados-ingleses\/","og_site_name":"Anglo Education","article_publisher":"https:\/\/www.facebook.com\/AngloEducation\/","article_modified_time":"2025-10-13T12:12:15+00:00","twitter_card":"summary_large_image","twitter_misc":{"Tiempo de lectura":"13 minutos"},"schema":{"@context":"https:\/\/schema.org","@graph":[{"@type":"WebPage","@id":"https:\/\/angloed.com\/es\/guia-para-encontrar-y-explorar-colegios-privados-ingleses\/","url":"https:\/\/angloed.com\/es\/guia-para-encontrar-y-explorar-colegios-privados-ingleses\/","name":"B\u00fasqueda de los mejores colegios privados - Anglo Education","isPartOf":{"@id":"https:\/\/angloed.com\/es\/#website"},"datePublished":"2023-09-04T07:10:50+00:00","dateModified":"2025-10-13T12:12:15+00:00","description":"Colegios privados ingleses: independientes del gobierno.","breadcrumb":{"@id":"https:\/\/angloed.com\/es\/guia-para-encontrar-y-explorar-colegios-privados-ingleses\/#breadcrumb"},"inLanguage":"es","potentialAction":[{"@type":"ReadAction","target":["https:\/\/angloed.com\/es\/guia-para-encontrar-y-explorar-colegios-privados-ingleses\/"]}]},{"@type":"BreadcrumbList","@id":"https:\/\/angloed.com\/es\/guia-para-encontrar-y-explorar-colegios-privados-ingleses\/#breadcrumb","itemListElement":[{"@type":"ListItem","position":1,"name":"Inicio","item":"https:\/\/angloed.com\/es\/"},{"@type":"ListItem","position":2,"name":"B\u00fasqueda de los mejores colegios privados"}]},{"@type":"WebSite","@id":"https:\/\/angloed.com\/es\/#website","url":"https:\/\/angloed.com\/es\/","name":"Anglo Education Services","description":"A Path to English Education","publisher":{"@id":"https:\/\/angloed.com\/es\/#organization"},"potentialAction":[{"@type":"SearchAction","target":{"@type":"EntryPoint","urlTemplate":"https:\/\/angloed.com\/es\/?s={search_term_string}"},"query-input":{"@type":"PropertyValueSpecification","valueRequired":true,"valueName":"search_term_string"}}],"inLanguage":"es"},{"@type":"Organization","@id":"https:\/\/angloed.com\/es\/#organization","name":"Anglo Education","url":"https:\/\/angloed.com\/es\/","logo":{"@type":"ImageObject","inLanguage":"es","@id":"https:\/\/angloed.com\/es\/#\/schema\/logo\/image\/","url":"https:\/\/angloed.com\/wp-content\/uploads\/2022\/01\/Anglo-Education-Logo-2021-2-2.png","contentUrl":"https:\/\/angloed.com\/wp-content\/uploads\/2022\/01\/Anglo-Education-Logo-2021-2-2.png","width":1063,"height":1063,"caption":"Anglo Education"},"image":{"@id":"https:\/\/angloed.com\/es\/#\/schema\/logo\/image\/"},"sameAs":["https:\/\/www.facebook.com\/AngloEducation\/"]}]}},"_links":{"self":[{"href":"https:\/\/angloed.com\/es\/wp-json\/wp\/v2\/pages\/3247","targetHints":{"allow":["GET"]}}],"collection":[{"href":"https:\/\/angloed.com\/es\/wp-json\/wp\/v2\/pages"}],"about":[{"href":"https:\/\/angloed.com\/es\/wp-json\/wp\/v2\/types\/page"}],"author":[{"embeddable":true,"href":"https:\/\/angloed.com\/es\/wp-json\/wp\/v2\/users\/4"}],"replies":[{"embeddable":true,"href":"https:\/\/angloed.com\/es\/wp-json\/wp\/v2\/comments?post=3247"}],"version-history":[{"count":20,"href":"https:\/\/angloed.com\/es\/wp-json\/wp\/v2\/pages\/3247\/revisions"}],"predecessor-version":[{"id":3873,"href":"https:\/\/angloed.com\/es\/wp-json\/wp\/v2\/pages\/3247\/revisions\/3873"}],"wp:attachment":[{"href":"https:\/\/angloed.com\/es\/wp-json\/wp\/v2\/media?parent=3247"}],"curies":[{"name":"wp","href":"https:\/\/api.w.org\/{rel}","templated":true}]}}