{"id":3255,"date":"2023-10-12T03:20:26","date_gmt":"2023-10-12T02:20:26","guid":{"rendered":"https:\/\/angloed.com\/los-mejores-cursos-de-ingles-en-el-reino-unido\/"},"modified":"2025-12-14T02:21:32","modified_gmt":"2025-12-14T02:21:32","slug":"los-mejores-cursos-de-ingles-en-el-reino-unido","status":"publish","type":"page","link":"https:\/\/angloed.com\/es\/los-mejores-cursos-de-ingles-en-el-reino-unido\/","title":{"rendered":"Los mejores cursos de ingl\u00e9s en el Reino Unido"},"content":{"rendered":"<div class=\"fusion-fullwidth fullwidth-box fusion-builder-row-1 fusion-flex-container nonhundred-percent-fullwidth non-hundred-percent-height-scrolling\" style=\"--awb-border-radius-top-left:0px;--awb-border-radius-top-right:0px;--awb-border-radius-bottom-right:0px;--awb-border-radius-bottom-left:0px;--awb-flex-wrap:wrap;\" ><div class=\"fusion-builder-row fusion-row fusion-flex-align-items-flex-start fusion-flex-content-wrap\" style=\"max-width:1331.2px;margin-left: calc(-4% \/ 2 );margin-right: calc(-4% \/ 2 );\"><div class=\"fusion-layout-column fusion_builder_column fusion-builder-column-0 fusion_builder_column_1_3 1_3 fusion-flex-column\" style=\"--awb-bg-size:cover;--awb-width-large:33.333333333333%;--awb-margin-top-large:10px;--awb-spacing-right-large:5.76%;--awb-margin-bottom-large:10px;--awb-spacing-left-large:5.76%;--awb-width-medium:100%;--awb-order-medium:0;--awb-spacing-right-medium:1.92%;--awb-spacing-left-medium:1.92%;--awb-width-small:100%;--awb-order-small:0;--awb-spacing-right-small:1.92%;--awb-spacing-left-small:1.92%;\"><div class=\"fusion-column-wrapper fusion-column-has-shadow fusion-flex-justify-content-flex-start fusion-content-layout-column\"><div class=\"fusion-text fusion-text-1\"><h1 data-start=\"282\" data-end=\"355\"><strong data-start=\"317\" data-end=\"355\">Cursos de ingl\u00e9s en el Reino Unido<\/strong><\/h1>\n<p>Si est\u00e1 interesado en cursos de <a href=\"https:\/\/en.wikipedia.org\/wiki\/Language_school\" target=\"_blank\" rel=\"noopener\">ingl\u00e9s<\/a> en el Reino Unido, entonces est\u00e1 en el lugar correcto. Con la ayuda de Anglo Education Services (AES), los estudiantes y sus familias pueden solicitar una plaza en escuelas privadas de ingl\u00e9s y en internados en Inglaterra. <\/p>\n<p>En Anglo Education Services, nos esforzamos por seguir moldeando las trayectorias educativas de los estudiantes de todo el mundo, capacit\u00e1ndolos para prosperar en un panorama global en constante cambio. Para obtener m\u00e1s informaci\u00f3n sobre nuestros servicios integrales, lea este art\u00edculo.<\/p>\n<\/div><\/div><\/div><div class=\"fusion-layout-column fusion_builder_column fusion-builder-column-1 fusion_builder_column_2_3 2_3 fusion-flex-column\" style=\"--awb-bg-size:cover;--awb-width-large:66.666666666667%;--awb-margin-top-large:10px;--awb-spacing-right-large:2.88%;--awb-margin-bottom-large:10px;--awb-spacing-left-large:2.88%;--awb-width-medium:100%;--awb-order-medium:0;--awb-spacing-right-medium:1.92%;--awb-spacing-left-medium:1.92%;--awb-width-small:100%;--awb-order-small:0;--awb-spacing-right-small:1.92%;--awb-spacing-left-small:1.92%;\"><div class=\"fusion-column-wrapper fusion-column-has-shadow fusion-flex-justify-content-flex-start fusion-content-layout-column\"><div class=\"fusion-image-element \" style=\"--awb-caption-title-font-family:var(--h2_typography-font-family);--awb-caption-title-font-weight:var(--h2_typography-font-weight);--awb-caption-title-font-style:var(--h2_typography-font-style);--awb-caption-title-size:var(--h2_typography-font-size);--awb-caption-title-transform:var(--h2_typography-text-transform);--awb-caption-title-line-height:var(--h2_typography-line-height);--awb-caption-title-letter-spacing:var(--h2_typography-letter-spacing);\"><span class=\" fusion-imageframe imageframe-none imageframe-1 hover-type-none\"><img fetchpriority=\"high\" fetchpriority=\"high\" decoding=\"async\" width=\"1200\" height=\"800\" alt=\"Cursos de ingl\u00e9s en el Reino Unido\" title=\"Cursos de ingl\u00e9s en el Reino Unido\" src=\"https:\/\/angloed.com\/wp-content\/uploads\/2022\/03\/Bedes-summer-tours.jpg\" data-orig-src=\"https:\/\/angloed.com\/wp-content\/uploads\/2022\/03\/Bedes-summer-tours.jpg\" class=\"lazyload img-responsive wp-image-3588\" srcset=\"data:image\/svg+xml,%3Csvg%20xmlns%3D%27http%3A%2F%2Fwww.w3.org%2F2000%2Fsvg%27%20width%3D%271200%27%20height%3D%27800%27%20viewBox%3D%270%200%201200%20800%27%3E%3Crect%20width%3D%271200%27%20height%3D%27800%27%20fill-opacity%3D%220%22%2F%3E%3C%2Fsvg%3E\" data-srcset=\"https:\/\/angloed.com\/wp-content\/uploads\/2022\/03\/Bedes-summer-tours-200x133.jpg 200w, https:\/\/angloed.com\/wp-content\/uploads\/2022\/03\/Bedes-summer-tours-400x267.jpg 400w, https:\/\/angloed.com\/wp-content\/uploads\/2022\/03\/Bedes-summer-tours-600x400.jpg 600w, https:\/\/angloed.com\/wp-content\/uploads\/2022\/03\/Bedes-summer-tours-800x533.jpg 800w, https:\/\/angloed.com\/wp-content\/uploads\/2022\/03\/Bedes-summer-tours.jpg 1200w\" data-sizes=\"auto\" data-orig-sizes=\"(max-width: 1024px) 100vw, (max-width: 640px) 100vw, 1200px\" \/><\/span><\/div><\/div><\/div><div class=\"fusion-layout-column fusion_builder_column fusion-builder-column-2 fusion_builder_column_1_1 1_1 fusion-flex-column\" style=\"--awb-bg-size:cover;--awb-width-large:100%;--awb-margin-top-large:0px;--awb-spacing-right-large:1.92%;--awb-margin-bottom-large:0px;--awb-spacing-left-large:1.92%;--awb-width-medium:100%;--awb-spacing-right-medium:1.92%;--awb-spacing-left-medium:1.92%;--awb-width-small:100%;--awb-spacing-right-small:1.92%;--awb-spacing-left-small:1.92%;\"><div class=\"fusion-column-wrapper fusion-flex-justify-content-flex-start fusion-content-layout-column\"><div class=\"fusion-text fusion-text-2\"><h2>Estudie en la escuela m\u00e1s adecuada y aprenda nuevas habilidades ling\u00fc\u00edsticas<\/h2>\n<p>Cada a\u00f1o, visitamos un gran n\u00famero de escuelas independientes e internados ingleses en Inglaterra. Analizamos y evaluamos el plan de estudios acad\u00e9mico, la infraestructura, el personal, la administraci\u00f3n y las clases de ingl\u00e9s de cada escuela. <\/p>\n<p>A trav\u00e9s de este procedimiento, proporcionaremos a las familias internacionales asesoramiento experto, imparcial y objetivo en cada etapa del proceso de admisi\u00f3n a escuelas privadas, desde la etapa de b\u00fasqueda de escuelas hasta la etapa posterior a la decisi\u00f3n.<\/p>\n<h2>El papel de Anglo Education Services<\/h2>\n<p>Somos un grupo de consultores educativos con m\u00e1s de 20 a\u00f1os de experiencia trabajando con escuelas inglesas. En AES, somos conscientes de la importancia de la educaci\u00f3n y de los estrictos requisitos de admisi\u00f3n para las escuelas independientes. <\/p>\n<p>Para los estudiantes internacionales y sus familias en particular, navegar por las complejidades de la solicitud a una escuela de ingl\u00e9s independiente en el Reino Unido puede ser una tarea desalentadora. Anglo Education Services puede ayudar proporcionando su gran conocimiento y experiencia para hacer el viaje m\u00e1s f\u00e1cil y manejable. <\/p>\n<h2>Cursos de ingl\u00e9s y orientaci\u00f3n experta para el estudio<\/h2>\n<p>Como un<a href=\"https:\/\/angloed.com\/es\/acerca-de-anglo-education\/\"> equipo de asesores educativos expertos <\/a>con una amplia experiencia en las complejidades del sistema educativo del Reino Unido. Nuestro asesoramiento en profundidad cubre todo, desde la elecci\u00f3n de la mejor escuela hasta la comprensi\u00f3n de los est\u00e1ndares de admisi\u00f3n y las oportunidades de becas. Nuestra comprensi\u00f3n integral del aprendizaje del idioma ingl\u00e9s garantiza que los estudiantes tomen decisiones acertadas, que coincidan con su nivel de competencia y el curso de idiomas m\u00e1s adecuado.  <\/p>\n<h2>Amplia red de estudios y escuelas<\/h2>\n<p>En AES, hemos establecido una importante red de contactos y asociaciones dentro de la industria de la educaci\u00f3n a lo largo de nuestros veinte a\u00f1os de historia. Adem\u00e1s de facilitar las presentaciones al personal escolar importante, nuestra red ayudar\u00e1 a un estudiante internacional agilizando el proceso de solicitud. A trav\u00e9s de nuestra red, podemos dar a los estudiantes conocimiento sobre el esp\u00edritu y la cultura brit\u00e1nica de varias escuelas, lo que permite a los estudiantes tomar decisiones acertadas.  <\/p>\n<h2>Escuelas y cursos de ingl\u00e9s<\/h2>\n<p>Los <a href=\"https:\/\/angloed.com\/es\/colegios-y-cursos\/\">cursos <\/a>que se enumeran a continuaci\u00f3n est\u00e1n dirigidos a una amplia gama de estudiantes, desde principiantes hasta estudiantes avanzados. Incluyen programas intensivos de idiomas, cursos generales de ingl\u00e9s y programas especializados como ingl\u00e9s para negocios o ingl\u00e9s acad\u00e9mico. <\/p>\n<h3>Cursos generales de ingl\u00e9s<\/h3>\n<p>Un curso de ingl\u00e9s tiene como objetivo ayudar a los estudiantes a ser m\u00e1s competentes en todas las \u00e1reas de las habilidades en ingl\u00e9s. Estas lecciones incluyen gram\u00e1tica, vocabulario, pronunciaci\u00f3n, comprensi\u00f3n auditiva y expresi\u00f3n oral. <\/p>\n<h3>Cursos de ingl\u00e9s acad\u00e9mico<\/h3>\n<p>Este curso de ingl\u00e9s tiene como objetivo brindar a los estudiantes el dominio del idioma ingl\u00e9s que necesitar\u00e1n para tener \u00e9xito en el lugar de trabajo global actual. Estas clases enfatizan el desarrollo de las habilidades de lectura, escritura, expresi\u00f3n oral y comprensi\u00f3n auditiva con un enfoque en el vocabulario acad\u00e9mico y el estilo de escritura. <\/p>\n<h3>Cursos de ingl\u00e9s para negocios<\/h3>\n<p>Estos programas est\u00e1n dise\u00f1ados para ayudar a los estudiantes a prepararse para estudios acad\u00e9micos en el extranjero en pa\u00edses de habla inglesa. Mejoran las perspectivas laborales y las habilidades de comunicaci\u00f3n global para una amplia gama de estudiantes. Desde profesionales de nivel inicial hasta ejecutivos.  <\/p>\n<h3>Cursos de preparaci\u00f3n para ex\u00e1menes<\/h3>\n<p>Dominio general del idioma ingl\u00e9s del estudiante, incluida la gram\u00e1tica, el vocabulario, la pronunciaci\u00f3n y la comprensi\u00f3n auditiva y oral. El objetivo principal de estos cursos de nivel de ingl\u00e9s es la preparaci\u00f3n para el examen para aprobar un examen de ingl\u00e9s. <\/p>\n<h3><a href=\"https:\/\/angloed.com\/es\/category\/cursos-de-verano\/\">Cursos de verano<\/a><\/h3>\n<p>Estos cursos de verano en r\u00e9gimen de internado brindan a los estudiantes la oportunidad de divertirse, hacer nuevos amigos y asistir a clases. Todo ello mientras trabajan en sus habilidades en el idioma ingl\u00e9s para aprobar un examen final. <\/p>\n<h2>\u00bfListo para estudiar ingl\u00e9s?<\/h2>\n<p>AES tiene que ser su primera opci\u00f3n si est\u00e1 pensando en estudiar ingl\u00e9s en el Reino Unido. Nuestra amplia selecci\u00f3n de cursos y conocimiento de las escuelas de idiomas es insuperable. El aprendizaje de ingl\u00e9s se puede adaptar para adaptarse a cualquier necesidad o presupuesto, y nuestro personal capacitado y experimentado le ayudar\u00e1 a tener \u00e9xito.  <\/p>\n<p>P\u00f3ngase en contacto con nosotros hoy mismo, puede contactarnos directamente por tel\u00e9fono o completar nuestro formulario de consulta. Toda la informaci\u00f3n de contacto est\u00e1 disponible en nuestro sitio web. <\/p>\n<h4>\u00a1Disfrutamos ayud\u00e1ndole a alcanzar sus objetivos porque Anglo Education Services es un servicio para USTED!<\/h4>\n<p style=\"text-align: center;\"><a href=\"https:\/\/angloed.com\/es\/contacte-con-nosotros-y-presente-su-solicitud\/\"><button class=\"button button1\">Cont\u00e1ctenos<\/button><\/a><\/p>\n<\/div><\/div><\/div><\/div><\/div>\n","protected":false},"excerpt":{"rendered":"","protected":false},"author":4,"featured_media":0,"parent":0,"menu_order":0,"comment_status":"closed","ping_status":"closed","template":"","meta":{"_monsterinsights_skip_tracking":false,"_monsterinsights_sitenote_active":false,"_monsterinsights_sitenote_note":"","_monsterinsights_sitenote_category":0,"iawp_total_views":4,"footnotes":""},"class_list":["post-3255","page","type-page","status-publish","hentry"],"yoast_head":"<!-- This site is optimized with the Yoast SEO plugin v27.3 - https:\/\/yoast.com\/product\/yoast-seo-wordpress\/ -->\n<title>English Language Courses in the UK - Anglo Education<\/title>\n<meta name=\"description\" content=\"Learn about English language courses in the UK and how Anglo Education helps students choose the most suitable English course.\" \/>\n<meta name=\"robots\" content=\"index, follow, max-snippet:-1, max-image-preview:large, max-video-preview:-1\" \/>\n<link rel=\"canonical\" href=\"https:\/\/angloed.com\/es\/los-mejores-cursos-de-ingles-en-el-reino-unido\/\" \/>\n<meta property=\"og:locale\" content=\"es_ES\" \/>\n<meta property=\"og:type\" content=\"article\" \/>\n<meta property=\"og:title\" content=\"English Language Courses in the UK - Anglo Education\" \/>\n<meta property=\"og:description\" content=\"Learn about English language courses in the UK and how Anglo Education helps students choose the most suitable English course.\" \/>\n<meta property=\"og:url\" content=\"https:\/\/angloed.com\/es\/los-mejores-cursos-de-ingles-en-el-reino-unido\/\" \/>\n<meta property=\"og:site_name\" content=\"Anglo Education\" \/>\n<meta property=\"article:publisher\" content=\"https:\/\/www.facebook.com\/AngloEducation\/\" \/>\n<meta property=\"article:modified_time\" content=\"2025-12-14T02:21:32+00:00\" \/>\n<meta name=\"twitter:card\" content=\"summary_large_image\" \/>\n<meta name=\"twitter:label1\" content=\"Tiempo de lectura\" \/>\n\t<meta name=\"twitter:data1\" content=\"4 minutos\" \/>\n<script type=\"application\/ld+json\" class=\"yoast-schema-graph\">{\"@context\":\"https:\\\/\\\/schema.org\",\"@graph\":[{\"@type\":\"WebPage\",\"@id\":\"https:\\\/\\\/angloed.com\\\/es\\\/los-mejores-cursos-de-ingles-en-el-reino-unido\\\/\",\"url\":\"https:\\\/\\\/angloed.com\\\/es\\\/los-mejores-cursos-de-ingles-en-el-reino-unido\\\/\",\"name\":\"English Language Courses in the UK - Anglo Education\",\"isPartOf\":{\"@id\":\"https:\\\/\\\/angloed.com\\\/es\\\/#website\"},\"datePublished\":\"2023-10-12T02:20:26+00:00\",\"dateModified\":\"2025-12-14T02:21:32+00:00\",\"description\":\"Learn about English language courses in the UK and how Anglo Education helps students choose the most suitable English course.\",\"breadcrumb\":{\"@id\":\"https:\\\/\\\/angloed.com\\\/es\\\/los-mejores-cursos-de-ingles-en-el-reino-unido\\\/#breadcrumb\"},\"inLanguage\":\"es\",\"potentialAction\":[{\"@type\":\"ReadAction\",\"target\":[\"https:\\\/\\\/angloed.com\\\/es\\\/los-mejores-cursos-de-ingles-en-el-reino-unido\\\/\"]}]},{\"@type\":\"BreadcrumbList\",\"@id\":\"https:\\\/\\\/angloed.com\\\/es\\\/los-mejores-cursos-de-ingles-en-el-reino-unido\\\/#breadcrumb\",\"itemListElement\":[{\"@type\":\"ListItem\",\"position\":1,\"name\":\"Inicio\",\"item\":\"https:\\\/\\\/angloed.com\\\/es\\\/\"},{\"@type\":\"ListItem\",\"position\":2,\"name\":\"Los mejores cursos de ingl\u00e9s en el Reino Unido\"}]},{\"@type\":\"WebSite\",\"@id\":\"https:\\\/\\\/angloed.com\\\/es\\\/#website\",\"url\":\"https:\\\/\\\/angloed.com\\\/es\\\/\",\"name\":\"Anglo Education Services\",\"description\":\"A Path to English Education\",\"publisher\":{\"@id\":\"https:\\\/\\\/angloed.com\\\/es\\\/#organization\"},\"potentialAction\":[{\"@type\":\"SearchAction\",\"target\":{\"@type\":\"EntryPoint\",\"urlTemplate\":\"https:\\\/\\\/angloed.com\\\/es\\\/?s={search_term_string}\"},\"query-input\":{\"@type\":\"PropertyValueSpecification\",\"valueRequired\":true,\"valueName\":\"search_term_string\"}}],\"inLanguage\":\"es\"},{\"@type\":\"Organization\",\"@id\":\"https:\\\/\\\/angloed.com\\\/es\\\/#organization\",\"name\":\"Anglo Education\",\"url\":\"https:\\\/\\\/angloed.com\\\/es\\\/\",\"logo\":{\"@type\":\"ImageObject\",\"inLanguage\":\"es\",\"@id\":\"https:\\\/\\\/angloed.com\\\/es\\\/#\\\/schema\\\/logo\\\/image\\\/\",\"url\":\"https:\\\/\\\/angloed.com\\\/wp-content\\\/uploads\\\/2022\\\/01\\\/Anglo-Education-Logo-2021-2-2.png\",\"contentUrl\":\"https:\\\/\\\/angloed.com\\\/wp-content\\\/uploads\\\/2022\\\/01\\\/Anglo-Education-Logo-2021-2-2.png\",\"width\":1063,\"height\":1063,\"caption\":\"Anglo Education\"},\"image\":{\"@id\":\"https:\\\/\\\/angloed.com\\\/es\\\/#\\\/schema\\\/logo\\\/image\\\/\"},\"sameAs\":[\"https:\\\/\\\/www.facebook.com\\\/AngloEducation\\\/\"]}]}<\/script>\n<!-- \/ Yoast SEO plugin. -->","yoast_head_json":{"title":"English Language Courses in the UK - Anglo Education","description":"Learn about English language courses in the UK and how Anglo Education helps students choose the most suitable English course.","robots":{"index":"index","follow":"follow","max-snippet":"max-snippet:-1","max-image-preview":"max-image-preview:large","max-video-preview":"max-video-preview:-1"},"canonical":"https:\/\/angloed.com\/es\/los-mejores-cursos-de-ingles-en-el-reino-unido\/","og_locale":"es_ES","og_type":"article","og_title":"English Language Courses in the UK - Anglo Education","og_description":"Learn about English language courses in the UK and how Anglo Education helps students choose the most suitable English course.","og_url":"https:\/\/angloed.com\/es\/los-mejores-cursos-de-ingles-en-el-reino-unido\/","og_site_name":"Anglo Education","article_publisher":"https:\/\/www.facebook.com\/AngloEducation\/","article_modified_time":"2025-12-14T02:21:32+00:00","twitter_card":"summary_large_image","twitter_misc":{"Tiempo de lectura":"4 minutos"},"schema":{"@context":"https:\/\/schema.org","@graph":[{"@type":"WebPage","@id":"https:\/\/angloed.com\/es\/los-mejores-cursos-de-ingles-en-el-reino-unido\/","url":"https:\/\/angloed.com\/es\/los-mejores-cursos-de-ingles-en-el-reino-unido\/","name":"English Language Courses in the UK - Anglo Education","isPartOf":{"@id":"https:\/\/angloed.com\/es\/#website"},"datePublished":"2023-10-12T02:20:26+00:00","dateModified":"2025-12-14T02:21:32+00:00","description":"Learn about English language courses in the UK and how Anglo Education helps students choose the most suitable English course.","breadcrumb":{"@id":"https:\/\/angloed.com\/es\/los-mejores-cursos-de-ingles-en-el-reino-unido\/#breadcrumb"},"inLanguage":"es","potentialAction":[{"@type":"ReadAction","target":["https:\/\/angloed.com\/es\/los-mejores-cursos-de-ingles-en-el-reino-unido\/"]}]},{"@type":"BreadcrumbList","@id":"https:\/\/angloed.com\/es\/los-mejores-cursos-de-ingles-en-el-reino-unido\/#breadcrumb","itemListElement":[{"@type":"ListItem","position":1,"name":"Inicio","item":"https:\/\/angloed.com\/es\/"},{"@type":"ListItem","position":2,"name":"Los mejores cursos de ingl\u00e9s en el Reino Unido"}]},{"@type":"WebSite","@id":"https:\/\/angloed.com\/es\/#website","url":"https:\/\/angloed.com\/es\/","name":"Anglo Education Services","description":"A Path to English Education","publisher":{"@id":"https:\/\/angloed.com\/es\/#organization"},"potentialAction":[{"@type":"SearchAction","target":{"@type":"EntryPoint","urlTemplate":"https:\/\/angloed.com\/es\/?s={search_term_string}"},"query-input":{"@type":"PropertyValueSpecification","valueRequired":true,"valueName":"search_term_string"}}],"inLanguage":"es"},{"@type":"Organization","@id":"https:\/\/angloed.com\/es\/#organization","name":"Anglo Education","url":"https:\/\/angloed.com\/es\/","logo":{"@type":"ImageObject","inLanguage":"es","@id":"https:\/\/angloed.com\/es\/#\/schema\/logo\/image\/","url":"https:\/\/angloed.com\/wp-content\/uploads\/2022\/01\/Anglo-Education-Logo-2021-2-2.png","contentUrl":"https:\/\/angloed.com\/wp-content\/uploads\/2022\/01\/Anglo-Education-Logo-2021-2-2.png","width":1063,"height":1063,"caption":"Anglo Education"},"image":{"@id":"https:\/\/angloed.com\/es\/#\/schema\/logo\/image\/"},"sameAs":["https:\/\/www.facebook.com\/AngloEducation\/"]}]}},"_links":{"self":[{"href":"https:\/\/angloed.com\/es\/wp-json\/wp\/v2\/pages\/3255","targetHints":{"allow":["GET"]}}],"collection":[{"href":"https:\/\/angloed.com\/es\/wp-json\/wp\/v2\/pages"}],"about":[{"href":"https:\/\/angloed.com\/es\/wp-json\/wp\/v2\/types\/page"}],"author":[{"embeddable":true,"href":"https:\/\/angloed.com\/es\/wp-json\/wp\/v2\/users\/4"}],"replies":[{"embeddable":true,"href":"https:\/\/angloed.com\/es\/wp-json\/wp\/v2\/comments?post=3255"}],"version-history":[{"count":14,"href":"https:\/\/angloed.com\/es\/wp-json\/wp\/v2\/pages\/3255\/revisions"}],"predecessor-version":[{"id":4109,"href":"https:\/\/angloed.com\/es\/wp-json\/wp\/v2\/pages\/3255\/revisions\/4109"}],"wp:attachment":[{"href":"https:\/\/angloed.com\/es\/wp-json\/wp\/v2\/media?parent=3255"}],"curies":[{"name":"wp","href":"https:\/\/api.w.org\/{rel}","templated":true}]}}