{"id":3279,"date":"2023-11-24T06:32:46","date_gmt":"2023-11-24T06:32:46","guid":{"rendered":"https:\/\/angloed.com\/la-principal-agencia-de-servicios-educativos-internacionales-para-colegios-del-reino-unido\/"},"modified":"2025-10-13T13:07:25","modified_gmt":"2025-10-13T12:07:25","slug":"la-principal-agencia-de-servicios-educativos-internacionales-para-colegios-del-reino-unido","status":"publish","type":"page","link":"https:\/\/angloed.com\/es\/la-principal-agencia-de-servicios-educativos-internacionales-para-colegios-del-reino-unido\/","title":{"rendered":"La principal agencia internacional de servicios educativos para el Reino Unido"},"content":{"rendered":"<p data-pm-slice=\"1 1 []\">Como agencia internacional l\u00edder en <a href=\"https:\/\/en.wikipedia.org\/wiki\/Educational_consultant\" target=\"_blank\" rel=\"noopener\">servicios educativos<\/a>, Anglo Educational Services es la puerta de entrada a las oportunidades educativas en el Reino Unido para estudiantes de todo el mundo. Nuestro compromiso reside en facilitar transiciones educativas fluidas y capacitar a los estudiantes para que persigan sus aspiraciones acad\u00e9micas en prestigiosas escuelas privadas del Reino Unido. <\/p>\n<p>Con nuestra amplia gama de servicios para estudiantes internacionales, seguimos dedicados a fomentar experiencias educativas globales.<\/p>\n<h2>Nuestro papel como agencia de servicios educativos<\/h2>\n<p>Como las principales agencias de servicios educativos, actuamos como catalizador en la organizaci\u00f3n de colocaciones educativas para estudiantes que desean estudiar en el sector privado del Reino Unido. Nuestra experiencia reside en la meticulosa selecci\u00f3n de estudiantes para instituciones acad\u00e9micas de prestigio en todo el Reino Unido. A trav\u00e9s de nuestra red establecida, facilitamos el acceso a la mejor educaci\u00f3n privada.  <\/p>\n<h3>Fomentar las experiencias internacionales<\/h3>\n<p>En AES, priorizamos el enriquecimiento de los itinerarios educativos de los estudiantes ofreciendo experiencias multifac\u00e9ticas m\u00e1s all\u00e1 de lo acad\u00e9mico tradicional. Nuestro enfoque se extiende m\u00e1s all\u00e1 de las meras colocaciones, haciendo hincapi\u00e9 en el cultivo de perspectivas globales a trav\u00e9s de programas acad\u00e9micos y oportunidades de aprendizaje inmersivas. A trav\u00e9s de estas iniciativas, los estudiantes obtienen una valiosa experiencia pr\u00e1ctica, mejorando sus habilidades y aumentando sus actividades acad\u00e9micas con conocimientos pr\u00e1cticos.  <\/p>\n<h3>Asesoramiento acad\u00e9mico personalizado<\/h3>\n<p>AES se enorgullece de ofrecer orientaci\u00f3n y asesoramiento personalizados a padres y estudiantes. Como agencia de servicios educativos, reconocemos el car\u00e1cter \u00fanico del itinerario de cada estudiante. Nuestro equipo de profesionales especializados ofrece apoyo personalizado, ayudando a los estudiantes a tomar decisiones informadas sobre sus actividades educativas. Al proporcionar asesoramiento perspicaz y abordar las preocupaciones individuales, capacitamos a los estudiantes para que afronten las complejidades de la educaci\u00f3n internacional con confianza.   <\/p>\n<h3>Asociados con los mejores colegios<\/h3>\n<p>La colaboraci\u00f3n es la base del enfoque de AES. Forjamos asociaciones estrat\u00e9gicas con escuelas privadas e instituciones acad\u00e9micas. Esto fomenta una relaci\u00f3n mutuamente beneficiosa. A trav\u00e9s de estas colaboraciones, facilitamos procesos de admisi\u00f3n fluidos. Esto garantiza que los estudiantes reciban el apoyo y la orientaci\u00f3n necesarios tanto de AES como de las instituciones asociadas.    <\/p>\n<h3>Compromiso con la excelencia y la integridad<\/h3>\n<p>En AES, la integridad y la excelencia son las piedras angulares de nuestros servicios educativos. Mantenemos los m\u00e1s altos est\u00e1ndares de profesionalidad y conducta \u00e9tica. Por lo tanto, priorizamos la transparencia y la integridad en todas las interacciones con los estudiantes y las instituciones asociadas. Nuestro compromiso con el aseguramiento de la calidad y la equidad en la educaci\u00f3n garantiza que los estudiantes reciban servicios y apoyo sin igual a lo largo de su trayectoria acad\u00e9mica.   <\/p>\n<h2>Los futuros proyectos de nuestras agencias de servicios educativos<\/h2>\n<p>A medida que continuamos nuestro camino, como agencias de servicios educativos, seguimos firmes en nuestro compromiso de potenciar un impacto colectivo en los estudiantes de todo el mundo. Nuestra visi\u00f3n se extiende m\u00e1s all\u00e1 de facilitar las colocaciones educativas, aspiramos a ser catalizadores de experiencias educativas transformadoras, nutriendo a los futuros l\u00edderes y ciudadanos globales. <\/p>\n<h3>Somos agencias de servicios educativos que van m\u00e1s all\u00e1.<\/h3>\n<p>La definici\u00f3n de AES como agencia de servicios educativos es la dedicaci\u00f3n a facilitar las colocaciones educativas. Esto, a su vez, fomenta el desarrollo profesional y una experiencia internacional. Nuestros servicios integrales de agencias educativas para estudiantes tienen como objetivo subrayar nuestro compromiso de remodelar el panorama de la educaci\u00f3n internacional. A trav\u00e9s del enfoque hol\u00edstico de nuestras agencias de servicios educativos, aspiramos a inspirar y capacitar a los estudiantes para que sobresalgan acad\u00e9micamente al tiempo que abrazan la riqueza de la diversidad global.   <\/p>\n<h2>Por qu\u00e9 deber\u00eda ponerse en contacto con Anglo Educational Services<\/h2>\n<h4>Experiencia en la colocaci\u00f3n educativa<\/h4>\n<p>AES cuenta con una gran experiencia y conocimientos en el complejo panorama de las colocaciones educativas. Entendemos que cada estudiante es \u00fanico. Nuestro enfoque personalizado garantiza que los estudiantes sean emparejados con colegios que se ajusten a sus aspiraciones acad\u00e9micas, asegurando un ajuste perfecto para su trayectoria educativa.  <\/p>\n<h4>Amplia red de instituciones educativas asociadas<\/h4>\n<p>Nuestra red establecida se extiende a lo largo y ancho del Reino Unido, abarcando colegios e instituciones acad\u00e9micas de prestigio. A trav\u00e9s de estas asociaciones, proporcionamos acceso a una amplia gama de programas acad\u00e9micos, asegurando que los estudiantes tengan una pl\u00e9tora de opciones para explorar y encontrar el entorno educativo ideal para sus ambiciones. <\/p>\n<h4>Compromiso con la excelencia y la integridad<\/h4>\n<p>La integridad y la excelencia son el n\u00facleo de las operaciones de AES. Mantenemos los m\u00e1s altos est\u00e1ndares de profesionalidad y conducta \u00e9tica, garantizando la transparencia y la integridad en cada interacci\u00f3n. Los padres y los estudiantes pueden confiar en nuestro compromiso de ofrecer servicios y apoyo excepcionales durante todo el proceso de colocaci\u00f3n educativa.  <\/p>\n<h4>Cultivar perspectivas globales<\/h4>\n<p>AES va m\u00e1s all\u00e1 de lo acad\u00e9mico, haciendo hincapi\u00e9 en la importancia de cultivar perspectivas globales a trav\u00e9s de pr\u00e1cticas, programas acad\u00e9micos y experiencias de aprendizaje inmersivo. Al abrazar diversas culturas, los estudiantes obtienen conocimientos inestimables, mejorando sus habilidades y prepar\u00e1ndolos para un mundo globalizado. <\/p>\n<h4>Si elige AES, se embarcar\u00e1 en un viaje enriquecido con excelencia acad\u00e9mica, inmersi\u00f3n cultural y un apoyo sin igual, lo que garantiza una experiencia educativa transformadora en el Reino Unido. P\u00f3ngase en contacto con nosotros hoy mismo, toda la informaci\u00f3n de contacto est\u00e1 disponible en nuestro sitio web. <\/h4>\n<p>&nbsp;<\/p>\n<p style=\"text-align: center;\"><a href=\"https:\/\/angloed.com\/es\/contacte-con-nosotros-y-presente-su-solicitud\/\"><button class=\"button button1\">Cont\u00e1ctenos<\/button><\/a><\/p>\n<p>&nbsp;<\/p>\n","protected":false},"excerpt":{"rendered":"<p>Como agencia internacional l\u00edder en servicios educativos, Anglo Educational Services es la puerta de entrada a las oportunidades educativas en el Reino Unido para estudiantes de <a href=\"https:\/\/angloed.com\/es\/la-principal-agencia-de-servicios-educativos-internacionales-para-colegios-del-reino-unido\/\"> [&#8230;]<\/a><\/p>\n","protected":false},"author":4,"featured_media":0,"parent":0,"menu_order":0,"comment_status":"closed","ping_status":"closed","template":"","meta":{"_monsterinsights_skip_tracking":false,"_monsterinsights_sitenote_active":false,"_monsterinsights_sitenote_note":"","_monsterinsights_sitenote_category":0,"iawp_total_views":6,"footnotes":""},"class_list":["post-3279","page","type-page","status-publish","hentry"],"yoast_head":"<!-- This site is optimized with the Yoast SEO plugin v27.4 - https:\/\/yoast.com\/product\/yoast-seo-wordpress\/ -->\n<title>Agencia de servicios educativos - Anglo Education<\/title>\n<meta name=\"description\" content=\"Como agencia de servicios educativos internacionales l\u00edder, Anglo Educational Services (AES) es la puerta de acceso a las oportunidades educativas\" \/>\n<meta name=\"robots\" content=\"index, follow, max-snippet:-1, max-image-preview:large, max-video-preview:-1\" \/>\n<link rel=\"canonical\" href=\"https:\/\/angloed.com\/es\/la-principal-agencia-de-servicios-educativos-internacionales-para-colegios-del-reino-unido\/\" \/>\n<meta property=\"og:locale\" content=\"es_ES\" \/>\n<meta property=\"og:type\" content=\"article\" \/>\n<meta property=\"og:title\" content=\"Agencia de servicios educativos - Anglo Education\" \/>\n<meta property=\"og:description\" content=\"Como agencia de servicios educativos internacionales l\u00edder, Anglo Educational Services (AES) es la puerta de acceso a las oportunidades educativas\" \/>\n<meta property=\"og:url\" content=\"https:\/\/angloed.com\/es\/la-principal-agencia-de-servicios-educativos-internacionales-para-colegios-del-reino-unido\/\" \/>\n<meta property=\"og:site_name\" content=\"Anglo Education\" \/>\n<meta property=\"article:publisher\" content=\"https:\/\/www.facebook.com\/AngloEducation\/\" \/>\n<meta property=\"article:modified_time\" content=\"2025-10-13T12:07:25+00:00\" \/>\n<meta name=\"twitter:card\" content=\"summary_large_image\" \/>\n<meta name=\"twitter:label1\" content=\"Tiempo de lectura\" \/>\n\t<meta name=\"twitter:data1\" content=\"6 minutos\" \/>\n<script type=\"application\/ld+json\" class=\"yoast-schema-graph\">{\"@context\":\"https:\\\/\\\/schema.org\",\"@graph\":[{\"@type\":\"WebPage\",\"@id\":\"https:\\\/\\\/angloed.com\\\/es\\\/la-principal-agencia-de-servicios-educativos-internacionales-para-colegios-del-reino-unido\\\/\",\"url\":\"https:\\\/\\\/angloed.com\\\/es\\\/la-principal-agencia-de-servicios-educativos-internacionales-para-colegios-del-reino-unido\\\/\",\"name\":\"Agencia de servicios educativos - Anglo Education\",\"isPartOf\":{\"@id\":\"https:\\\/\\\/angloed.com\\\/es\\\/#website\"},\"datePublished\":\"2023-11-24T06:32:46+00:00\",\"dateModified\":\"2025-10-13T12:07:25+00:00\",\"description\":\"Como agencia de servicios educativos internacionales l\u00edder, Anglo Educational Services (AES) es la puerta de acceso a las oportunidades educativas\",\"breadcrumb\":{\"@id\":\"https:\\\/\\\/angloed.com\\\/es\\\/la-principal-agencia-de-servicios-educativos-internacionales-para-colegios-del-reino-unido\\\/#breadcrumb\"},\"inLanguage\":\"es\",\"potentialAction\":[{\"@type\":\"ReadAction\",\"target\":[\"https:\\\/\\\/angloed.com\\\/es\\\/la-principal-agencia-de-servicios-educativos-internacionales-para-colegios-del-reino-unido\\\/\"]}]},{\"@type\":\"BreadcrumbList\",\"@id\":\"https:\\\/\\\/angloed.com\\\/es\\\/la-principal-agencia-de-servicios-educativos-internacionales-para-colegios-del-reino-unido\\\/#breadcrumb\",\"itemListElement\":[{\"@type\":\"ListItem\",\"position\":1,\"name\":\"Inicio\",\"item\":\"https:\\\/\\\/angloed.com\\\/es\\\/\"},{\"@type\":\"ListItem\",\"position\":2,\"name\":\"La principal agencia internacional de servicios educativos para el Reino Unido\"}]},{\"@type\":\"WebSite\",\"@id\":\"https:\\\/\\\/angloed.com\\\/es\\\/#website\",\"url\":\"https:\\\/\\\/angloed.com\\\/es\\\/\",\"name\":\"Anglo Education Services\",\"description\":\"A Path to English Education\",\"publisher\":{\"@id\":\"https:\\\/\\\/angloed.com\\\/es\\\/#organization\"},\"potentialAction\":[{\"@type\":\"SearchAction\",\"target\":{\"@type\":\"EntryPoint\",\"urlTemplate\":\"https:\\\/\\\/angloed.com\\\/es\\\/?s={search_term_string}\"},\"query-input\":{\"@type\":\"PropertyValueSpecification\",\"valueRequired\":true,\"valueName\":\"search_term_string\"}}],\"inLanguage\":\"es\"},{\"@type\":\"Organization\",\"@id\":\"https:\\\/\\\/angloed.com\\\/es\\\/#organization\",\"name\":\"Anglo Education\",\"url\":\"https:\\\/\\\/angloed.com\\\/es\\\/\",\"logo\":{\"@type\":\"ImageObject\",\"inLanguage\":\"es\",\"@id\":\"https:\\\/\\\/angloed.com\\\/es\\\/#\\\/schema\\\/logo\\\/image\\\/\",\"url\":\"https:\\\/\\\/angloed.com\\\/wp-content\\\/uploads\\\/2022\\\/01\\\/Anglo-Education-Logo-2021-2-2.png\",\"contentUrl\":\"https:\\\/\\\/angloed.com\\\/wp-content\\\/uploads\\\/2022\\\/01\\\/Anglo-Education-Logo-2021-2-2.png\",\"width\":1063,\"height\":1063,\"caption\":\"Anglo Education\"},\"image\":{\"@id\":\"https:\\\/\\\/angloed.com\\\/es\\\/#\\\/schema\\\/logo\\\/image\\\/\"},\"sameAs\":[\"https:\\\/\\\/www.facebook.com\\\/AngloEducation\\\/\"]}]}<\/script>\n<!-- \/ Yoast SEO plugin. -->","yoast_head_json":{"title":"Agencia de servicios educativos - Anglo Education","description":"Como agencia de servicios educativos internacionales l\u00edder, Anglo Educational Services (AES) es la puerta de acceso a las oportunidades educativas","robots":{"index":"index","follow":"follow","max-snippet":"max-snippet:-1","max-image-preview":"max-image-preview:large","max-video-preview":"max-video-preview:-1"},"canonical":"https:\/\/angloed.com\/es\/la-principal-agencia-de-servicios-educativos-internacionales-para-colegios-del-reino-unido\/","og_locale":"es_ES","og_type":"article","og_title":"Agencia de servicios educativos - Anglo Education","og_description":"Como agencia de servicios educativos internacionales l\u00edder, Anglo Educational Services (AES) es la puerta de acceso a las oportunidades educativas","og_url":"https:\/\/angloed.com\/es\/la-principal-agencia-de-servicios-educativos-internacionales-para-colegios-del-reino-unido\/","og_site_name":"Anglo Education","article_publisher":"https:\/\/www.facebook.com\/AngloEducation\/","article_modified_time":"2025-10-13T12:07:25+00:00","twitter_card":"summary_large_image","twitter_misc":{"Tiempo de lectura":"6 minutos"},"schema":{"@context":"https:\/\/schema.org","@graph":[{"@type":"WebPage","@id":"https:\/\/angloed.com\/es\/la-principal-agencia-de-servicios-educativos-internacionales-para-colegios-del-reino-unido\/","url":"https:\/\/angloed.com\/es\/la-principal-agencia-de-servicios-educativos-internacionales-para-colegios-del-reino-unido\/","name":"Agencia de servicios educativos - Anglo Education","isPartOf":{"@id":"https:\/\/angloed.com\/es\/#website"},"datePublished":"2023-11-24T06:32:46+00:00","dateModified":"2025-10-13T12:07:25+00:00","description":"Como agencia de servicios educativos internacionales l\u00edder, Anglo Educational Services (AES) es la puerta de acceso a las oportunidades educativas","breadcrumb":{"@id":"https:\/\/angloed.com\/es\/la-principal-agencia-de-servicios-educativos-internacionales-para-colegios-del-reino-unido\/#breadcrumb"},"inLanguage":"es","potentialAction":[{"@type":"ReadAction","target":["https:\/\/angloed.com\/es\/la-principal-agencia-de-servicios-educativos-internacionales-para-colegios-del-reino-unido\/"]}]},{"@type":"BreadcrumbList","@id":"https:\/\/angloed.com\/es\/la-principal-agencia-de-servicios-educativos-internacionales-para-colegios-del-reino-unido\/#breadcrumb","itemListElement":[{"@type":"ListItem","position":1,"name":"Inicio","item":"https:\/\/angloed.com\/es\/"},{"@type":"ListItem","position":2,"name":"La principal agencia internacional de servicios educativos para el Reino Unido"}]},{"@type":"WebSite","@id":"https:\/\/angloed.com\/es\/#website","url":"https:\/\/angloed.com\/es\/","name":"Anglo Education Services","description":"A Path to English Education","publisher":{"@id":"https:\/\/angloed.com\/es\/#organization"},"potentialAction":[{"@type":"SearchAction","target":{"@type":"EntryPoint","urlTemplate":"https:\/\/angloed.com\/es\/?s={search_term_string}"},"query-input":{"@type":"PropertyValueSpecification","valueRequired":true,"valueName":"search_term_string"}}],"inLanguage":"es"},{"@type":"Organization","@id":"https:\/\/angloed.com\/es\/#organization","name":"Anglo Education","url":"https:\/\/angloed.com\/es\/","logo":{"@type":"ImageObject","inLanguage":"es","@id":"https:\/\/angloed.com\/es\/#\/schema\/logo\/image\/","url":"https:\/\/angloed.com\/wp-content\/uploads\/2022\/01\/Anglo-Education-Logo-2021-2-2.png","contentUrl":"https:\/\/angloed.com\/wp-content\/uploads\/2022\/01\/Anglo-Education-Logo-2021-2-2.png","width":1063,"height":1063,"caption":"Anglo Education"},"image":{"@id":"https:\/\/angloed.com\/es\/#\/schema\/logo\/image\/"},"sameAs":["https:\/\/www.facebook.com\/AngloEducation\/"]}]}},"_links":{"self":[{"href":"https:\/\/angloed.com\/es\/wp-json\/wp\/v2\/pages\/3279","targetHints":{"allow":["GET"]}}],"collection":[{"href":"https:\/\/angloed.com\/es\/wp-json\/wp\/v2\/pages"}],"about":[{"href":"https:\/\/angloed.com\/es\/wp-json\/wp\/v2\/types\/page"}],"author":[{"embeddable":true,"href":"https:\/\/angloed.com\/es\/wp-json\/wp\/v2\/users\/4"}],"replies":[{"embeddable":true,"href":"https:\/\/angloed.com\/es\/wp-json\/wp\/v2\/comments?post=3279"}],"version-history":[{"count":4,"href":"https:\/\/angloed.com\/es\/wp-json\/wp\/v2\/pages\/3279\/revisions"}],"predecessor-version":[{"id":3866,"href":"https:\/\/angloed.com\/es\/wp-json\/wp\/v2\/pages\/3279\/revisions\/3866"}],"wp:attachment":[{"href":"https:\/\/angloed.com\/es\/wp-json\/wp\/v2\/media?parent=3279"}],"curies":[{"name":"wp","href":"https:\/\/api.w.org\/{rel}","templated":true}]}}