{"id":3280,"date":"2023-11-24T06:10:15","date_gmt":"2023-11-24T06:10:15","guid":{"rendered":"https:\/\/angloed.com\/explore-las-mejores-escuelas-de-verano-universitarias-con-anglo-education-services\/"},"modified":"2025-12-14T02:24:02","modified_gmt":"2025-12-14T02:24:02","slug":"explore-las-mejores-escuelas-de-verano-universitarias-con-anglo-education-services","status":"publish","type":"page","link":"https:\/\/angloed.com\/es\/explore-las-mejores-escuelas-de-verano-universitarias-con-anglo-education-services\/","title":{"rendered":"Explore las mejores escuelas de verano con Anglo Education Services"},"content":{"rendered":"<p data-pm-slice=\"1 1 []\">Embarcarse en un viaje de educaci\u00f3n y crecimiento personal es una experiencia gratificante, \u00bfy qu\u00e9 mejor manera de hacerlo que sumergirse en el ambiente vibrante de las <a href=\"https:\/\/en.wikipedia.org\/wiki\/Summer_school\" target=\"_blank\" rel=\"noopener\">escuelas<\/a> de verano? En este art\u00edculo, profundizaremos en el \u00e1mbito del enriquecimiento acad\u00e9mico, la exploraci\u00f3n cultural y el desarrollo personal a trav\u00e9s de la lente de Anglo Education Services, un proveedor l\u00edder de programas excepcionales de escuelas de verano. <\/p>\n<h2>Descubriendo la esencia de las escuelas de verano<\/h2>\n<p>Summer schools often synonymous with exciting adventures and transformative learning, have become an integral part of the academic landscape. Anglo Education Services understands the significance of this period and has curated a range of programs designed to offer students a unique blend of education, cultural exposure, and unforgettable experiences. <\/p>\n<h2>Explorando el universo AES<\/h2>\n<p>Anglo Education Services, o AES, destaca como un faro de educaci\u00f3n de calidad y experiencias incomparables. A medida que navegamos por su sitio web, encontramos una amplia gama de cursos de verano, cada uno de ellos meticulosamente dise\u00f1ado para satisfacer los variados intereses y aspiraciones de los estudiantes. <\/p>\n<h2>La ventaja de las escuelas de verano del Reino Unido<\/h2>\n<p>AES se enorgullece de sus escuelas de verano del Reino Unido, una encarnaci\u00f3n de la excelencia acad\u00e9mica con el rico tapiz cultural del Reino Unido como tel\u00f3n de fondo. Estos programas proporcionan una plataforma ideal para que los estudiantes internacionales no solo mejoren sus habilidades acad\u00e9micas, sino que tambi\u00e9n se sumerjan en el estilo de vida brit\u00e1nico. <\/p>\n<h2>Las ventajas del internado<\/h2>\n<p><a href=\"https:\/\/angloed.com\/es\/category\/internados-britanicos-en-el-reino-unido\/\">Los internados <\/a>ofrecen una experiencia educativa \u00fanica que conlleva varias ventajas. Si bien la decisi\u00f3n de enviar a un ni\u00f1o a un internado es personal y depende de las circunstancias individuales, estas son algunas de las razones por las que muchas personas consideran que los internados son ventajosos: <\/p>\n<h4><strong>Entorno estructurado<\/strong><\/h4>\n<p>Los internados proporcionan un entorno altamente estructurado que fomenta la disciplina y la rutina. Los estudiantes a menudo tienen horarios establecidos para las clases, las sesiones de estudio, las actividades extracurriculares y el tiempo de recreo. Este estilo de vida estructurado puede inculcar un fuerte sentido de la responsabilidad y habilidades de gesti\u00f3n del tiempo.  <\/p>\n<h4><strong>Excelencia acad\u00e9mica<\/strong><\/h4>\n<p>Los internados a menudo tienen un fuerte enfoque en la excelencia acad\u00e9mica. Con clases m\u00e1s peque\u00f1as, profesores dedicados y un entorno que fomenta el aprendizaje, los estudiantes de los internados pueden tener acceso a una experiencia acad\u00e9mica m\u00e1s personalizada y rigurosa. <\/p>\n<h4><strong>Desarrollo hol\u00edstico<\/strong><\/h4>\n<p>Los internados suelen hacer hincapi\u00e9 en el desarrollo hol\u00edstico, abordando no solo los aspectos acad\u00e9micos, sino tambi\u00e9n el car\u00e1cter, las habilidades sociales y las actividades extracurriculares. Muchos internados ofrecen una amplia gama de actividades, incluidos deportes, artes y programas de liderazgo, que brindan a los estudiantes la oportunidad de descubrir y desarrollar sus talentos. <\/p>\n<h4><strong>Diversidad cultural<\/strong><\/h4>\n<p>Los internados a menudo atraen a estudiantes de diversos or\u00edgenes culturales y geogr\u00e1ficos. Esta diversidad expone a los estudiantes a diferentes perspectivas y fomenta una mentalidad global. Interactuar con compa\u00f1eros de todo el mundo puede contribuir a una experiencia rica y culturalmente inmersiva.  <\/p>\n<h4><strong>Entorno de aprendizaje 24 horas al d\u00eda, 7 d\u00edas a la semana<\/strong><\/h4>\n<p>Vivir en el campus crea un entorno donde el aprendizaje no se limita al aula. Los estudiantes de los internados tienen la oportunidad de participar en debates, proyectos grupales y actividades extracurriculares fuera del horario escolar tradicional, lo que promueve el aprendizaje continuo y el crecimiento personal. <\/p>\n<h4><strong>Preparaci\u00f3n para la independencia<\/strong><\/h4>\n<p>Los internados fomentan la independencia y la autosuficiencia. Vivir lejos de casa ense\u00f1a a los estudiantes a administrar su tiempo, tomar decisiones y asumir la responsabilidad de sus acciones. Estas habilidades pueden ser invaluables para preparar a los estudiantes para los desaf\u00edos de la universidad y la edad adulta.  <\/p>\n<h4><strong>Comunidad unida<\/strong><\/h4>\n<p>La comunidad unida en los internados le dar\u00e1 a su hijo la oportunidad de hacer amistades s\u00f3lidas y duraderas. Vivir juntos crea un entorno de apoyo donde los estudiantes forman lazos con sus compa\u00f1eros y profesores. Este sentido de comunidad puede contribuir a un desarrollo social y emocional positivo.  <\/p>\n<h4><strong>Acceso a excelentes instalaciones<\/strong><\/h4>\n<p>Los internados suelen invertir en instalaciones de primer nivel, incluidas aulas, laboratorios, instalaciones deportivas y espacios extracurriculares de \u00faltima generaci\u00f3n. Este acceso a recursos de alta calidad puede mejorar la experiencia educativa general. <\/p>\n<h4><strong>Preparaci\u00f3n para la universidad<\/strong><\/h4>\n<p>Los internados a menudo tienen un s\u00f3lido historial de preparaci\u00f3n de estudiantes para la universidad. Los programas acad\u00e9micos estructurados, los servicios de asesoramiento universitario y el \u00e9nfasis en el desarrollo personal pueden equipar mejor a los estudiantes para los desaf\u00edos de la educaci\u00f3n superior. <\/p>\n<h4><strong>Construcci\u00f3n del car\u00e1cter<\/strong><\/h4>\n<p>Los internados a menudo se centran en la educaci\u00f3n del car\u00e1cter, inculcando valores como la integridad, el respeto y la responsabilidad. La combinaci\u00f3n de desaf\u00edos acad\u00e9micos, actividades extracurriculares y vida comunitaria contribuye al desarrollo de personas integrales. <\/p>\n<p>Si bien los internados ofrecen numerosas ventajas, es esencial tener en cuenta las preferencias individuales, las necesidades y la din\u00e1mica familiar al tomar la decisi\u00f3n de inscribir a un ni\u00f1o en un internado. Cada estudiante es \u00fanico a su manera. Lo que funciona bien para una persona puede no ser lo mejor para otra.  <\/p>\n<h2>\u00bfPor qu\u00e9 elegir Anglo Education Services (AES)?<\/h2>\n<p>Como la agencia educativa de vanguardia en el Reino Unido, nuestra misi\u00f3n en Anglo Education Services (AES) se extiende m\u00e1s all\u00e1 de la mera orientaci\u00f3n: se trata de facilitar un viaje transformador hacia el entorno educativo ideal para su hijo. La decisi\u00f3n de seleccionar la escuela adecuada es fundamental y ejerce una profunda influencia en la trayectoria educativa y las perspectivas futuras de uno. Navegar por este intrincado proceso de toma de decisiones, plagado de consideraciones como la ubicaci\u00f3n, el plan de estudios, las ofertas extracurriculares y los requisitos de admisi\u00f3n, puede ser una tarea desalentadora.  <\/p>\n<p>Bas\u00e1ndose en m\u00e1s de dos d\u00e9cadas de valiosa experiencia, Anglo Education Services emerge como su socio indispensable en esta empresa. Este art\u00edculo se esfuerza por profundizar en las razones convincentes que posicionan a nuestra agencia como la opci\u00f3n m\u00e1s exigente, delineando un enfoque visionario de la educaci\u00f3n para los estudiantes y sus familias. M\u00e1s all\u00e1 de una mera consultor\u00eda, AES encarna un compromiso de esculpir un camino educativo que se alinee perfectamente con las necesidades y aspiraciones \u00fanicas de cada estudiante.  <\/p>\n<h3>Tenemos una amplia red educativa<\/h3>\n<p>Nuestra influencia se extiende a trav\u00e9s de una vasta red, forjando asociaciones con instituciones educativas en todo el Reino Unido. Esto se traduce en una ventaja sin precedentes para nuestros clientes, otorgando acceso a un espectro m\u00e1s amplio de opciones de ense\u00f1anza de lo que uno podr\u00eda descubrir de forma independiente. Ya sea que la b\u00fasqueda sea de escuelas locales o internacionales, sobresalimos en conectar a las personas con instituciones educativas que se alinean perfectamente con sus preferencias y aspiraciones.  <\/p>\n<h3>Un proceso de solicitud optimizado<\/h3>\n<p>El laber\u00edntico proceso de solicitud se convierte en un viaje perfecto con AES a su lado. Navegar por las complejidades de la solicitud a varias escuelas o universidades se hace sin esfuerzo a medida que guiamos a los estudiantes en cada paso, desde completar los formularios de solicitud hasta prepararse para las entrevistas y los ex\u00e1menes. Nuestra asistencia se extiende a ayudar a los estudiantes a recopilar todos los documentos necesarios, garantizando presentaciones precisas y oportunas.  <\/p>\n<h2>Creando una experiencia educativa inolvidable<\/h2>\n<p>El coraz\u00f3n de las escuelas de verano de AES radica en su compromiso de ofrecer una experiencia educativa hol\u00edstica. Desde cursos meticulosamente dise\u00f1ados hasta actividades extracurriculares atractivas, los estudiantes se encuentran en la intersecci\u00f3n del rigor acad\u00e9mico y el desarrollo personal. Los programas cuidadosamente seleccionados garantizan que cada participante se vaya con una gran cantidad de conocimientos, nuevas amistades y una comprensi\u00f3n m\u00e1s profunda de su campo elegido.  <\/p>\n<h2>Navegando por la oferta de cursos<\/h2>\n<p>Los cursos de la escuela de verano de AES abarcan un amplio espectro, atendiendo a los diversos intereses de los estudiantes. Ya sea que uno se incline por las ciencias, las humanidades o los negocios, hay un curso que no solo se alinea con sus actividades acad\u00e9micas, sino que tambi\u00e9n ofrece una experiencia de aprendizaje integral y enriquecedora. <\/p>\n<h2>El papel de los compa\u00f1eros de estudios<\/h2>\n<p>La camarader\u00eda desarrollada entre los compa\u00f1eros de estudios es una parte integral del programa de la escuela de verano. AES fomenta un entorno donde los participantes de diversos or\u00edgenes se unen, creando un crisol de ideas y perspectivas. Las interacciones con los compa\u00f1eros de estudios van m\u00e1s all\u00e1 del aula, dando forma a amistades duraderas y proporcionando una perspectiva global.  <\/p>\n<h2>Alojamiento en la escuela de verano: un hogar lejos de casa<\/h2>\n<p>AES reconoce la importancia de un entorno de vida c\u00f3modo y seguro durante la experiencia de la escuela de verano. Las opciones de alojamiento proporcionadas garantizan que los estudiantes se sientan como en casa, lo que les permite concentrarse en sus estudios y aprovechar al m\u00e1ximo su tiempo en el Reino Unido. <\/p>\n<h2>Experiencia internacional redefinida<\/h2>\n<p>La experiencia internacional que ofrecen las escuelas de verano de AES va m\u00e1s all\u00e1 del \u00e1mbito acad\u00e9mico. Se anima a los estudiantes a explorar la rica historia, la cultura y las tradiciones del Reino Unido, a\u00f1adiendo una capa de aprendizaje experiencial a su viaje educativo. Las excursiones, los eventos culturales y las excursiones se integran perfectamente en el programa, proporcionando una experiencia completa e inmersiva.  <\/p>\n<h2>Trazando el rumbo para el \u00e9xito futuro<\/h2>\n<p>La educaci\u00f3n es un viaje, y las escuelas de verano de AES sirven como un trampol\u00edn hacia un futuro lleno de posibilidades. Las habilidades adquiridas en los cursos de verano, las amistades forjadas y las experiencias obtenidas se convierten en activos invaluables que dan forma a la trayectoria del crecimiento acad\u00e9mico y personal de un estudiante. <\/p>\n<p>Anglo Education Services se erige como un faro de excelencia en el \u00e1mbito de las escuelas de verano. Los programas cuidadosamente elaborados, el \u00e9nfasis en las experiencias internacionales y el compromiso con la educaci\u00f3n hol\u00edstica hacen de AES una opci\u00f3n preferida para los estudiantes que buscan una experiencia transformadora en la escuela de verano. A medida que navega por el emocionante panorama de la oferta de AES, no solo invierte en educaci\u00f3n, sino que tambi\u00e9n abre la puerta a un mundo de aprendizaje, aventura y posibilidades ilimitadas.  <\/p>\n<p>&nbsp;<\/p>\n<p style=\"text-align: center;\"><a href=\"https:\/\/angloed.com\/es\/contacte-con-nosotros-y-presente-su-solicitud\/\"><button class=\"button button1\">Cont\u00e1ctenos<\/button><\/a><\/p>\n<p>&nbsp;<\/p>\n","protected":false},"excerpt":{"rendered":"<p>Embarcarse en un viaje de educaci\u00f3n y crecimiento personal es una experiencia gratificante, \u00bfy qu\u00e9 mejor manera de hacerlo que sumergirse en el ambiente vibrante de <a href=\"https:\/\/angloed.com\/es\/explore-las-mejores-escuelas-de-verano-universitarias-con-anglo-education-services\/\"> [&#8230;]<\/a><\/p>\n","protected":false},"author":4,"featured_media":0,"parent":0,"menu_order":0,"comment_status":"closed","ping_status":"closed","template":"","meta":{"_monsterinsights_skip_tracking":false,"_monsterinsights_sitenote_active":false,"_monsterinsights_sitenote_note":"","_monsterinsights_sitenote_category":0,"iawp_total_views":2,"footnotes":""},"class_list":["post-3280","page","type-page","status-publish","hentry"],"yoast_head":"<!-- This site is optimized with the Yoast SEO plugin v27.4 - https:\/\/yoast.com\/product\/yoast-seo-wordpress\/ -->\n<title>Escuelas de verano en el Reino Unido - Anglo Education<\/title>\n<meta name=\"description\" content=\"Descubre escuelas de verano en el Reino Unido con Anglo Education, con programas de verano que combinan estudio acad\u00e9mico y experiencias culturales.\" \/>\n<meta name=\"robots\" content=\"index, follow, max-snippet:-1, max-image-preview:large, max-video-preview:-1\" \/>\n<link rel=\"canonical\" href=\"https:\/\/angloed.com\/es\/explore-las-mejores-escuelas-de-verano-universitarias-con-anglo-education-services\/\" \/>\n<meta property=\"og:locale\" content=\"es_ES\" \/>\n<meta property=\"og:type\" content=\"article\" \/>\n<meta property=\"og:title\" content=\"Escuelas de verano en el Reino Unido - Anglo Education\" \/>\n<meta property=\"og:description\" content=\"Descubre escuelas de verano en el Reino Unido con Anglo Education, con programas de verano que combinan estudio acad\u00e9mico y experiencias culturales.\" \/>\n<meta property=\"og:url\" content=\"https:\/\/angloed.com\/es\/explore-las-mejores-escuelas-de-verano-universitarias-con-anglo-education-services\/\" \/>\n<meta property=\"og:site_name\" content=\"Anglo Education\" \/>\n<meta property=\"article:publisher\" content=\"https:\/\/www.facebook.com\/AngloEducation\/\" \/>\n<meta property=\"article:modified_time\" content=\"2025-12-14T02:24:02+00:00\" \/>\n<meta name=\"twitter:card\" content=\"summary_large_image\" \/>\n<meta name=\"twitter:label1\" content=\"Tiempo de lectura\" \/>\n\t<meta name=\"twitter:data1\" content=\"9 minutos\" \/>\n<script type=\"application\/ld+json\" class=\"yoast-schema-graph\">{\"@context\":\"https:\\\/\\\/schema.org\",\"@graph\":[{\"@type\":\"WebPage\",\"@id\":\"https:\\\/\\\/angloed.com\\\/es\\\/explore-las-mejores-escuelas-de-verano-universitarias-con-anglo-education-services\\\/\",\"url\":\"https:\\\/\\\/angloed.com\\\/es\\\/explore-las-mejores-escuelas-de-verano-universitarias-con-anglo-education-services\\\/\",\"name\":\"Escuelas de verano en el Reino Unido - Anglo Education\",\"isPartOf\":{\"@id\":\"https:\\\/\\\/angloed.com\\\/es\\\/#website\"},\"datePublished\":\"2023-11-24T06:10:15+00:00\",\"dateModified\":\"2025-12-14T02:24:02+00:00\",\"description\":\"Descubre escuelas de verano en el Reino Unido con Anglo Education, con programas de verano que combinan estudio acad\u00e9mico y experiencias culturales.\",\"breadcrumb\":{\"@id\":\"https:\\\/\\\/angloed.com\\\/es\\\/explore-las-mejores-escuelas-de-verano-universitarias-con-anglo-education-services\\\/#breadcrumb\"},\"inLanguage\":\"es\",\"potentialAction\":[{\"@type\":\"ReadAction\",\"target\":[\"https:\\\/\\\/angloed.com\\\/es\\\/explore-las-mejores-escuelas-de-verano-universitarias-con-anglo-education-services\\\/\"]}]},{\"@type\":\"BreadcrumbList\",\"@id\":\"https:\\\/\\\/angloed.com\\\/es\\\/explore-las-mejores-escuelas-de-verano-universitarias-con-anglo-education-services\\\/#breadcrumb\",\"itemListElement\":[{\"@type\":\"ListItem\",\"position\":1,\"name\":\"Inicio\",\"item\":\"https:\\\/\\\/angloed.com\\\/es\\\/\"},{\"@type\":\"ListItem\",\"position\":2,\"name\":\"Explore las mejores escuelas de verano con Anglo Education Services\"}]},{\"@type\":\"WebSite\",\"@id\":\"https:\\\/\\\/angloed.com\\\/es\\\/#website\",\"url\":\"https:\\\/\\\/angloed.com\\\/es\\\/\",\"name\":\"Anglo Education Services\",\"description\":\"A Path to English Education\",\"publisher\":{\"@id\":\"https:\\\/\\\/angloed.com\\\/es\\\/#organization\"},\"potentialAction\":[{\"@type\":\"SearchAction\",\"target\":{\"@type\":\"EntryPoint\",\"urlTemplate\":\"https:\\\/\\\/angloed.com\\\/es\\\/?s={search_term_string}\"},\"query-input\":{\"@type\":\"PropertyValueSpecification\",\"valueRequired\":true,\"valueName\":\"search_term_string\"}}],\"inLanguage\":\"es\"},{\"@type\":\"Organization\",\"@id\":\"https:\\\/\\\/angloed.com\\\/es\\\/#organization\",\"name\":\"Anglo Education\",\"url\":\"https:\\\/\\\/angloed.com\\\/es\\\/\",\"logo\":{\"@type\":\"ImageObject\",\"inLanguage\":\"es\",\"@id\":\"https:\\\/\\\/angloed.com\\\/es\\\/#\\\/schema\\\/logo\\\/image\\\/\",\"url\":\"https:\\\/\\\/angloed.com\\\/wp-content\\\/uploads\\\/2022\\\/01\\\/Anglo-Education-Logo-2021-2-2.png\",\"contentUrl\":\"https:\\\/\\\/angloed.com\\\/wp-content\\\/uploads\\\/2022\\\/01\\\/Anglo-Education-Logo-2021-2-2.png\",\"width\":1063,\"height\":1063,\"caption\":\"Anglo Education\"},\"image\":{\"@id\":\"https:\\\/\\\/angloed.com\\\/es\\\/#\\\/schema\\\/logo\\\/image\\\/\"},\"sameAs\":[\"https:\\\/\\\/www.facebook.com\\\/AngloEducation\\\/\"]}]}<\/script>\n<!-- \/ Yoast SEO plugin. -->","yoast_head_json":{"title":"Escuelas de verano en el Reino Unido - Anglo Education","description":"Descubre escuelas de verano en el Reino Unido con Anglo Education, con programas de verano que combinan estudio acad\u00e9mico y experiencias culturales.","robots":{"index":"index","follow":"follow","max-snippet":"max-snippet:-1","max-image-preview":"max-image-preview:large","max-video-preview":"max-video-preview:-1"},"canonical":"https:\/\/angloed.com\/es\/explore-las-mejores-escuelas-de-verano-universitarias-con-anglo-education-services\/","og_locale":"es_ES","og_type":"article","og_title":"Escuelas de verano en el Reino Unido - Anglo Education","og_description":"Descubre escuelas de verano en el Reino Unido con Anglo Education, con programas de verano que combinan estudio acad\u00e9mico y experiencias culturales.","og_url":"https:\/\/angloed.com\/es\/explore-las-mejores-escuelas-de-verano-universitarias-con-anglo-education-services\/","og_site_name":"Anglo Education","article_publisher":"https:\/\/www.facebook.com\/AngloEducation\/","article_modified_time":"2025-12-14T02:24:02+00:00","twitter_card":"summary_large_image","twitter_misc":{"Tiempo de lectura":"9 minutos"},"schema":{"@context":"https:\/\/schema.org","@graph":[{"@type":"WebPage","@id":"https:\/\/angloed.com\/es\/explore-las-mejores-escuelas-de-verano-universitarias-con-anglo-education-services\/","url":"https:\/\/angloed.com\/es\/explore-las-mejores-escuelas-de-verano-universitarias-con-anglo-education-services\/","name":"Escuelas de verano en el Reino Unido - Anglo Education","isPartOf":{"@id":"https:\/\/angloed.com\/es\/#website"},"datePublished":"2023-11-24T06:10:15+00:00","dateModified":"2025-12-14T02:24:02+00:00","description":"Descubre escuelas de verano en el Reino Unido con Anglo Education, con programas de verano que combinan estudio acad\u00e9mico y experiencias culturales.","breadcrumb":{"@id":"https:\/\/angloed.com\/es\/explore-las-mejores-escuelas-de-verano-universitarias-con-anglo-education-services\/#breadcrumb"},"inLanguage":"es","potentialAction":[{"@type":"ReadAction","target":["https:\/\/angloed.com\/es\/explore-las-mejores-escuelas-de-verano-universitarias-con-anglo-education-services\/"]}]},{"@type":"BreadcrumbList","@id":"https:\/\/angloed.com\/es\/explore-las-mejores-escuelas-de-verano-universitarias-con-anglo-education-services\/#breadcrumb","itemListElement":[{"@type":"ListItem","position":1,"name":"Inicio","item":"https:\/\/angloed.com\/es\/"},{"@type":"ListItem","position":2,"name":"Explore las mejores escuelas de verano con Anglo Education Services"}]},{"@type":"WebSite","@id":"https:\/\/angloed.com\/es\/#website","url":"https:\/\/angloed.com\/es\/","name":"Anglo Education Services","description":"A Path to English Education","publisher":{"@id":"https:\/\/angloed.com\/es\/#organization"},"potentialAction":[{"@type":"SearchAction","target":{"@type":"EntryPoint","urlTemplate":"https:\/\/angloed.com\/es\/?s={search_term_string}"},"query-input":{"@type":"PropertyValueSpecification","valueRequired":true,"valueName":"search_term_string"}}],"inLanguage":"es"},{"@type":"Organization","@id":"https:\/\/angloed.com\/es\/#organization","name":"Anglo Education","url":"https:\/\/angloed.com\/es\/","logo":{"@type":"ImageObject","inLanguage":"es","@id":"https:\/\/angloed.com\/es\/#\/schema\/logo\/image\/","url":"https:\/\/angloed.com\/wp-content\/uploads\/2022\/01\/Anglo-Education-Logo-2021-2-2.png","contentUrl":"https:\/\/angloed.com\/wp-content\/uploads\/2022\/01\/Anglo-Education-Logo-2021-2-2.png","width":1063,"height":1063,"caption":"Anglo Education"},"image":{"@id":"https:\/\/angloed.com\/es\/#\/schema\/logo\/image\/"},"sameAs":["https:\/\/www.facebook.com\/AngloEducation\/"]}]}},"_links":{"self":[{"href":"https:\/\/angloed.com\/es\/wp-json\/wp\/v2\/pages\/3280","targetHints":{"allow":["GET"]}}],"collection":[{"href":"https:\/\/angloed.com\/es\/wp-json\/wp\/v2\/pages"}],"about":[{"href":"https:\/\/angloed.com\/es\/wp-json\/wp\/v2\/types\/page"}],"author":[{"embeddable":true,"href":"https:\/\/angloed.com\/es\/wp-json\/wp\/v2\/users\/4"}],"replies":[{"embeddable":true,"href":"https:\/\/angloed.com\/es\/wp-json\/wp\/v2\/comments?post=3280"}],"version-history":[{"count":11,"href":"https:\/\/angloed.com\/es\/wp-json\/wp\/v2\/pages\/3280\/revisions"}],"predecessor-version":[{"id":4111,"href":"https:\/\/angloed.com\/es\/wp-json\/wp\/v2\/pages\/3280\/revisions\/4111"}],"wp:attachment":[{"href":"https:\/\/angloed.com\/es\/wp-json\/wp\/v2\/media?parent=3280"}],"curies":[{"name":"wp","href":"https:\/\/api.w.org\/{rel}","templated":true}]}}