{"id":3281,"date":"2023-10-31T02:22:16","date_gmt":"2023-10-31T02:22:16","guid":{"rendered":"https:\/\/angloed.com\/seleccion-exclusiva-de-escuelas-de-verano-de-ingles\/"},"modified":"2025-10-13T13:18:48","modified_gmt":"2025-10-13T12:18:48","slug":"seleccion-exclusiva-de-escuelas-de-verano-de-ingles","status":"publish","type":"page","link":"https:\/\/angloed.com\/es\/seleccion-exclusiva-de-escuelas-de-verano-de-ingles\/","title":{"rendered":"Selecci\u00f3n exclusiva de escuelas de verano de ingl\u00e9s"},"content":{"rendered":"<h2><b>Escuelas de verano de ingl\u00e9s para los mejores cursos de verano en Inglaterra<\/b><\/h2>\n<p>Las <a href=\"https:\/\/en.wikipedia.org\/wiki\/Summer_school\" target=\"_blank\" rel=\"noopener\">escuelas de verano<\/a> de ingl\u00e9s son ventajosas para el dominio del idioma ingl\u00e9s para estudiantes de todo el mundo. El ingl\u00e9s es una herramienta indispensable para cualquier persona que desee ampliar sus horizontes. Es el idioma universal de los negocios, la ciencia y la diplomacia.  <\/p>\n<p>En Anglo Education Services, somos la empresa l\u00edder de consultor\u00eda educativa de escuelas de verano brit\u00e1nicas. Los campamentos de verano de ingl\u00e9s son perfectos para los estudiantes que desean un verano incre\u00edble, al tiempo que mejoran su dominio del idioma ingl\u00e9s con cursos de ingl\u00e9s seleccionados.  <\/p>\n<h2>Selecci\u00f3n de cursos y ubicaciones en Inglaterra<\/h2>\n<p>Un programa de escuela de verano de ingl\u00e9s en el Reino Unido normalmente incluye una combinaci\u00f3n de clases de ingl\u00e9s y cursos de actividades. Cada alumno aprender\u00e1 de un profesor de ingl\u00e9s experimentado y cualificado. Tendr\u00e1n la oportunidad de conocer y hacer amigos con estudiantes de todo el mundo.  <\/p>\n<p>En Inglaterra, los alumnos tienen una selecci\u00f3n diversa de cursos y ubicaciones para elegir. Todos ofrecen una variedad de alojamiento, asignaturas y actividades. La mayor\u00eda de los internados de verano est\u00e1n situados en lugares pintorescos que ofrecen cursos de ingl\u00e9s y habilidades acad\u00e9micas.  <\/p>\n<p>Estas escuelas rurales inglesas con paisajes pintorescos son entornos perfectos. Los lugares tranquilos son perfectos para ganar confianza y experiencia mientras se aprenden nuevas habilidades. Este tipo de entornos tambi\u00e9n son ideales para realizar excursiones y experimentar nuestra cultura.  <\/p>\n<h2><b>Las ventajas de aprender en una escuela de verano de ingl\u00e9s<\/b><\/h2>\n<p>En Anglo Education Services, somos una empresa de consultor\u00eda educativa destacada. Estamos comprometidos a ayudar a los estudiantes y a los padres a elegir la mejor escuela de verano de ingl\u00e9s posible. <\/p>\n<p>Anglo Education Services se fund\u00f3 sobre los valores fundamentales de los logros acad\u00e9micos, la inmersi\u00f3n cultural y el desarrollo personal. Ofrecemos cursos cortos para estudiantes que desean emprender una aventura de verano que les cambie la vida con consejos inestimables. <\/p>\n<h3>Programa para mejorar las habilidades en ingl\u00e9s<\/h3>\n<p>Las escuelas de verano del Reino Unido ofrecen un entorno de inmersi\u00f3n en el que los estudiantes est\u00e1n constantemente expuestos al idioma. Esta es una t\u00e9cnica probada para mejorar r\u00e1pidamente las habilidades ling\u00fc\u00edsticas. <\/p>\n<h3>Inmersi\u00f3n cultural<\/h3>\n<p>Los alumnos tienen la oportunidad de interactuar con compa\u00f1eros de clase de diversas naciones y culturas. Esto fomenta el aprendizaje de perspectivas globales y la comprensi\u00f3n intercultural. <\/p>\n<h3>Mayor confianza<\/h3>\n<p>En un aula din\u00e1mica y alentadora, aprender un nuevo idioma aumenta la confianza en s\u00ed mismos de los estudiantes. Ambos atributos ayudar\u00e1n en su vida acad\u00e9mica y personal. <\/p>\n<p>Con estas ventajas, tiene sentido que los estudiantes internacionales quieran mejorar su nivel de ingl\u00e9s. No hay mejor momento para hacerlo que en verano, cuando hay una pl\u00e9tora de oportunidades educativas y culturales. <\/p>\n<h2>Comience los cursos de verano antes de inscribirse en internados brit\u00e1nicos<\/h2>\n<p>Estos cursos est\u00e1n disponibles entre julio y agosto (horario de verano brit\u00e1nico) y son el trampol\u00edn perfecto antes de comenzar en internados o universidades del Reino Unido.<\/p>\n<h3>Dominio del programa de idiomas<\/h3>\n<p>El dominio del idioma ingl\u00e9s de un alumno se mejora con los cursos de verano de ingl\u00e9s. Una escuela de verano internacional facilita una transici\u00f3n fluida a un internado brit\u00e1nico. <\/p>\n<h3>Preparaci\u00f3n acad\u00e9mica<\/h3>\n<p>Un programa de verano internacional ofrece a los alumnos una visi\u00f3n general del sistema educativo brit\u00e1nico. Esto les ayudar\u00e1 a adaptarse a los planes de estudio y a los m\u00e9todos de ense\u00f1anza. <\/p>\n<h3>Adaptaci\u00f3n cultural<\/h3>\n<p>Estas escuelas ofrecen un entorno rico para adaptarse a diferentes culturas. Proporcionan a los alumnos las herramientas que necesitan para tener \u00e9xito en un entorno multicultural, al tiempo que promueven la diversidad y la interacci\u00f3n intercultural. Su educaci\u00f3n mejora, y esta experiencia tambi\u00e9n les prepara para una sociedad que se est\u00e1 globalizando cada vez m\u00e1s.  <\/p>\n<h3>Escuelas de verano de ingl\u00e9s para establecer contactos<\/h3>\n<p>Entre julio y agosto, es una oportunidad para socializar con otros adolescentes en un campamento de verano de ingl\u00e9s. Permite a los ni\u00f1os aprender nuevas habilidades ling\u00fc\u00edsticas y participar en actividades y excursiones culturales antes del comienzo del a\u00f1o escolar. <\/p>\n<h2>Nuestro papel en Anglo Education Services<\/h2>\n<p>En Anglo Education Services, actuamos como enlace entre los estudiantes y la industria de las escuelas de verano de ingl\u00e9s. Ofrecemos una gama de servicios que incluyen la selecci\u00f3n de programas, el apoyo a la solicitud, la consulta y la ayuda continua. Nos enorgullecemos de ser un recurso fiable y personalizado para los estudiantes, d\u00e1ndoles la confianza y el entusiasmo para perseguir sus objetivos culturales y acad\u00e9micos.  <\/p>\n<h3>Amplia red de escuelas de verano<\/h3>\n<p>En Anglo Education Services hemos establecido asociaciones con una amplia red de escuelas de verano. Hemos seleccionado cuidadosamente una serie de instituciones de renombre que ofrecen programas de idiomas de alta calidad. Esto garantiza que los alumnos tengan acceso a una amplia gama de opciones y clases, incluyendo actividades y excursiones de campamento de verano.  <\/p>\n<h3>Consulta personalizada<\/h3>\n<p>En Anglo Education Services, reconocemos la individualidad de cada estudiante. Para comprender mejor los objetivos, preferencias y necesidades \u00fanicos de cada estudiante, su equipo de expertos ofrece consultas individualizadas. Se garantiza que los estudiantes encontrar\u00e1n la escuela de verano que mejor se adapte a sus necesidades gracias a este enfoque personalizado.  <\/p>\n<p>Durante las consultas en profundidad, nuestro personal cualificado puede hablar sobre el tipo de programa, la ubicaci\u00f3n, la duraci\u00f3n y el presupuesto. Tenemos en cuenta todos los factores a la hora de desarrollar un plan personalizado para garantizar que los alumnos tengan una experiencia de aprendizaje positiva y enriquecida. <\/p>\n<h3>Selecci\u00f3n de cursos y actividades de verano<\/h3>\n<p>Proporcionamos informaci\u00f3n detallada sobre los diferentes programas de escuelas de verano. Ayudamos a los estudiantes a encontrar el programa ideal para cumplir sus objetivos, tanto si est\u00e1n interesados en cursos acad\u00e9micos, experiencias culturales o inmersi\u00f3n ling\u00fc\u00edstica. <\/p>\n<h3>Asistencia a los estudiantes con la solicitud y la documentaci\u00f3n<\/h3>\n<p>Puede ser dif\u00edcil navegar por el proceso de solicitud para una escuela de ingl\u00e9s de verano en el extranjero. En Anglo Education Services, facilitamos el proceso a los estudiantes proporcionando asesoramiento y ayuda con las solicitudes, la documentaci\u00f3n para los visados y otros tr\u00e1mites necesarios. <\/p>\n<h3>Apoyo a los estudiantes a lo largo del viaje<\/h3>\n<p>Nuestro compromiso y experiencia no terminan con la inscripci\u00f3n. En Anglo Education Services proporcionamos apoyo continuo a los estudiantes durante su experiencia en la escuela de verano. Ya sea para resolver problemas, abordar preocupaciones o ayudar con la adaptaci\u00f3n cultural, nuestro equipo est\u00e1 ah\u00ed en cada paso del camino.  <\/p>\n<h4>Estamos aqu\u00ed para ayudar a los ni\u00f1os y a los padres a encontrar el curso de verano perfecto y a combinar las actividades con sus intereses y objetivos. Para obtener m\u00e1s informaci\u00f3n, p\u00f3ngase en contacto con Anglo Education Services hoy mismo. <\/h4>\n<p style=\"text-align: center;\"><a href=\"https:\/\/angloed.com\/es\/contacte-con-nosotros-y-presente-su-solicitud\/\"><button class=\"button button1\">Cont\u00e1ctenos<\/button><\/a><\/p>\n","protected":false},"excerpt":{"rendered":"<p>Escuelas de verano de ingl\u00e9s para los mejores cursos de verano en Inglaterra Las escuelas de verano de ingl\u00e9s son ventajosas para el dominio del idioma <a href=\"https:\/\/angloed.com\/es\/seleccion-exclusiva-de-escuelas-de-verano-de-ingles\/\"> [&#8230;]<\/a><\/p>\n","protected":false},"author":4,"featured_media":0,"parent":0,"menu_order":0,"comment_status":"closed","ping_status":"closed","template":"","meta":{"_monsterinsights_skip_tracking":false,"_monsterinsights_sitenote_active":false,"_monsterinsights_sitenote_note":"","_monsterinsights_sitenote_category":0,"iawp_total_views":4,"footnotes":""},"class_list":["post-3281","page","type-page","status-publish","hentry"],"yoast_head":"<!-- This site is optimized with the Yoast SEO plugin v27.4 - https:\/\/yoast.com\/product\/yoast-seo-wordpress\/ -->\n<title>Selecci\u00f3n exclusiva de escuelas de verano de ingl\u00e9s - Anglo Education<\/title>\n<meta name=\"description\" content=\"Las escuelas de verano de ingl\u00e9s mejoran el dominio del idioma. El ingl\u00e9s es indispensable.\" \/>\n<meta name=\"robots\" content=\"index, follow, max-snippet:-1, max-image-preview:large, max-video-preview:-1\" \/>\n<link rel=\"canonical\" href=\"https:\/\/angloed.com\/es\/seleccion-exclusiva-de-escuelas-de-verano-de-ingles\/\" \/>\n<meta property=\"og:locale\" content=\"es_ES\" \/>\n<meta property=\"og:type\" content=\"article\" \/>\n<meta property=\"og:title\" content=\"Selecci\u00f3n exclusiva de escuelas de verano de ingl\u00e9s - Anglo Education\" \/>\n<meta property=\"og:description\" content=\"Las escuelas de verano de ingl\u00e9s mejoran el dominio del idioma. El ingl\u00e9s es indispensable.\" \/>\n<meta property=\"og:url\" content=\"https:\/\/angloed.com\/es\/seleccion-exclusiva-de-escuelas-de-verano-de-ingles\/\" \/>\n<meta property=\"og:site_name\" content=\"Anglo Education\" \/>\n<meta property=\"article:publisher\" content=\"https:\/\/www.facebook.com\/AngloEducation\/\" \/>\n<meta property=\"article:modified_time\" content=\"2025-10-13T12:18:48+00:00\" \/>\n<meta name=\"twitter:card\" content=\"summary_large_image\" \/>\n<meta name=\"twitter:label1\" content=\"Tiempo de lectura\" \/>\n\t<meta name=\"twitter:data1\" content=\"6 minutos\" \/>\n<script type=\"application\/ld+json\" class=\"yoast-schema-graph\">{\"@context\":\"https:\\\/\\\/schema.org\",\"@graph\":[{\"@type\":\"WebPage\",\"@id\":\"https:\\\/\\\/angloed.com\\\/es\\\/seleccion-exclusiva-de-escuelas-de-verano-de-ingles\\\/\",\"url\":\"https:\\\/\\\/angloed.com\\\/es\\\/seleccion-exclusiva-de-escuelas-de-verano-de-ingles\\\/\",\"name\":\"Selecci\u00f3n exclusiva de escuelas de verano de ingl\u00e9s - Anglo Education\",\"isPartOf\":{\"@id\":\"https:\\\/\\\/angloed.com\\\/es\\\/#website\"},\"datePublished\":\"2023-10-31T02:22:16+00:00\",\"dateModified\":\"2025-10-13T12:18:48+00:00\",\"description\":\"Las escuelas de verano de ingl\u00e9s mejoran el dominio del idioma. El ingl\u00e9s es indispensable.\",\"breadcrumb\":{\"@id\":\"https:\\\/\\\/angloed.com\\\/es\\\/seleccion-exclusiva-de-escuelas-de-verano-de-ingles\\\/#breadcrumb\"},\"inLanguage\":\"es\",\"potentialAction\":[{\"@type\":\"ReadAction\",\"target\":[\"https:\\\/\\\/angloed.com\\\/es\\\/seleccion-exclusiva-de-escuelas-de-verano-de-ingles\\\/\"]}]},{\"@type\":\"BreadcrumbList\",\"@id\":\"https:\\\/\\\/angloed.com\\\/es\\\/seleccion-exclusiva-de-escuelas-de-verano-de-ingles\\\/#breadcrumb\",\"itemListElement\":[{\"@type\":\"ListItem\",\"position\":1,\"name\":\"Inicio\",\"item\":\"https:\\\/\\\/angloed.com\\\/es\\\/\"},{\"@type\":\"ListItem\",\"position\":2,\"name\":\"Selecci\u00f3n exclusiva de escuelas de verano de ingl\u00e9s\"}]},{\"@type\":\"WebSite\",\"@id\":\"https:\\\/\\\/angloed.com\\\/es\\\/#website\",\"url\":\"https:\\\/\\\/angloed.com\\\/es\\\/\",\"name\":\"Anglo Education Services\",\"description\":\"A Path to English Education\",\"publisher\":{\"@id\":\"https:\\\/\\\/angloed.com\\\/es\\\/#organization\"},\"potentialAction\":[{\"@type\":\"SearchAction\",\"target\":{\"@type\":\"EntryPoint\",\"urlTemplate\":\"https:\\\/\\\/angloed.com\\\/es\\\/?s={search_term_string}\"},\"query-input\":{\"@type\":\"PropertyValueSpecification\",\"valueRequired\":true,\"valueName\":\"search_term_string\"}}],\"inLanguage\":\"es\"},{\"@type\":\"Organization\",\"@id\":\"https:\\\/\\\/angloed.com\\\/es\\\/#organization\",\"name\":\"Anglo Education\",\"url\":\"https:\\\/\\\/angloed.com\\\/es\\\/\",\"logo\":{\"@type\":\"ImageObject\",\"inLanguage\":\"es\",\"@id\":\"https:\\\/\\\/angloed.com\\\/es\\\/#\\\/schema\\\/logo\\\/image\\\/\",\"url\":\"https:\\\/\\\/angloed.com\\\/wp-content\\\/uploads\\\/2022\\\/01\\\/Anglo-Education-Logo-2021-2-2.png\",\"contentUrl\":\"https:\\\/\\\/angloed.com\\\/wp-content\\\/uploads\\\/2022\\\/01\\\/Anglo-Education-Logo-2021-2-2.png\",\"width\":1063,\"height\":1063,\"caption\":\"Anglo Education\"},\"image\":{\"@id\":\"https:\\\/\\\/angloed.com\\\/es\\\/#\\\/schema\\\/logo\\\/image\\\/\"},\"sameAs\":[\"https:\\\/\\\/www.facebook.com\\\/AngloEducation\\\/\"]}]}<\/script>\n<!-- \/ Yoast SEO plugin. -->","yoast_head_json":{"title":"Selecci\u00f3n exclusiva de escuelas de verano de ingl\u00e9s - Anglo Education","description":"Las escuelas de verano de ingl\u00e9s mejoran el dominio del idioma. El ingl\u00e9s es indispensable.","robots":{"index":"index","follow":"follow","max-snippet":"max-snippet:-1","max-image-preview":"max-image-preview:large","max-video-preview":"max-video-preview:-1"},"canonical":"https:\/\/angloed.com\/es\/seleccion-exclusiva-de-escuelas-de-verano-de-ingles\/","og_locale":"es_ES","og_type":"article","og_title":"Selecci\u00f3n exclusiva de escuelas de verano de ingl\u00e9s - Anglo Education","og_description":"Las escuelas de verano de ingl\u00e9s mejoran el dominio del idioma. El ingl\u00e9s es indispensable.","og_url":"https:\/\/angloed.com\/es\/seleccion-exclusiva-de-escuelas-de-verano-de-ingles\/","og_site_name":"Anglo Education","article_publisher":"https:\/\/www.facebook.com\/AngloEducation\/","article_modified_time":"2025-10-13T12:18:48+00:00","twitter_card":"summary_large_image","twitter_misc":{"Tiempo de lectura":"6 minutos"},"schema":{"@context":"https:\/\/schema.org","@graph":[{"@type":"WebPage","@id":"https:\/\/angloed.com\/es\/seleccion-exclusiva-de-escuelas-de-verano-de-ingles\/","url":"https:\/\/angloed.com\/es\/seleccion-exclusiva-de-escuelas-de-verano-de-ingles\/","name":"Selecci\u00f3n exclusiva de escuelas de verano de ingl\u00e9s - Anglo Education","isPartOf":{"@id":"https:\/\/angloed.com\/es\/#website"},"datePublished":"2023-10-31T02:22:16+00:00","dateModified":"2025-10-13T12:18:48+00:00","description":"Las escuelas de verano de ingl\u00e9s mejoran el dominio del idioma. El ingl\u00e9s es indispensable.","breadcrumb":{"@id":"https:\/\/angloed.com\/es\/seleccion-exclusiva-de-escuelas-de-verano-de-ingles\/#breadcrumb"},"inLanguage":"es","potentialAction":[{"@type":"ReadAction","target":["https:\/\/angloed.com\/es\/seleccion-exclusiva-de-escuelas-de-verano-de-ingles\/"]}]},{"@type":"BreadcrumbList","@id":"https:\/\/angloed.com\/es\/seleccion-exclusiva-de-escuelas-de-verano-de-ingles\/#breadcrumb","itemListElement":[{"@type":"ListItem","position":1,"name":"Inicio","item":"https:\/\/angloed.com\/es\/"},{"@type":"ListItem","position":2,"name":"Selecci\u00f3n exclusiva de escuelas de verano de ingl\u00e9s"}]},{"@type":"WebSite","@id":"https:\/\/angloed.com\/es\/#website","url":"https:\/\/angloed.com\/es\/","name":"Anglo Education Services","description":"A Path to English Education","publisher":{"@id":"https:\/\/angloed.com\/es\/#organization"},"potentialAction":[{"@type":"SearchAction","target":{"@type":"EntryPoint","urlTemplate":"https:\/\/angloed.com\/es\/?s={search_term_string}"},"query-input":{"@type":"PropertyValueSpecification","valueRequired":true,"valueName":"search_term_string"}}],"inLanguage":"es"},{"@type":"Organization","@id":"https:\/\/angloed.com\/es\/#organization","name":"Anglo Education","url":"https:\/\/angloed.com\/es\/","logo":{"@type":"ImageObject","inLanguage":"es","@id":"https:\/\/angloed.com\/es\/#\/schema\/logo\/image\/","url":"https:\/\/angloed.com\/wp-content\/uploads\/2022\/01\/Anglo-Education-Logo-2021-2-2.png","contentUrl":"https:\/\/angloed.com\/wp-content\/uploads\/2022\/01\/Anglo-Education-Logo-2021-2-2.png","width":1063,"height":1063,"caption":"Anglo Education"},"image":{"@id":"https:\/\/angloed.com\/es\/#\/schema\/logo\/image\/"},"sameAs":["https:\/\/www.facebook.com\/AngloEducation\/"]}]}},"_links":{"self":[{"href":"https:\/\/angloed.com\/es\/wp-json\/wp\/v2\/pages\/3281","targetHints":{"allow":["GET"]}}],"collection":[{"href":"https:\/\/angloed.com\/es\/wp-json\/wp\/v2\/pages"}],"about":[{"href":"https:\/\/angloed.com\/es\/wp-json\/wp\/v2\/types\/page"}],"author":[{"embeddable":true,"href":"https:\/\/angloed.com\/es\/wp-json\/wp\/v2\/users\/4"}],"replies":[{"embeddable":true,"href":"https:\/\/angloed.com\/es\/wp-json\/wp\/v2\/comments?post=3281"}],"version-history":[{"count":4,"href":"https:\/\/angloed.com\/es\/wp-json\/wp\/v2\/pages\/3281\/revisions"}],"predecessor-version":[{"id":3880,"href":"https:\/\/angloed.com\/es\/wp-json\/wp\/v2\/pages\/3281\/revisions\/3880"}],"wp:attachment":[{"href":"https:\/\/angloed.com\/es\/wp-json\/wp\/v2\/media?parent=3281"}],"curies":[{"name":"wp","href":"https:\/\/api.w.org\/{rel}","templated":true}]}}