{"id":3315,"date":"2024-01-23T03:41:13","date_gmt":"2024-01-23T03:41:13","guid":{"rendered":"https:\/\/angloed.com\/navegando-por-la-educacion-secundaria-en-el-extranjero-con-anglo-education-services\/"},"modified":"2025-12-14T02:22:15","modified_gmt":"2025-12-14T02:22:15","slug":"navegando-por-la-educacion-secundaria-en-el-extranjero-con-anglo-education-services","status":"publish","type":"page","link":"https:\/\/angloed.com\/es\/navegando-por-la-educacion-secundaria-en-el-extranjero-con-anglo-education-services\/","title":{"rendered":"Orientaci\u00f3n sobre la educaci\u00f3n secundaria en el Reino Unido con Anglo Education Services"},"content":{"rendered":"<p data-pm-slice=\"1 1 []\">Embarcarse en un viaje de <a href=\"https:\/\/en.wikipedia.org\/wiki\/Boarding_school\" target=\"_blank\" rel=\"noopener\">educaci\u00f3n secundaria en el extranjero<\/a> es una experiencia transformadora que abre las puertas a nuevas culturas, perspectivas y oportunidades acad\u00e9micas. Anglo Education Services se erige como un faro para los estudiantes que buscan explorar programas de estudios de secundaria en el extranjero y navegar por las complejidades de la educaci\u00f3n secundaria en un escenario internacional. En este art\u00edculo, profundizaremos en la mir\u00edada de posibilidades que ofrece la educaci\u00f3n secundaria en el extranjero, centr\u00e1ndonos en nuestro compromiso de ofrecer programas de estudios en el extranjero excepcionales para estudiantes de secundaria.  <\/p>\n<h2>El panorama de la educaci\u00f3n secundaria en el extranjero<\/h2>\n<p>La educaci\u00f3n secundaria en el extranjero se ha vuelto cada vez m\u00e1s popular entre los estudiantes que buscan una perspectiva global y una experiencia acad\u00e9mica completa. La oportunidad de estudiar en el extranjero durante la escuela secundaria no solo ampl\u00eda los horizontes, sino que tambi\u00e9n mejora el crecimiento personal y la comprensi\u00f3n cultural. Anglo Education reconoce la importancia de este viaje educativo y ha creado una gama de programas de estudios en el extranjero dise\u00f1ados para satisfacer las diversas necesidades y aspiraciones de los estudiantes de secundaria.  <\/p>\n<h2>Explorando programas de estudios en el extranjero para estudiantes de secundaria<\/h2>\n<p>Los programas de estudios de secundaria en el extranjero son una puerta de entrada a un mundo de enriquecimiento acad\u00e9mico, inmersi\u00f3n cultural y desarrollo personal. El compromiso de Anglo Education de proporcionar una educaci\u00f3n de alta calidad se extiende a estos programas, garantizando que los estudiantes no solo sobresalgan acad\u00e9micamente, sino que tambi\u00e9n obtengan una comprensi\u00f3n m\u00e1s profunda del mundo que les rodea. Ya sea un semestre o un a\u00f1o acad\u00e9mico completo, las opciones de estudios de secundaria en el extranjero que ofrece Anglo Education est\u00e1n dise\u00f1adas para ofrecer una experiencia hol\u00edstica y enriquecedora.  <\/p>\n<h2>El papel de Anglo Education en la educaci\u00f3n secundaria en el extranjero<\/h2>\n<p>Con una base construida sobre m\u00e1s de dos d\u00e9cadas de experiencia, Anglo Education se ha convertido en un socio de confianza para los estudiantes que navegan por la educaci\u00f3n secundaria en el extranjero. La experiencia de la agencia se extiende m\u00e1s all\u00e1 de los programas de estudios en el extranjero tradicionales, abarcando una comprensi\u00f3n integral de los estudios de secundaria, los estudiantes internacionales y las complejidades de los programas acad\u00e9micos que ofrecen las escuelas de todo el mundo. <\/p>\n<h2>Navegando por las opciones de programas de estudios en el extranjero<\/h2>\n<p>El sitio web de Anglo Education (<a href=\"https:\/\/angloed.com\/es\/\" target=\"_blank\" rel=\"noopener noreferrer nofollow\">https:\/\/angloed.com<\/a>) sirve como un portal a una gran cantidad de informaci\u00f3n sobre programas de estudios en el extranjero, proporcionando informaci\u00f3n sobre diversos destinos, escuelas y ofertas acad\u00e9micas. Los futuros estudiantes de secundaria pueden explorar la amplia gama de programas disponibles, cada uno de ellos adaptado para ofrecer una experiencia \u00fanica de estudios en el extranjero. Desde Espa\u00f1a hasta otros rincones del mundo, Anglo Education abre las puertas a diversos paisajes educativos.  <\/p>\n<h2>T\u00edtulos de educaci\u00f3n secundaria y m\u00e1s all\u00e1<\/h2>\n<p>Un t\u00edtulo de educaci\u00f3n secundaria que se adquiere a trav\u00e9s de programas de estudios en el extranjero sienta las bases para futuros estudios acad\u00e9micos. El compromiso de Anglo Education con la excelencia garantiza que los estudiantes no solo se grad\u00faen de la escuela secundaria con una perspectiva global, sino que tambi\u00e9n posean la base para obtener t\u00edtulos de educaci\u00f3n secundaria, ya sea en ciencias aplicadas u otros campos. La orientaci\u00f3n de la agencia se extiende m\u00e1s all\u00e1 de la escuela secundaria, sentando las bases para un viaje acad\u00e9mico exitoso.  <\/p>\n<h2>Estudiantes internacionales e integraci\u00f3n cultural<\/h2>\n<p>La afluencia de estudiantes internacionales en los programas de estudios de secundaria en el extranjero fomenta la diversidad cultural y la comprensi\u00f3n. El compromiso de Anglo Education de crear un entorno de apoyo garantiza que los estudiantes extranjeros se integren perfectamente en sus escuelas y comunidades de acogida. Esta inmersi\u00f3n cultural mejora la experiencia general de estudios en el extranjero, contribuyendo a una educaci\u00f3n completa que va m\u00e1s all\u00e1 de los libros de texto.  <\/p>\n<h2>Programas para estudiantes de secundaria<\/h2>\n<p>Los programas de secundaria de Anglo Education van m\u00e1s all\u00e1 del entorno tradicional del aula. Estos programas animan a los estudiantes a participar activamente en sus comunidades de acogida, a participar en actividades extracurriculares y a desarrollar el dominio del idioma. Los programas fomentan un sentido de independencia y resiliencia, preparando a los estudiantes de secundaria para los retos y las oportunidades que les esperan en su trayectoria acad\u00e9mica.  <\/p>\n<h2>Experiencia en el extranjero y crecimiento personal<\/h2>\n<p>La experiencia de estudios de secundaria en el extranjero con Anglo Education no se trata solo de lo acad\u00e9mico; es un viaje hol\u00edstico que fomenta el crecimiento personal. Vivir y estudiar en un pa\u00eds extranjero desaf\u00eda a los estudiantes a salir de su zona de confort, desarrollar la resiliencia y adaptarse a nuevos entornos. Estas experiencias contribuyen a un programa educativo completo que se extiende m\u00e1s all\u00e1 del a\u00f1o acad\u00e9mico, transformando a las personas en ciudadanos globales.  <\/p>\n<h2>Navegando por el programa de educaci\u00f3n secundaria<\/h2>\n<p>El programa de educaci\u00f3n secundaria de Anglo Education va m\u00e1s all\u00e1 de lo convencional, ofreciendo una combinaci\u00f3n de rigor acad\u00e9mico y aprendizaje experiencial. Los estudiantes matriculados en un programa como este pueden beneficiarse de un plan de estudios que no solo cumple con los est\u00e1ndares internacionales, sino que tambi\u00e9n integra componentes culturales \u00fanicos. El resultado es un programa educativo que prepara a los estudiantes de secundaria para el mundo globalizado en el que se desenvolver\u00e1n en sus futuros estudios acad\u00e9micos y profesionales.  <\/p>\n<h2>Estudiantes universitarios<\/h2>\n<p>Para los estudiantes de escuelas privadas que buscan orientaci\u00f3n y apoyo para navegar por su trayectoria acad\u00e9mica, Anglo Education Services ofrece una gama de valiosos servicios. Con m\u00e1s de dos d\u00e9cadas de experiencia, Anglo Education se ha convertido en un aliado de confianza para los estudiantes que desean mejorar su educaci\u00f3n, explorar nuevas oportunidades y trazar un camino exitoso hacia sus objetivos acad\u00e9micos y profesionales. La experiencia de la agencia abarca varios aspectos de la educaci\u00f3n, incluida la asistencia con la selecci\u00f3n de escuelas y los procesos de solicitud. El compromiso de Anglo Education va m\u00e1s all\u00e1 del mero apoyo a la admisi\u00f3n; la agencia sirve como un defensor continuo de los estudiantes a lo largo de su experiencia escolar, abordando cualquier preocupaci\u00f3n o desaf\u00edo que pueda surgir. Ya sea explorando programas de estudios en el extranjero o embarc\u00e1ndose en un viaje acad\u00e9mico satisfactorio.    <\/p>\n<h2>Simplificando el proceso de solicitud<\/h2>\n<p>Solicitar un programa de estudios de secundaria en el extranjero puede ser una tarea desalentadora, pero Anglo Education simplifica el proceso. La agencia gu\u00eda a los estudiantes a trav\u00e9s de cada paso, desde los formularios de solicitud hasta la preparaci\u00f3n de entrevistas y los requisitos de las pruebas. Al ayudar a los estudiantes a recopilar todos los documentos necesarios, Anglo Education se asegura de que las solicitudes se presenten de forma precisa y a tiempo, aliviando el estr\u00e9s asociado al proceso de solicitud.  <\/p>\n<h2>Educaci\u00f3n cultural y apoyo ling\u00fc\u00edstico<\/h2>\n<p>Navegar por las barreras ling\u00fc\u00edsticas y culturales es una parte integral de la experiencia de estudios en el extranjero. Anglo Education proporciona orientaci\u00f3n sobre los requisitos de dominio del idioma y ofrece programas de orientaci\u00f3n cultural, facilitando la transici\u00f3n a un nuevo entorno educativo. El apoyo de la agencia acelera el proceso de adaptaci\u00f3n, ayudando a los estudiantes de secundaria a sentirse c\u00f3modos y seguros en su nuevo entorno.  <\/p>\n<h2>Agencia educativa que ofrece tranquilidad<\/h2>\n<p>Uno de los beneficios m\u00e1s destacados de elegir un programa de Anglo Education es la tranquilidad que aporta a los estudiantes y a sus familias. Con profesionales experimentados que se encargan de los aspectos complejos de la selecci\u00f3n de la escuela y el proceso de solicitud, los estudiantes y los padres pueden centrarse en sus objetivos educativos sin el estr\u00e9s y la ansiedad que a menudo acompa\u00f1an a tales decisiones. El compromiso de Anglo Education de proporcionar una experiencia de estudios de secundaria en el extranjero en el Reino Unido fluida y enriquecedora, para garantizar que los estudiantes puedan abrazar plenamente el viaje transformador que les espera.  <\/p>\n<p>&nbsp;<\/p>\n<p style=\"text-align: center;\"><a href=\"https:\/\/angloed.com\/es\/contacte-con-nosotros-y-presente-su-solicitud\/\"><button class=\"button button1\">Cont\u00e1ctenos<\/button><\/a><\/p>\n<p>&nbsp;<\/p>\n","protected":false},"excerpt":{"rendered":"<p>Embarcarse en un viaje de educaci\u00f3n secundaria en el extranjero es una experiencia transformadora que abre las puertas a nuevas culturas, perspectivas y oportunidades acad\u00e9micas. Anglo <a href=\"https:\/\/angloed.com\/es\/navegando-por-la-educacion-secundaria-en-el-extranjero-con-anglo-education-services\/\"> [&#8230;]<\/a><\/p>\n","protected":false},"author":4,"featured_media":0,"parent":0,"menu_order":0,"comment_status":"closed","ping_status":"closed","template":"","meta":{"_monsterinsights_skip_tracking":false,"_monsterinsights_sitenote_active":false,"_monsterinsights_sitenote_note":"","_monsterinsights_sitenote_category":0,"iawp_total_views":2,"footnotes":""},"class_list":["post-3315","page","type-page","status-publish","hentry"],"yoast_head":"<!-- This site is optimized with the Yoast SEO plugin v27.4 - https:\/\/yoast.com\/product\/yoast-seo-wordpress\/ -->\n<title>Educaci\u00f3n secundaria en el extranjero - Anglo Education<\/title>\n<meta name=\"description\" content=\"La educaci\u00f3n secundaria en el extranjero es una experiencia transformadora que abre las puertas a nuevas culturas, perspectivas y oportunidades acad\u00e9micas\" \/>\n<meta name=\"robots\" content=\"index, follow, max-snippet:-1, max-image-preview:large, max-video-preview:-1\" \/>\n<link rel=\"canonical\" href=\"https:\/\/angloed.com\/es\/navegando-por-la-educacion-secundaria-en-el-extranjero-con-anglo-education-services\/\" \/>\n<meta property=\"og:locale\" content=\"es_ES\" \/>\n<meta property=\"og:type\" content=\"article\" \/>\n<meta property=\"og:title\" content=\"Educaci\u00f3n secundaria en el extranjero - Anglo Education\" \/>\n<meta property=\"og:description\" content=\"La educaci\u00f3n secundaria en el extranjero es una experiencia transformadora que abre las puertas a nuevas culturas, perspectivas y oportunidades acad\u00e9micas\" \/>\n<meta property=\"og:url\" content=\"https:\/\/angloed.com\/es\/navegando-por-la-educacion-secundaria-en-el-extranjero-con-anglo-education-services\/\" \/>\n<meta property=\"og:site_name\" content=\"Anglo Education\" \/>\n<meta property=\"article:publisher\" content=\"https:\/\/www.facebook.com\/AngloEducation\/\" \/>\n<meta property=\"article:modified_time\" content=\"2025-12-14T02:22:15+00:00\" \/>\n<meta name=\"twitter:card\" content=\"summary_large_image\" \/>\n<meta name=\"twitter:label1\" content=\"Tiempo de lectura\" \/>\n\t<meta name=\"twitter:data1\" content=\"7 minutos\" \/>\n<script type=\"application\/ld+json\" class=\"yoast-schema-graph\">{\"@context\":\"https:\\\/\\\/schema.org\",\"@graph\":[{\"@type\":\"WebPage\",\"@id\":\"https:\\\/\\\/angloed.com\\\/es\\\/navegando-por-la-educacion-secundaria-en-el-extranjero-con-anglo-education-services\\\/\",\"url\":\"https:\\\/\\\/angloed.com\\\/es\\\/navegando-por-la-educacion-secundaria-en-el-extranjero-con-anglo-education-services\\\/\",\"name\":\"Educaci\u00f3n secundaria en el extranjero - Anglo Education\",\"isPartOf\":{\"@id\":\"https:\\\/\\\/angloed.com\\\/es\\\/#website\"},\"datePublished\":\"2024-01-23T03:41:13+00:00\",\"dateModified\":\"2025-12-14T02:22:15+00:00\",\"description\":\"La educaci\u00f3n secundaria en el extranjero es una experiencia transformadora que abre las puertas a nuevas culturas, perspectivas y oportunidades acad\u00e9micas\",\"breadcrumb\":{\"@id\":\"https:\\\/\\\/angloed.com\\\/es\\\/navegando-por-la-educacion-secundaria-en-el-extranjero-con-anglo-education-services\\\/#breadcrumb\"},\"inLanguage\":\"es\",\"potentialAction\":[{\"@type\":\"ReadAction\",\"target\":[\"https:\\\/\\\/angloed.com\\\/es\\\/navegando-por-la-educacion-secundaria-en-el-extranjero-con-anglo-education-services\\\/\"]}]},{\"@type\":\"BreadcrumbList\",\"@id\":\"https:\\\/\\\/angloed.com\\\/es\\\/navegando-por-la-educacion-secundaria-en-el-extranjero-con-anglo-education-services\\\/#breadcrumb\",\"itemListElement\":[{\"@type\":\"ListItem\",\"position\":1,\"name\":\"Inicio\",\"item\":\"https:\\\/\\\/angloed.com\\\/es\\\/\"},{\"@type\":\"ListItem\",\"position\":2,\"name\":\"Orientaci\u00f3n sobre la educaci\u00f3n secundaria en el Reino Unido con Anglo Education Services\"}]},{\"@type\":\"WebSite\",\"@id\":\"https:\\\/\\\/angloed.com\\\/es\\\/#website\",\"url\":\"https:\\\/\\\/angloed.com\\\/es\\\/\",\"name\":\"Anglo Education Services\",\"description\":\"A Path to English Education\",\"publisher\":{\"@id\":\"https:\\\/\\\/angloed.com\\\/es\\\/#organization\"},\"potentialAction\":[{\"@type\":\"SearchAction\",\"target\":{\"@type\":\"EntryPoint\",\"urlTemplate\":\"https:\\\/\\\/angloed.com\\\/es\\\/?s={search_term_string}\"},\"query-input\":{\"@type\":\"PropertyValueSpecification\",\"valueRequired\":true,\"valueName\":\"search_term_string\"}}],\"inLanguage\":\"es\"},{\"@type\":\"Organization\",\"@id\":\"https:\\\/\\\/angloed.com\\\/es\\\/#organization\",\"name\":\"Anglo Education\",\"url\":\"https:\\\/\\\/angloed.com\\\/es\\\/\",\"logo\":{\"@type\":\"ImageObject\",\"inLanguage\":\"es\",\"@id\":\"https:\\\/\\\/angloed.com\\\/es\\\/#\\\/schema\\\/logo\\\/image\\\/\",\"url\":\"https:\\\/\\\/angloed.com\\\/wp-content\\\/uploads\\\/2022\\\/01\\\/Anglo-Education-Logo-2021-2-2.png\",\"contentUrl\":\"https:\\\/\\\/angloed.com\\\/wp-content\\\/uploads\\\/2022\\\/01\\\/Anglo-Education-Logo-2021-2-2.png\",\"width\":1063,\"height\":1063,\"caption\":\"Anglo Education\"},\"image\":{\"@id\":\"https:\\\/\\\/angloed.com\\\/es\\\/#\\\/schema\\\/logo\\\/image\\\/\"},\"sameAs\":[\"https:\\\/\\\/www.facebook.com\\\/AngloEducation\\\/\"]}]}<\/script>\n<!-- \/ Yoast SEO plugin. -->","yoast_head_json":{"title":"Educaci\u00f3n secundaria en el extranjero - Anglo Education","description":"La educaci\u00f3n secundaria en el extranjero es una experiencia transformadora que abre las puertas a nuevas culturas, perspectivas y oportunidades acad\u00e9micas","robots":{"index":"index","follow":"follow","max-snippet":"max-snippet:-1","max-image-preview":"max-image-preview:large","max-video-preview":"max-video-preview:-1"},"canonical":"https:\/\/angloed.com\/es\/navegando-por-la-educacion-secundaria-en-el-extranjero-con-anglo-education-services\/","og_locale":"es_ES","og_type":"article","og_title":"Educaci\u00f3n secundaria en el extranjero - Anglo Education","og_description":"La educaci\u00f3n secundaria en el extranjero es una experiencia transformadora que abre las puertas a nuevas culturas, perspectivas y oportunidades acad\u00e9micas","og_url":"https:\/\/angloed.com\/es\/navegando-por-la-educacion-secundaria-en-el-extranjero-con-anglo-education-services\/","og_site_name":"Anglo Education","article_publisher":"https:\/\/www.facebook.com\/AngloEducation\/","article_modified_time":"2025-12-14T02:22:15+00:00","twitter_card":"summary_large_image","twitter_misc":{"Tiempo de lectura":"7 minutos"},"schema":{"@context":"https:\/\/schema.org","@graph":[{"@type":"WebPage","@id":"https:\/\/angloed.com\/es\/navegando-por-la-educacion-secundaria-en-el-extranjero-con-anglo-education-services\/","url":"https:\/\/angloed.com\/es\/navegando-por-la-educacion-secundaria-en-el-extranjero-con-anglo-education-services\/","name":"Educaci\u00f3n secundaria en el extranjero - Anglo Education","isPartOf":{"@id":"https:\/\/angloed.com\/es\/#website"},"datePublished":"2024-01-23T03:41:13+00:00","dateModified":"2025-12-14T02:22:15+00:00","description":"La educaci\u00f3n secundaria en el extranjero es una experiencia transformadora que abre las puertas a nuevas culturas, perspectivas y oportunidades acad\u00e9micas","breadcrumb":{"@id":"https:\/\/angloed.com\/es\/navegando-por-la-educacion-secundaria-en-el-extranjero-con-anglo-education-services\/#breadcrumb"},"inLanguage":"es","potentialAction":[{"@type":"ReadAction","target":["https:\/\/angloed.com\/es\/navegando-por-la-educacion-secundaria-en-el-extranjero-con-anglo-education-services\/"]}]},{"@type":"BreadcrumbList","@id":"https:\/\/angloed.com\/es\/navegando-por-la-educacion-secundaria-en-el-extranjero-con-anglo-education-services\/#breadcrumb","itemListElement":[{"@type":"ListItem","position":1,"name":"Inicio","item":"https:\/\/angloed.com\/es\/"},{"@type":"ListItem","position":2,"name":"Orientaci\u00f3n sobre la educaci\u00f3n secundaria en el Reino Unido con Anglo Education Services"}]},{"@type":"WebSite","@id":"https:\/\/angloed.com\/es\/#website","url":"https:\/\/angloed.com\/es\/","name":"Anglo Education Services","description":"A Path to English Education","publisher":{"@id":"https:\/\/angloed.com\/es\/#organization"},"potentialAction":[{"@type":"SearchAction","target":{"@type":"EntryPoint","urlTemplate":"https:\/\/angloed.com\/es\/?s={search_term_string}"},"query-input":{"@type":"PropertyValueSpecification","valueRequired":true,"valueName":"search_term_string"}}],"inLanguage":"es"},{"@type":"Organization","@id":"https:\/\/angloed.com\/es\/#organization","name":"Anglo Education","url":"https:\/\/angloed.com\/es\/","logo":{"@type":"ImageObject","inLanguage":"es","@id":"https:\/\/angloed.com\/es\/#\/schema\/logo\/image\/","url":"https:\/\/angloed.com\/wp-content\/uploads\/2022\/01\/Anglo-Education-Logo-2021-2-2.png","contentUrl":"https:\/\/angloed.com\/wp-content\/uploads\/2022\/01\/Anglo-Education-Logo-2021-2-2.png","width":1063,"height":1063,"caption":"Anglo Education"},"image":{"@id":"https:\/\/angloed.com\/es\/#\/schema\/logo\/image\/"},"sameAs":["https:\/\/www.facebook.com\/AngloEducation\/"]}]}},"_links":{"self":[{"href":"https:\/\/angloed.com\/es\/wp-json\/wp\/v2\/pages\/3315","targetHints":{"allow":["GET"]}}],"collection":[{"href":"https:\/\/angloed.com\/es\/wp-json\/wp\/v2\/pages"}],"about":[{"href":"https:\/\/angloed.com\/es\/wp-json\/wp\/v2\/types\/page"}],"author":[{"embeddable":true,"href":"https:\/\/angloed.com\/es\/wp-json\/wp\/v2\/users\/4"}],"replies":[{"embeddable":true,"href":"https:\/\/angloed.com\/es\/wp-json\/wp\/v2\/comments?post=3315"}],"version-history":[{"count":6,"href":"https:\/\/angloed.com\/es\/wp-json\/wp\/v2\/pages\/3315\/revisions"}],"predecessor-version":[{"id":3813,"href":"https:\/\/angloed.com\/es\/wp-json\/wp\/v2\/pages\/3315\/revisions\/3813"}],"wp:attachment":[{"href":"https:\/\/angloed.com\/es\/wp-json\/wp\/v2\/media?parent=3315"}],"curies":[{"name":"wp","href":"https:\/\/api.w.org\/{rel}","templated":true}]}}